{"id":5731,"date":"2024-02-02T10:11:40","date_gmt":"2024-02-02T10:11:40","guid":{"rendered":"https:\/\/smartal.ee\/?post_type=product&#038;p=5731"},"modified":"2025-07-30T13:20:37","modified_gmt":"2025-07-30T10:20:37","slug":"crc-fps-contact-cleaner-500ml","status":"publish","type":"product","link":"https:\/\/smartal.ee\/ru\/shop\/tookoja-ja-toostuskeemia\/crc-fps-contact-cleaner-500ml\/","title":{"rendered":"CRC FPS Contact Cleaner 500ML"},"content":{"rendered":"<h4 class=\"product-title\">CRC FPS Contact Cleaner 500ML<\/h4>\n<p>CRC 500 ml kontaktpuhastusvahend on t\u00e4ppispuhastusvahend tundlikele elektri-\/elektroonikaseadmetele. See eemaldab kerged saasteained, tolmu, mustuse, kerged \u00f5lid ja s\u00f5rmej\u00e4ljed.<br \/>\nV\u00e4ga tuleohtlik toode, mida ei tohi kasutada pingestatud seadmetel.<\/p>\n<h4><\/h4>","protected":false},"excerpt":{"rendered":"<p>CRC FPS Contact Cleaner 500ML CRC 500 ml kontaktpuhastusvahend on t\u00e4ppispuhastusvahend tundlikele elektri-\/elektroonikaseadmetele. See eemaldab kerged saasteained, tolmu, mustuse, kerged \u00f5lid ja s\u00f5rmej\u00e4ljed. V\u00e4ga tuleohtlik toode, mida ei tohi kasutada pingestatud seadmetel.<\/p>","protected":false},"featured_media":7531,"template":"","meta":{"_regular_price":["19.60"],"currency_symbol":[],"ub_ctt_via":""},"product_brand":[],"product_cat":[132],"product_tag":[],"class_list":{"0":"post-5731","1":"product","2":"type-product","3":"status-publish","4":"has-post-thumbnail","6":"product_cat-tookoja-ja-toostuskeemia","8":"first","9":"instock","10":"taxable","11":"shipping-taxable","12":"purchasable","13":"product-type-simple"},"post_slider_layout_featured_media_urls":{"thumbnail":["https:\/\/smartal.ee\/wp-content\/uploads\/2024\/02\/CRC-12101-30217186-01-150x150.jpg",150,150,true],"post_slider_layout_landscape_large":["https:\/\/smartal.ee\/wp-content\/uploads\/2024\/02\/CRC-12101-30217186-01.jpg",1020,570,false],"post_slider_layout_portrait_large":["https:\/\/smartal.ee\/wp-content\/uploads\/2024\/02\/CRC-12101-30217186-01.jpg",1020,570,false],"post_slider_layout_square_large":["https:\/\/smartal.ee\/wp-content\/uploads\/2024\/02\/CRC-12101-30217186-01.jpg",1020,570,false],"post_slider_layout_landscape":["https:\/\/smartal.ee\/wp-content\/uploads\/2024\/02\/CRC-12101-30217186-01.jpg",600,335,false],"post_slider_layout_portrait":["https:\/\/smartal.ee\/wp-content\/uploads\/2024\/02\/CRC-12101-30217186-01.jpg",600,335,false],"post_slider_layout_square":["https:\/\/smartal.ee\/wp-content\/uploads\/2024\/02\/CRC-12101-30217186-01.jpg",600,335,false],"full":["https:\/\/smartal.ee\/wp-content\/uploads\/2024\/02\/CRC-12101-30217186-01.jpg",1020,570,false]},"_links":{"self":[{"href":"https:\/\/smartal.ee\/ru\/wp-json\/wp\/v2\/product\/5731","targetHints":{"allow":["GET"]}}],"collection":[{"href":"https:\/\/smartal.ee\/ru\/wp-json\/wp\/v2\/product"}],"about":[{"href":"https:\/\/smartal.ee\/ru\/wp-json\/wp\/v2\/types\/product"}],"wp:featuredmedia":[{"embeddable":true,"href":"https:\/\/smartal.ee\/ru\/wp-json\/wp\/v2\/media\/7531"}],"wp:attachment":[{"href":"https:\/\/smartal.ee\/ru\/wp-json\/wp\/v2\/media?parent=5731"}],"wp:term":[{"taxonomy":"product_brand","embeddable":true,"href":"https:\/\/smartal.ee\/ru\/wp-json\/wp\/v2\/product_brand?post=5731"},{"taxonomy":"product_cat","embeddable":true,"href":"https:\/\/smartal.ee\/ru\/wp-json\/wp\/v2\/product_cat?post=5731"},{"taxonomy":"product_tag","embeddable":true,"href":"https:\/\/smartal.ee\/ru\/wp-json\/wp\/v2\/product_tag?post=5731"}],"curies":[{"name":"wp","href":"https:\/\/api.w.org\/{rel}","templated":true}]}}