{"id":5764,"date":"2024-02-02T13:58:33","date_gmt":"2024-02-02T13:58:33","guid":{"rendered":"https:\/\/smartal.ee\/?post_type=product&#038;p=5764"},"modified":"2026-01-15T16:12:40","modified_gmt":"2026-01-15T13:12:40","slug":"idec-poordluliti-votmega-yw1k-3ae20","status":"publish","type":"product","link":"https:\/\/smartal.ee\/ru\/shop\/uncategorized\/nuppud-ja-lulitid\/idec-nuppud-lulitid\/idec-poordluliti-votmega-yw1k-3ae20\/","title":{"rendered":"IDEC P\u00f6\u00f6rdl\u00fcliti v\u00f5tmega YW1K-3AE20"},"content":{"rendered":"<h4>IDEC P\u00f6\u00f6rdl\u00fcliti v\u00f5tmega, kahepositsiooniline, fikseeruv, 1 x NO Plastkorpus<\/h4>","protected":false},"excerpt":{"rendered":"<p>IDEC P\u00f6\u00f6rdl\u00fcliti v\u00f5tmega, kahepositsiooniline, fikseeruv, 1 x NO Plastkorpus<\/p>","protected":false},"featured_media":5763,"template":"","meta":{"_regular_price":["32.69"],"currency_symbol":[],"ub_ctt_via":""},"product_brand":[],"product_cat":[60],"product_tag":[],"class_list":{"0":"post-5764","1":"product","2":"type-product","3":"status-publish","4":"has-post-thumbnail","6":"product_cat-idec-nuppud-lulitid","8":"first","9":"instock","10":"taxable","11":"shipping-taxable","12":"purchasable","13":"product-type-simple"},"post_slider_layout_featured_media_urls":{"thumbnail":["https:\/\/smartal.ee\/wp-content\/uploads\/2024\/02\/4-150x150.jpg",150,150,true],"post_slider_layout_landscape_large":["https:\/\/smartal.ee\/wp-content\/uploads\/2024\/02\/4.jpg",600,600,false],"post_slider_layout_portrait_large":["https:\/\/smartal.ee\/wp-content\/uploads\/2024\/02\/4.jpg",600,600,false],"post_slider_layout_square_large":["https:\/\/smartal.ee\/wp-content\/uploads\/2024\/02\/4.jpg",600,600,false],"post_slider_layout_landscape":["https:\/\/smartal.ee\/wp-content\/uploads\/2024\/02\/4-600x400.jpg",600,400,true],"post_slider_layout_portrait":["https:\/\/smartal.ee\/wp-content\/uploads\/2024\/02\/4.jpg",600,600,false],"post_slider_layout_square":["https:\/\/smartal.ee\/wp-content\/uploads\/2024\/02\/4.jpg",600,600,false],"full":["https:\/\/smartal.ee\/wp-content\/uploads\/2024\/02\/4.jpg",600,600,false]},"_links":{"self":[{"href":"https:\/\/smartal.ee\/ru\/wp-json\/wp\/v2\/product\/5764","targetHints":{"allow":["GET"]}}],"collection":[{"href":"https:\/\/smartal.ee\/ru\/wp-json\/wp\/v2\/product"}],"about":[{"href":"https:\/\/smartal.ee\/ru\/wp-json\/wp\/v2\/types\/product"}],"wp:featuredmedia":[{"embeddable":true,"href":"https:\/\/smartal.ee\/ru\/wp-json\/wp\/v2\/media\/5763"}],"wp:attachment":[{"href":"https:\/\/smartal.ee\/ru\/wp-json\/wp\/v2\/media?parent=5764"}],"wp:term":[{"taxonomy":"product_brand","embeddable":true,"href":"https:\/\/smartal.ee\/ru\/wp-json\/wp\/v2\/product_brand?post=5764"},{"taxonomy":"product_cat","embeddable":true,"href":"https:\/\/smartal.ee\/ru\/wp-json\/wp\/v2\/product_cat?post=5764"},{"taxonomy":"product_tag","embeddable":true,"href":"https:\/\/smartal.ee\/ru\/wp-json\/wp\/v2\/product_tag?post=5764"}],"curies":[{"name":"wp","href":"https:\/\/api.w.org\/{rel}","templated":true}]}}