{"id":5774,"date":"2024-02-05T20:25:06","date_gmt":"2024-02-05T20:25:06","guid":{"rendered":"https:\/\/smartal.ee\/?post_type=product&#038;p=5774"},"modified":"2025-07-13T16:11:17","modified_gmt":"2025-07-13T13:11:17","slug":"cejn-kiirliitmik-1-2-320-esafe-103202155","status":"publish","type":"product","link":"https:\/\/smartal.ee\/ru\/shop\/toostustehnika\/cejn\/cejn-kiirliitmik-1-2-320-esafe-103202155\/","title":{"rendered":"CEJN Kiirliitmik 1\/2&#8243; 320 eSafe 103202155"},"content":{"rendered":"<h4>CEJN Kiirliitmik 1\/2&#8243; 320 eSafe<\/h4>\n<p>eSafe Seeria 320 kiirliitmik on lihtsalt k\u00e4sitsetav ja k\u00f5rge j\u00f5udlusega liitmik, millel on pikk t\u00f6\u00f6iga. eSafe on \u00fche k\u00e4ega juhitav turvaliitmik, mis ventileerib enne lahti\u00fchendamist, v\u00e4ltides vooliku l\u00f6\u00f6gi ohtu. Liitmikel ja niplitel on mehaanilised keermehermeetikud eelnevalt peal. V\u00f5rreldes teiste disainidega on liitmikel v\u00e4iksem v\u00e4lism\u00f5\u00f5t. T\u00e4isautomaatne t\u00f6\u00f6 tagab lihtsa k\u00e4sitsemise. eSafe vastab ISO standardile 4414<\/p>\n<h4>103202155<\/h4>","protected":false},"excerpt":{"rendered":"<p>CEJN Kiirliitmik 1\/2&#8243; 320 eSafe eSafe Seeria 320 kiirliitmik on lihtsalt k\u00e4sitsetav ja k\u00f5rge j\u00f5udlusega liitmik, millel on pikk t\u00f6\u00f6iga. eSafe on \u00fche k\u00e4ega juhitav turvaliitmik, mis ventileerib enne lahti\u00fchendamist, v\u00e4ltides vooliku l\u00f6\u00f6gi ohtu. Liitmikel ja niplitel on mehaanilised keermehermeetikud eelnevalt peal. V\u00f5rreldes teiste disainidega on liitmikel v\u00e4iksem v\u00e4lism\u00f5\u00f5t. T\u00e4isautomaatne t\u00f6\u00f6 tagab lihtsa k\u00e4sitsemise. eSafe [&hellip;]<\/p>","protected":false},"featured_media":5775,"template":"","meta":{"_regular_price":["26.25"],"currency_symbol":[],"ub_ctt_via":""},"product_brand":[],"product_cat":[128],"product_tag":[],"class_list":{"0":"post-5774","1":"product","2":"type-product","3":"status-publish","4":"has-post-thumbnail","6":"product_cat-cejn","8":"first","9":"onbackorder","10":"taxable","11":"shipping-taxable","12":"purchasable","13":"product-type-simple"},"post_slider_layout_featured_media_urls":{"thumbnail":["https:\/\/smartal.ee\/wp-content\/uploads\/2024\/02\/10380019220_1_600-e1707212347818-150x95.jpeg",150,95,true],"post_slider_layout_landscape_large":["https:\/\/smartal.ee\/wp-content\/uploads\/2024\/02\/10380019220_1_600-e1707212347818.jpeg",250,95,false],"post_slider_layout_portrait_large":["https:\/\/smartal.ee\/wp-content\/uploads\/2024\/02\/10380019220_1_600-e1707212347818.jpeg",250,95,false],"post_slider_layout_square_large":["https:\/\/smartal.ee\/wp-content\/uploads\/2024\/02\/10380019220_1_600-e1707212347818.jpeg",250,95,false],"post_slider_layout_landscape":["https:\/\/smartal.ee\/wp-content\/uploads\/2024\/02\/10380019220_1_600-228x400.jpeg",228,400,true],"post_slider_layout_portrait":["https:\/\/smartal.ee\/wp-content\/uploads\/2024\/02\/10380019220_1_600-e1707212347818.jpeg",250,95,false],"post_slider_layout_square":["https:\/\/smartal.ee\/wp-content\/uploads\/2024\/02\/10380019220_1_600-e1707212347818.jpeg",250,95,false],"full":["https:\/\/smartal.ee\/wp-content\/uploads\/2024\/02\/10380019220_1_600-e1707212347818.jpeg",250,95,false]},"_links":{"self":[{"href":"https:\/\/smartal.ee\/ru\/wp-json\/wp\/v2\/product\/5774","targetHints":{"allow":["GET"]}}],"collection":[{"href":"https:\/\/smartal.ee\/ru\/wp-json\/wp\/v2\/product"}],"about":[{"href":"https:\/\/smartal.ee\/ru\/wp-json\/wp\/v2\/types\/product"}],"wp:featuredmedia":[{"embeddable":true,"href":"https:\/\/smartal.ee\/ru\/wp-json\/wp\/v2\/media\/5775"}],"wp:attachment":[{"href":"https:\/\/smartal.ee\/ru\/wp-json\/wp\/v2\/media?parent=5774"}],"wp:term":[{"taxonomy":"product_brand","embeddable":true,"href":"https:\/\/smartal.ee\/ru\/wp-json\/wp\/v2\/product_brand?post=5774"},{"taxonomy":"product_cat","embeddable":true,"href":"https:\/\/smartal.ee\/ru\/wp-json\/wp\/v2\/product_cat?post=5774"},{"taxonomy":"product_tag","embeddable":true,"href":"https:\/\/smartal.ee\/ru\/wp-json\/wp\/v2\/product_tag?post=5774"}],"curies":[{"name":"wp","href":"https:\/\/api.w.org\/{rel}","templated":true}]}}