{"id":5910,"date":"2024-02-22T12:02:06","date_gmt":"2024-02-22T12:02:06","guid":{"rendered":"https:\/\/smartal.ee\/?post_type=product&#038;p=5910"},"modified":"2025-06-18T17:24:16","modified_gmt":"2025-06-18T14:24:16","slug":"abb-vfi-online-ups-1-8kw-240v-4x-iec-60320-c14","status":"publish","type":"product","link":"https:\/\/smartal.ee\/ru\/shop\/ups-seadmed-ja-trafod\/abb-vfi-online-ups-1-8kw-240v-4x-iec-60320-c14\/","title":{"rendered":"ABB VFI ONLINE UPS 1.8kW, 240V, 4x IEC 60320 C14"},"content":{"rendered":"<h4 class=\"page-title\"><span class=\"base\" data-ui-id=\"page-title-wrapper\">VFI ONLINE UPS, <\/span>1.8kW, 240V, 4x IEC 60320 C14<\/h4>\n<p class=\"page-title\"><span class=\"base\" data-ui-id=\"page-title-wrapper\">Primaarpinge: 220 &#8211; 240 V<br \/>\nPrimaarsagedus: 50 &#8211; 60 Hz<br \/>\nPrimaarfaaside arv: 1<br \/>\nSekundaarpinge: 208 &#8211; 240 V<br \/>\nSekundaarsagedus: 50 &#8211; 60 Hz<br \/>\nV\u00e4ljundi aktiivv\u00f5imsus: 1,8kw<br \/>\nLiidese liik: RS-232<br \/>\nSekundaarfaaside arv: 1<br \/>\nPinge liik: AC<br \/>\nK\u00f5rgus: 327 mm<br \/>\nLaius: 190 mm<\/span><\/p>\n<p class=\"page-title\">S\u00fcgavus: 399 mm<br \/>\nSiirdeaeg t\u00e4iskoormusel: 5 min<br \/>\nMass \/ kaal: 9.3 kg<br \/>\nUSV- tehnoloogia: Online<br \/>\nEhitusviis: Autonoomne mudel<br \/>\nV\u00e4ljundpinge suurim h\u00e4iring (lineaarkoormus): 5 %<br \/>\nV\u00e4ljundi v\u00f5imsustegur: 0.9<br \/>\n\u00dcldine kasutegur: 91 %<br \/>\nKasutegur \u00f6ko-mooduses: 97.5 %<br \/>\nSisendi \u00fchendus: C14<br \/>\nFikseeritud v\u00e4ljund\u00fchenduste arv: 4<br \/>\nV\u00e4ljund\u00fchenduste C13 arv: 4<\/p>","protected":false},"excerpt":{"rendered":"<p>VFI ONLINE UPS, 1.8kW, 240V, 4x IEC 60320 C14 Primaarpinge: 220 &#8211; 240 V Primaarsagedus: 50 &#8211; 60 Hz Primaarfaaside arv: 1 Sekundaarpinge: 208 &#8211; 240 V Sekundaarsagedus: 50 &#8211; 60 Hz V\u00e4ljundi aktiivv\u00f5imsus: 1,8kw Liidese liik: RS-232 Sekundaarfaaside arv: 1 Pinge liik: AC K\u00f5rgus: 327 mm Laius: 190 mm S\u00fcgavus: 399 mm Siirdeaeg t\u00e4iskoormusel: [&hellip;]<\/p>","protected":false},"featured_media":5907,"template":"","meta":{"_regular_price":["1057.05"],"currency_symbol":[],"ub_ctt_via":""},"product_brand":[],"product_cat":[135],"product_tag":[],"class_list":{"0":"post-5910","1":"product","2":"type-product","3":"status-publish","4":"has-post-thumbnail","6":"product_cat-ups-seadmed-ja-trafod","8":"first","9":"onbackorder","10":"taxable","11":"shipping-taxable","12":"purchasable","13":"product-type-simple"},"post_slider_layout_featured_media_urls":{"thumbnail":["https:\/\/smartal.ee\/wp-content\/uploads\/2024\/02\/pim-171920-150x150.jpg",150,150,true],"post_slider_layout_landscape_large":["https:\/\/smartal.ee\/wp-content\/uploads\/2024\/02\/pim-171920.jpg",720,480,false],"post_slider_layout_portrait_large":["https:\/\/smartal.ee\/wp-content\/uploads\/2024\/02\/pim-171920.jpg",720,480,false],"post_slider_layout_square_large":["https:\/\/smartal.ee\/wp-content\/uploads\/2024\/02\/pim-171920.jpg",720,480,false],"post_slider_layout_landscape":["https:\/\/smartal.ee\/wp-content\/uploads\/2024\/02\/pim-171920-600x400.jpg",600,400,true],"post_slider_layout_portrait":["https:\/\/smartal.ee\/wp-content\/uploads\/2024\/02\/pim-171920-600x480.jpg",600,480,true],"post_slider_layout_square":["https:\/\/smartal.ee\/wp-content\/uploads\/2024\/02\/pim-171920-600x480.jpg",600,480,true],"full":["https:\/\/smartal.ee\/wp-content\/uploads\/2024\/02\/pim-171920.jpg",720,480,false]},"_links":{"self":[{"href":"https:\/\/smartal.ee\/ru\/wp-json\/wp\/v2\/product\/5910","targetHints":{"allow":["GET"]}}],"collection":[{"href":"https:\/\/smartal.ee\/ru\/wp-json\/wp\/v2\/product"}],"about":[{"href":"https:\/\/smartal.ee\/ru\/wp-json\/wp\/v2\/types\/product"}],"wp:featuredmedia":[{"embeddable":true,"href":"https:\/\/smartal.ee\/ru\/wp-json\/wp\/v2\/media\/5907"}],"wp:attachment":[{"href":"https:\/\/smartal.ee\/ru\/wp-json\/wp\/v2\/media?parent=5910"}],"wp:term":[{"taxonomy":"product_brand","embeddable":true,"href":"https:\/\/smartal.ee\/ru\/wp-json\/wp\/v2\/product_brand?post=5910"},{"taxonomy":"product_cat","embeddable":true,"href":"https:\/\/smartal.ee\/ru\/wp-json\/wp\/v2\/product_cat?post=5910"},{"taxonomy":"product_tag","embeddable":true,"href":"https:\/\/smartal.ee\/ru\/wp-json\/wp\/v2\/product_tag?post=5910"}],"curies":[{"name":"wp","href":"https:\/\/api.w.org\/{rel}","templated":true}]}}