{"id":5916,"date":"2024-02-22T12:52:22","date_gmt":"2024-02-22T12:52:22","guid":{"rendered":"https:\/\/smartal.ee\/?post_type=product&#038;p=5916"},"modified":"2025-07-24T10:51:53","modified_gmt":"2025-07-24T07:51:53","slug":"abb-vfi-online-ups-1-2kw-230v-6x-iec-60320-c13","status":"publish","type":"product","link":"https:\/\/smartal.ee\/ru\/shop\/ups-seadmed-ja-trafod\/abb-vfi-online-ups-1-2kw-230v-6x-iec-60320-c13\/","title":{"rendered":"ABB VFI ONLINE UPS 1.2kW, 230V, 6x IEC 60320 C13"},"content":{"rendered":"<h4 class=\"page-title\"><span class=\"base\" data-ui-id=\"page-title-wrapper\">VFI ONLINE UPS, 1.2kW, 230V, 6x IEC 60320 C13<\/span><\/h4>\n<p class=\"page-title\"><span class=\"base\" data-ui-id=\"page-title-wrapper\">Primaarpinge: 220 &#8211; 240 V<br \/>\nPrimaarsagedus: 50 &#8211; 60 Hz<br \/>\nPrimaarfaaside arv: 1<br \/>\nSekundaarpinge: 208 &#8211; 240 V<br \/>\nSekundaarsagedus: 50 &#8211; 60 Hz<br \/>\nV\u00e4ljundi aktiivv\u00f5imsus: 1,2kW<\/span><\/p>\n<p class=\"page-title\"><span class=\"base\" data-ui-id=\"page-title-wrapper\">Liidese liik: RS-232<br \/>\nSekundaarfaaside arv: 1<br \/>\nPinge liik: AC<br \/>\nK\u00f5rgus: 190 mm<br \/>\nLaius: 145 mm<\/span><\/p>\n<p class=\"page-title\">S\u00fcgavus: 335 mm<br \/>\nSiirdeaeg t\u00e4iskoormusel: 5 min<br \/>\nMass \/ kaal: 9.3 kg<br \/>\nUSV- tehnoloogia: Online<br \/>\nEhitusviis: Autonoomne mudel<br \/>\nV\u00e4ljundpinge suurim h\u00e4iring (lineaarkoormus): 5 %<br \/>\nV\u00e4ljundi v\u00f5imsustegur: 0.9<br \/>\n\u00dcldine kasutegur: 95 %<br \/>\nKasutegur \u00f6ko-mooduses: 97.5 %<br \/>\nSisendi \u00fchendus: C13<br \/>\nFikseeritud v\u00e4ljund\u00fchenduste arv: 6<br \/>\nV\u00e4ljund\u00fchenduste C13 arv: 6<\/p>","protected":false},"excerpt":{"rendered":"<p>VFI ONLINE UPS, 1.2kW, 230V, 6x IEC 60320 C13 Primaarpinge: 220 &#8211; 240 V Primaarsagedus: 50 &#8211; 60 Hz Primaarfaaside arv: 1 Sekundaarpinge: 208 &#8211; 240 V Sekundaarsagedus: 50 &#8211; 60 Hz V\u00e4ljundi aktiivv\u00f5imsus: 1,2kW Liidese liik: RS-232 Sekundaarfaaside arv: 1 Pinge liik: AC K\u00f5rgus: 190 mm Laius: 145 mm S\u00fcgavus: 335 mm Siirdeaeg t\u00e4iskoormusel: [&hellip;]<\/p>","protected":false},"featured_media":5917,"template":"","meta":{"_regular_price":["505.69"],"currency_symbol":[],"ub_ctt_via":""},"product_brand":[],"product_cat":[135],"product_tag":[],"class_list":{"0":"post-5916","1":"product","2":"type-product","3":"status-publish","4":"has-post-thumbnail","6":"product_cat-ups-seadmed-ja-trafod","8":"first","9":"onbackorder","10":"taxable","11":"shipping-taxable","12":"purchasable","13":"product-type-simple"},"post_slider_layout_featured_media_urls":{"thumbnail":["https:\/\/smartal.ee\/wp-content\/uploads\/2024\/02\/ABB-4NWP100172R0001-30394816-01-150x150.jpg",150,150,true],"post_slider_layout_landscape_large":["https:\/\/smartal.ee\/wp-content\/uploads\/2024\/02\/ABB-4NWP100172R0001-30394816-01.jpg",1020,570,false],"post_slider_layout_portrait_large":["https:\/\/smartal.ee\/wp-content\/uploads\/2024\/02\/ABB-4NWP100172R0001-30394816-01.jpg",1020,570,false],"post_slider_layout_square_large":["https:\/\/smartal.ee\/wp-content\/uploads\/2024\/02\/ABB-4NWP100172R0001-30394816-01.jpg",1020,570,false],"post_slider_layout_landscape":["https:\/\/smartal.ee\/wp-content\/uploads\/2024\/02\/ABB-4NWP100172R0001-30394816-01-600x400.jpg",600,400,true],"post_slider_layout_portrait":["https:\/\/smartal.ee\/wp-content\/uploads\/2024\/02\/ABB-4NWP100172R0001-30394816-01-600x570.jpg",600,570,true],"post_slider_layout_square":["https:\/\/smartal.ee\/wp-content\/uploads\/2024\/02\/ABB-4NWP100172R0001-30394816-01-600x570.jpg",600,570,true],"full":["https:\/\/smartal.ee\/wp-content\/uploads\/2024\/02\/ABB-4NWP100172R0001-30394816-01.jpg",1020,570,false]},"_links":{"self":[{"href":"https:\/\/smartal.ee\/ru\/wp-json\/wp\/v2\/product\/5916","targetHints":{"allow":["GET"]}}],"collection":[{"href":"https:\/\/smartal.ee\/ru\/wp-json\/wp\/v2\/product"}],"about":[{"href":"https:\/\/smartal.ee\/ru\/wp-json\/wp\/v2\/types\/product"}],"wp:featuredmedia":[{"embeddable":true,"href":"https:\/\/smartal.ee\/ru\/wp-json\/wp\/v2\/media\/5917"}],"wp:attachment":[{"href":"https:\/\/smartal.ee\/ru\/wp-json\/wp\/v2\/media?parent=5916"}],"wp:term":[{"taxonomy":"product_brand","embeddable":true,"href":"https:\/\/smartal.ee\/ru\/wp-json\/wp\/v2\/product_brand?post=5916"},{"taxonomy":"product_cat","embeddable":true,"href":"https:\/\/smartal.ee\/ru\/wp-json\/wp\/v2\/product_cat?post=5916"},{"taxonomy":"product_tag","embeddable":true,"href":"https:\/\/smartal.ee\/ru\/wp-json\/wp\/v2\/product_tag?post=5916"}],"curies":[{"name":"wp","href":"https:\/\/api.w.org\/{rel}","templated":true}]}}