{"id":5947,"date":"2024-02-29T09:59:48","date_gmt":"2024-02-29T09:59:48","guid":{"rendered":"https:\/\/smartal.ee\/?post_type=product&#038;p=5947"},"modified":"2026-02-27T05:59:20","modified_gmt":"2026-02-27T02:59:20","slug":"seade-jalanoude-katmiseks-xt-46c","status":"publish","type":"product","link":"https:\/\/smartal.ee\/ru\/shop\/toostustehnika\/robotid\/seade-jalanoude-katmiseks-xt-46c\/","title":{"rendered":"Seade jalan\u00f5ude katmiseks XT-46C &#8211; Sussi masin\u00a0"},"content":{"rendered":"<h4>Seade jalan\u00f5ude katmiseks XT-46C .<\/h4>\n<h4>T\u00e4iustatud jalatsikatteseadmeid kasutatakse laialt meditsiiniasutustes, spaades, spordiklubides, laborites, tehastes ja muudes kohtades, kus on vaja puhtust. Selle seadme kasutamisel on k\u00f5rge j\u00f5udlus garanteeritud \u2013 ei pea istuma ega kummarduma kingakatteid jalga pannes. Jalatsite katmiseks kasutatakse odavat ja vastupidavat materjali &#8211; PVC-kilet, mis on keskkonnas\u00f5bralik ja taaskasutatav.<\/h4>\n<h4>Kile on odavam, tugevam ja vastupidavam kui traditsioonilised kilesussid. Asendusrullist piisab 500 inimesele ja vahetus v\u00f5tab aega 1 minut. Sobib erineva stiili ja suurusega kingadele.<\/h4>\n<p>Intelligent shoe cover machine XT-46C fully automatic shoe laminating machine home office model room heat shrink shoe film<\/p>\n<p>Mudel: XT-46C<\/p>\n<p>Raam: Plastikust<\/p>\n<p>V\u00e4rvid: bronz\/kuldne<\/p>\n<p>M\u00f5\u00f5tmed:\u00a0780x445x330 mm<\/p>\n<p>K\u00f5rgus maapinnast: 20 mm<\/p>\n<p>Neto kaal: 21 kg<\/p>\n<p>PVC rull: 150 x 225 mm<\/p>\n<p>Lindi s\u00f6\u00f6tmise kestus: 3 s<\/p>\n<p>Moodustamise kestus: 3 s<\/p>\n<p>Teenindusaeg: 300 000 korda<\/p>\n<p>Hinnatud j\u00f5ud: 1300 W<\/p>\n<p>K\u00fcttekiirus: 3 min<\/p>\n<p>Toiteallika pinge: 220 V<\/p>\n<p>Ootere\u017eiimi toide: 75 W<\/p>\n<p>Sagedus: 50 Hz<\/p>\n<p>K\u00f5rgeim temperatuur: 250 \u00b0C<\/p>\n<p>T\u00fc\u00fcp: T\u00e4iustatud<\/p>\n<p>Garantii: 1 aasta<\/p>\n<p>Komplektis: Sussi masin, juhend, toitejuhe ja 1 kilerull<\/p>","protected":false},"excerpt":{"rendered":"<p>Seade jalan\u00f5ude katmiseks XT-46C . T\u00e4iustatud jalatsikatteseadmeid kasutatakse laialt meditsiiniasutustes, spaades, spordiklubides, laborites, tehastes ja muudes kohtades, kus on vaja puhtust. Selle seadme kasutamisel on k\u00f5rge j\u00f5udlus garanteeritud \u2013 ei pea istuma ega kummarduma kingakatteid jalga pannes. Jalatsite katmiseks kasutatakse odavat ja vastupidavat materjali &#8211; PVC-kilet, mis on keskkonnas\u00f5bralik ja taaskasutatav. Kile on odavam, tugevam [&hellip;]<\/p>","protected":false},"featured_media":5948,"template":"","meta":{"_regular_price":["1399.99"],"currency_symbol":[],"ub_ctt_via":""},"product_brand":[],"product_cat":[39],"product_tag":[],"class_list":{"0":"post-5947","1":"product","2":"type-product","3":"status-publish","4":"has-post-thumbnail","6":"product_cat-robotid","8":"first","9":"onbackorder","10":"taxable","11":"shipping-taxable","12":"purchasable","13":"product-type-simple"},"post_slider_layout_featured_media_urls":{"thumbnail":["https:\/\/smartal.ee\/wp-content\/uploads\/2024\/02\/product_quen-150x150.png",150,150,true],"post_slider_layout_landscape_large":["https:\/\/smartal.ee\/wp-content\/uploads\/2024\/02\/product_quen.png",540,430,false],"post_slider_layout_portrait_large":["https:\/\/smartal.ee\/wp-content\/uploads\/2024\/02\/product_quen.png",540,430,false],"post_slider_layout_square_large":["https:\/\/smartal.ee\/wp-content\/uploads\/2024\/02\/product_quen.png",540,430,false],"post_slider_layout_landscape":["https:\/\/smartal.ee\/wp-content\/uploads\/2024\/02\/product_quen-540x400.png",540,400,true],"post_slider_layout_portrait":["https:\/\/smartal.ee\/wp-content\/uploads\/2024\/02\/product_quen.png",540,430,false],"post_slider_layout_square":["https:\/\/smartal.ee\/wp-content\/uploads\/2024\/02\/product_quen.png",540,430,false],"full":["https:\/\/smartal.ee\/wp-content\/uploads\/2024\/02\/product_quen.png",540,430,false]},"_links":{"self":[{"href":"https:\/\/smartal.ee\/ru\/wp-json\/wp\/v2\/product\/5947","targetHints":{"allow":["GET"]}}],"collection":[{"href":"https:\/\/smartal.ee\/ru\/wp-json\/wp\/v2\/product"}],"about":[{"href":"https:\/\/smartal.ee\/ru\/wp-json\/wp\/v2\/types\/product"}],"wp:featuredmedia":[{"embeddable":true,"href":"https:\/\/smartal.ee\/ru\/wp-json\/wp\/v2\/media\/5948"}],"wp:attachment":[{"href":"https:\/\/smartal.ee\/ru\/wp-json\/wp\/v2\/media?parent=5947"}],"wp:term":[{"taxonomy":"product_brand","embeddable":true,"href":"https:\/\/smartal.ee\/ru\/wp-json\/wp\/v2\/product_brand?post=5947"},{"taxonomy":"product_cat","embeddable":true,"href":"https:\/\/smartal.ee\/ru\/wp-json\/wp\/v2\/product_cat?post=5947"},{"taxonomy":"product_tag","embeddable":true,"href":"https:\/\/smartal.ee\/ru\/wp-json\/wp\/v2\/product_tag?post=5947"}],"curies":[{"name":"wp","href":"https:\/\/api.w.org\/{rel}","templated":true}]}}