{"id":6037,"date":"2024-03-08T10:32:26","date_gmt":"2024-03-08T10:32:26","guid":{"rendered":"https:\/\/smartal.ee\/?post_type=product&#038;p=6037"},"modified":"2025-07-22T10:27:38","modified_gmt":"2025-07-22T07:27:38","slug":"ensto-ks-3-25-poordluliti-2mood-3x25a-660v-lukust","status":"publish","type":"product","link":"https:\/\/smartal.ee\/ru\/shop\/elekter\/ensto\/ensto-ks-3-25-poordluliti-2mood-3x25a-660v-lukust\/","title":{"rendered":"ENSTO Peal\u00fcliti KS 3.25, 3x25A, 660V"},"content":{"rendered":"<h4 class=\"h1\">ENSTO KS 3.25 P\u00f6\u00f6rdl\u00fcliti 2mood 3x25A 660V lukust<\/h4>","protected":false},"excerpt":{"rendered":"<p>ENSTO KS 3.25 P\u00f6\u00f6rdl\u00fcliti 2mood 3x25A 660V lukust<\/p>","protected":false},"featured_media":6038,"template":"","meta":{"_regular_price":["20.35"],"currency_symbol":[],"ub_ctt_via":""},"product_brand":[],"product_cat":[139],"product_tag":[],"class_list":{"0":"post-6037","1":"product","2":"type-product","3":"status-publish","4":"has-post-thumbnail","6":"product_cat-ensto","8":"first","9":"instock","10":"taxable","11":"shipping-taxable","12":"purchasable","13":"product-type-simple"},"post_slider_layout_featured_media_urls":{"thumbnail":["https:\/\/smartal.ee\/wp-content\/uploads\/2024\/03\/ks3-koormusluliti-150x150.jpg",150,150,true],"post_slider_layout_landscape_large":["https:\/\/smartal.ee\/wp-content\/uploads\/2024\/03\/ks3-koormusluliti.jpg",540,540,false],"post_slider_layout_portrait_large":["https:\/\/smartal.ee\/wp-content\/uploads\/2024\/03\/ks3-koormusluliti.jpg",540,540,false],"post_slider_layout_square_large":["https:\/\/smartal.ee\/wp-content\/uploads\/2024\/03\/ks3-koormusluliti.jpg",540,540,false],"post_slider_layout_landscape":["https:\/\/smartal.ee\/wp-content\/uploads\/2024\/03\/ks3-koormusluliti-540x400.jpg",540,400,true],"post_slider_layout_portrait":["https:\/\/smartal.ee\/wp-content\/uploads\/2024\/03\/ks3-koormusluliti.jpg",540,540,false],"post_slider_layout_square":["https:\/\/smartal.ee\/wp-content\/uploads\/2024\/03\/ks3-koormusluliti.jpg",540,540,false],"full":["https:\/\/smartal.ee\/wp-content\/uploads\/2024\/03\/ks3-koormusluliti.jpg",540,540,false]},"_links":{"self":[{"href":"https:\/\/smartal.ee\/ru\/wp-json\/wp\/v2\/product\/6037","targetHints":{"allow":["GET"]}}],"collection":[{"href":"https:\/\/smartal.ee\/ru\/wp-json\/wp\/v2\/product"}],"about":[{"href":"https:\/\/smartal.ee\/ru\/wp-json\/wp\/v2\/types\/product"}],"wp:featuredmedia":[{"embeddable":true,"href":"https:\/\/smartal.ee\/ru\/wp-json\/wp\/v2\/media\/6038"}],"wp:attachment":[{"href":"https:\/\/smartal.ee\/ru\/wp-json\/wp\/v2\/media?parent=6037"}],"wp:term":[{"taxonomy":"product_brand","embeddable":true,"href":"https:\/\/smartal.ee\/ru\/wp-json\/wp\/v2\/product_brand?post=6037"},{"taxonomy":"product_cat","embeddable":true,"href":"https:\/\/smartal.ee\/ru\/wp-json\/wp\/v2\/product_cat?post=6037"},{"taxonomy":"product_tag","embeddable":true,"href":"https:\/\/smartal.ee\/ru\/wp-json\/wp\/v2\/product_tag?post=6037"}],"curies":[{"name":"wp","href":"https:\/\/api.w.org\/{rel}","templated":true}]}}