{"id":6075,"date":"2024-03-08T12:57:33","date_gmt":"2024-03-08T12:57:33","guid":{"rendered":"https:\/\/smartal.ee\/?post_type=product&#038;p=6075"},"modified":"2025-06-18T16:54:17","modified_gmt":"2025-06-18T13:54:17","slug":"schneider-kontaktor-9a-230vac-lc1d09p7","status":"publish","type":"product","link":"https:\/\/smartal.ee\/ru\/shop\/kontaktorid-ja-termoreleed\/schneider-kontaktorid-ja-mootorikaitsed\/schneider-kontaktor-9a-230vac-lc1d09p7\/","title":{"rendered":"SCHNEIDER K\u00fclgmine Abikontakt 1NO+1NC LAD8N11"},"content":{"rendered":"<h4 class=\"page-title\">SCHNEIDER K\u00fclgmine Abikontakt 1NO+1NC LAD8N11<\/h4>\n<ul>\n<li class=\"product-attribute__item\"><span class=\"product-attribute__item-wrap\"><span class=\"product-attribute__label\">Normaalselt avatud kontaktide arv: <\/span><span class=\"product-attribute__value\">1<\/span><\/span><\/li>\n<li class=\"product-attribute__item\"><span class=\"product-attribute__item-wrap\"><span class=\"product-attribute__label\">Normaalselt suletud kontaktide arv: <\/span><span class=\"product-attribute__value\">1<\/span><\/span><\/li>\n<li class=\"product-attribute__item\"><span class=\"product-attribute__item-wrap\"><span class=\"product-attribute__label\">Tunnustalitlusvoo Ie kui AC-15. 230 V: <\/span><span class=\"product-attribute__value\">10 A<\/span><\/span><\/li>\n<li class=\"product-attribute__item\"><span class=\"product-attribute__item-wrap\"><span class=\"product-attribute__label\">Elektrilise \u00fchenduse liik: <\/span><span class=\"product-attribute__value\">Kruvi\u00fchendus<\/span><\/span><\/li>\n<li class=\"product-attribute__item\"><span class=\"product-attribute__item-wrap\"><span class=\"product-attribute__label\">Mudel: <\/span><span class=\"product-attribute__value\">\u00dclapaigaldus<\/span><\/span><\/li>\n<li class=\"product-attribute__item\"><span class=\"product-attribute__item-wrap\"><span class=\"product-attribute__label\">Paigaldusviis: <\/span><span class=\"product-attribute__value\">K\u00fcljekinnitus<\/span><\/span><\/li>\n<\/ul>","protected":false},"excerpt":{"rendered":"<p>SCHNEIDER K\u00fclgmine Abikontakt 1NO+1NC LAD8N11 Normaalselt avatud kontaktide arv: 1 Normaalselt suletud kontaktide arv: 1 Tunnustalitlusvoo Ie kui AC-15. 230 V: 10 A Elektrilise \u00fchenduse liik: Kruvi\u00fchendus Mudel: \u00dclapaigaldus Paigaldusviis: K\u00fcljekinnitus<\/p>","protected":false},"featured_media":6077,"template":"","meta":{"_regular_price":["9.19"],"currency_symbol":[],"ub_ctt_via":""},"product_brand":[],"product_cat":[141],"product_tag":[],"class_list":{"0":"post-6075","1":"product","2":"type-product","3":"status-publish","4":"has-post-thumbnail","6":"product_cat-schneider-kontaktorid-ja-mootorikaitsed","8":"first","9":"instock","10":"taxable","11":"shipping-taxable","12":"purchasable","13":"product-type-simple"},"post_slider_layout_featured_media_urls":{"thumbnail":["https:\/\/smartal.ee\/wp-content\/uploads\/2024\/03\/pim-110401-150x150.jpg",150,150,true],"post_slider_layout_landscape_large":["https:\/\/smartal.ee\/wp-content\/uploads\/2024\/03\/pim-110401.jpg",400,300,false],"post_slider_layout_portrait_large":["https:\/\/smartal.ee\/wp-content\/uploads\/2024\/03\/pim-110401.jpg",400,300,false],"post_slider_layout_square_large":["https:\/\/smartal.ee\/wp-content\/uploads\/2024\/03\/pim-110401.jpg",400,300,false],"post_slider_layout_landscape":["https:\/\/smartal.ee\/wp-content\/uploads\/2024\/03\/pim-110401.jpg",400,300,false],"post_slider_layout_portrait":["https:\/\/smartal.ee\/wp-content\/uploads\/2024\/03\/pim-110401.jpg",400,300,false],"post_slider_layout_square":["https:\/\/smartal.ee\/wp-content\/uploads\/2024\/03\/pim-110401.jpg",400,300,false],"full":["https:\/\/smartal.ee\/wp-content\/uploads\/2024\/03\/pim-110401.jpg",400,300,false]},"_links":{"self":[{"href":"https:\/\/smartal.ee\/ru\/wp-json\/wp\/v2\/product\/6075","targetHints":{"allow":["GET"]}}],"collection":[{"href":"https:\/\/smartal.ee\/ru\/wp-json\/wp\/v2\/product"}],"about":[{"href":"https:\/\/smartal.ee\/ru\/wp-json\/wp\/v2\/types\/product"}],"wp:featuredmedia":[{"embeddable":true,"href":"https:\/\/smartal.ee\/ru\/wp-json\/wp\/v2\/media\/6077"}],"wp:attachment":[{"href":"https:\/\/smartal.ee\/ru\/wp-json\/wp\/v2\/media?parent=6075"}],"wp:term":[{"taxonomy":"product_brand","embeddable":true,"href":"https:\/\/smartal.ee\/ru\/wp-json\/wp\/v2\/product_brand?post=6075"},{"taxonomy":"product_cat","embeddable":true,"href":"https:\/\/smartal.ee\/ru\/wp-json\/wp\/v2\/product_cat?post=6075"},{"taxonomy":"product_tag","embeddable":true,"href":"https:\/\/smartal.ee\/ru\/wp-json\/wp\/v2\/product_tag?post=6075"}],"curies":[{"name":"wp","href":"https:\/\/api.w.org\/{rel}","templated":true}]}}