{"id":6129,"date":"2024-03-18T11:40:02","date_gmt":"2024-03-18T11:40:02","guid":{"rendered":"https:\/\/smartal.ee\/?post_type=product&#038;p=6129"},"modified":"2025-07-21T20:01:37","modified_gmt":"2025-07-21T17:01:37","slug":"abb-kontaktor-24-60vac-20-60vdc-af16z-30-10-21","status":"publish","type":"product","link":"https:\/\/smartal.ee\/ru\/shop\/kontaktorid-ja-termoreleed\/abb-kontaktorid-ja-mootorikaitsed\/abb-kontaktor-24-60vac-20-60vdc-af16z-30-10-21\/","title":{"rendered":"ABB Kontaktor 24-60VAC 20-60VDC AF16Z-30-10-21"},"content":{"rendered":"<h4 class=\"page-title\">ABB Kontaktor 24-60VAC 20-60VDC AF16Z-30-10-21<\/h4>\n<p>Magnetkontaktor, vahelduvvoolul\u00fcliti<\/p>\n<ul class=\"product-attribute\">\n<li class=\"product-attribute__item\"><span class=\"product-attribute__item-wrap\"><span class=\"product-attribute__label\">Juhtahela tunnus-toitepinge Us vahelduvvoolul AC 50HZ: 24 &#8211; 60 V<\/span><\/span><\/li>\n<li class=\"product-attribute__item\"><span class=\"product-attribute__item-wrap\"><span class=\"product-attribute__label\">Juhtahela tunnus-toitepinge Us vahelduvvoolul AC 60HZ: 24 &#8211; 60 V<\/span><\/span><\/li>\n<li class=\"product-attribute__item\"><span class=\"product-attribute__item-wrap\"><span class=\"product-attribute__label\">Juhtahela tunnus-toitepinge Us alalisvoolul DC: 24 &#8211; 60 V<\/span><\/span><\/li>\n<li class=\"product-attribute__item\"><span class=\"product-attribute__item-wrap\"><span class=\"product-attribute__label\">Aktiveerimisvoolu liik: <\/span><span class=\"product-attribute__value\">AC\/DC<\/span><\/span><\/li>\n<li class=\"product-attribute__item\"><span class=\"product-attribute__item-wrap\"><span class=\"product-attribute__label\">Nimik\u00e4itusvool AC-1. 400 V juures: 30<\/span><span class=\"product-attribute__value\">\u00a0A<\/span><\/span><\/li>\n<li class=\"product-attribute__item\"><span class=\"product-attribute__item-wrap\"><span class=\"product-attribute__label\">Nimik\u00e4itusvool AC-3. 400 V juures: 18<\/span><span class=\"product-attribute__value\">\u00a0A<\/span><\/span><\/li>\n<li class=\"product-attribute__item\"><span class=\"product-attribute__item-wrap\"><span class=\"product-attribute__label\">Tavaoludes avatud olekus olevate Aux-kontaktide hulk: <\/span><span class=\"product-attribute__value\">1<\/span><\/span><\/li>\n<li class=\"product-attribute__item\"><span class=\"product-attribute__item-wrap\"><span class=\"product-attribute__label\">Peavooluahela \u00fchenduse t\u00fc\u00fcp: <\/span><span class=\"product-attribute__value\">Kruvi\u00fchendus<\/span><\/span><\/li>\n<li class=\"product-attribute__item\"><span class=\"product-attribute__item-wrap\"><span class=\"product-attribute__label\">Tavaoludes avatud olekus olevate peakontaktide hulk: <\/span><span class=\"product-attribute__value\">3<\/span><\/span><\/li>\n<li class=\"product-attribute__item\"><span class=\"product-attribute__item-wrap\"><span class=\"product-attribute__label\">Tunnustalitlusv\u00f5imsus (NEMA): 7.4570<\/span><span class=\"product-attribute__value\">\u00a0kW<\/span><\/span><\/li>\n<\/ul>\n<p>https:\/\/new.abb.com\/products\/1SBL176001R2110\/af16z-30-10-21<\/p>\n<p>&nbsp;<\/p>\n<p>&nbsp;<\/p>","protected":false},"excerpt":{"rendered":"<p>ABB Kontaktor 24-60VAC 20-60VDC AF16Z-30-10-21 Magnetkontaktor, vahelduvvoolul\u00fcliti Juhtahela tunnus-toitepinge Us vahelduvvoolul AC 50HZ: 24 &#8211; 60 V Juhtahela tunnus-toitepinge Us vahelduvvoolul AC 60HZ: 24 &#8211; 60 V Juhtahela tunnus-toitepinge Us alalisvoolul DC: 24 &#8211; 60 V Aktiveerimisvoolu liik: AC\/DC Nimik\u00e4itusvool AC-1. 400 V juures: 30\u00a0A Nimik\u00e4itusvool AC-3. 400 V juures: 18\u00a0A Tavaoludes avatud olekus olevate [&hellip;]<\/p>","protected":false},"featured_media":6120,"template":"","meta":{"_regular_price":["59.99"],"currency_symbol":[],"ub_ctt_via":""},"product_brand":[],"product_cat":[143],"product_tag":[],"class_list":{"0":"post-6129","1":"product","2":"type-product","3":"status-publish","4":"has-post-thumbnail","6":"product_cat-abb-kontaktorid-ja-mootorikaitsed","8":"first","9":"instock","10":"taxable","11":"shipping-taxable","12":"purchasable","13":"product-type-simple"},"post_slider_layout_featured_media_urls":{"thumbnail":["https:\/\/smartal.ee\/wp-content\/uploads\/2024\/03\/pim-1094401-150x150.png",150,150,true],"post_slider_layout_landscape_large":["https:\/\/smartal.ee\/wp-content\/uploads\/2024\/03\/pim-1094401.png",400,300,false],"post_slider_layout_portrait_large":["https:\/\/smartal.ee\/wp-content\/uploads\/2024\/03\/pim-1094401.png",400,300,false],"post_slider_layout_square_large":["https:\/\/smartal.ee\/wp-content\/uploads\/2024\/03\/pim-1094401.png",400,300,false],"post_slider_layout_landscape":["https:\/\/smartal.ee\/wp-content\/uploads\/2024\/03\/pim-1094401.png",400,300,false],"post_slider_layout_portrait":["https:\/\/smartal.ee\/wp-content\/uploads\/2024\/03\/pim-1094401.png",400,300,false],"post_slider_layout_square":["https:\/\/smartal.ee\/wp-content\/uploads\/2024\/03\/pim-1094401.png",400,300,false],"full":["https:\/\/smartal.ee\/wp-content\/uploads\/2024\/03\/pim-1094401.png",400,300,false]},"_links":{"self":[{"href":"https:\/\/smartal.ee\/ru\/wp-json\/wp\/v2\/product\/6129","targetHints":{"allow":["GET"]}}],"collection":[{"href":"https:\/\/smartal.ee\/ru\/wp-json\/wp\/v2\/product"}],"about":[{"href":"https:\/\/smartal.ee\/ru\/wp-json\/wp\/v2\/types\/product"}],"wp:featuredmedia":[{"embeddable":true,"href":"https:\/\/smartal.ee\/ru\/wp-json\/wp\/v2\/media\/6120"}],"wp:attachment":[{"href":"https:\/\/smartal.ee\/ru\/wp-json\/wp\/v2\/media?parent=6129"}],"wp:term":[{"taxonomy":"product_brand","embeddable":true,"href":"https:\/\/smartal.ee\/ru\/wp-json\/wp\/v2\/product_brand?post=6129"},{"taxonomy":"product_cat","embeddable":true,"href":"https:\/\/smartal.ee\/ru\/wp-json\/wp\/v2\/product_cat?post=6129"},{"taxonomy":"product_tag","embeddable":true,"href":"https:\/\/smartal.ee\/ru\/wp-json\/wp\/v2\/product_tag?post=6129"}],"curies":[{"name":"wp","href":"https:\/\/api.w.org\/{rel}","templated":true}]}}