{"id":6144,"date":"2024-03-18T12:36:33","date_gmt":"2024-03-18T12:36:33","guid":{"rendered":"https:\/\/smartal.ee\/?post_type=product&#038;p=6144"},"modified":"2025-07-21T15:52:51","modified_gmt":"2025-07-21T12:52:51","slug":"siemens-kontaktor-s0-5-5kw-230v-ac-mahis-1no1nc-3rt2024-1ap00","status":"publish","type":"product","link":"https:\/\/smartal.ee\/ru\/shop\/kontaktorid-ja-termoreleed\/siemens-kontaktorid-ja-mootorikaitsed\/siemens-kontaktor-s0-5-5kw-230v-ac-mahis-1no1nc-3rt2024-1ap00\/","title":{"rendered":"SIEMENS Kontaktor S0 5.5KW 230V AC M\u00c4HIS 1NO+1NC 3RT2024-1AP00"},"content":{"rendered":"<h4 class=\"page-title\">SIEMENS Kontaktor S0 5.5KW 230V AC M\u00c4HIS 1NO+1NC 3RT2024-1AP00<\/h4>\n<p>Magnetkontaktor, vahelduvvoolul\u00fcliti:<\/p>\n<ul class=\"product-attribute\">\n<li class=\"product-attribute__item\"><span class=\"product-attribute__item-wrap\"><span class=\"product-attribute__label\">Juhtahela tunnus-toitepinge Us alalisvoolul DC: 230 &#8211; 230 V<\/span><\/span><\/li>\n<li class=\"product-attribute__item\"><span class=\"product-attribute__item-wrap\"><span class=\"product-attribute__label\">Aktiveerimisvoolu liik: A<\/span><span class=\"product-attribute__value\">C<\/span><\/span><\/li>\n<li class=\"product-attribute__item\"><span class=\"product-attribute__item-wrap\"><span class=\"product-attribute__label\">Nimik\u00e4itusvool AC-1. 400 V juures: 40<\/span><span class=\"product-attribute__value\">\u00a0A<\/span><\/span><\/li>\n<li class=\"product-attribute__item\"><span class=\"product-attribute__item-wrap\"><span class=\"product-attribute__label\">Nimik\u00e4itusvool AC-3. 400 V juures: <\/span><span class=\"product-attribute__value\">12 A<\/span><\/span><\/li>\n<li class=\"product-attribute__item\"><span class=\"product-attribute__item-wrap\"><span class=\"product-attribute__label\">Nimi k\u00e4itusv\u00f5imsus AC-3. 400 V juures: 5<\/span><span class=\"product-attribute__value\">.5 kW<\/span><\/span><\/li>\n<li class=\"product-attribute__item\"><span class=\"product-attribute__item-wrap\"><span class=\"product-attribute__label\">Nimit\u00f6\u00f6vool AC-4. 400 V korral: 12<\/span><span class=\"product-attribute__value\">.5 A<\/span><\/span><\/li>\n<li class=\"product-attribute__item\"><span class=\"product-attribute__item-wrap\"><span class=\"product-attribute__label\">Tunnustalitlusv\u00f5imsus (NEMA): 5.516240625<\/span><span class=\"product-attribute__value\">\u00a0kW<\/span><\/span><\/li>\n<li class=\"product-attribute__item\"><span class=\"product-attribute__item-wrap\"><span class=\"product-attribute__label\">Tavaoludes avatud olekus olevate Aux-kontaktide hulk: <\/span><span class=\"product-attribute__value\">1<\/span><\/span><\/li>\n<li class=\"product-attribute__item\"><span class=\"product-attribute__item-wrap\"><span class=\"product-attribute__label\">Peavooluahela \u00fchenduse t\u00fc\u00fcp: <\/span><span class=\"product-attribute__value\">Kruvi\u00fchendus<\/span><\/span><\/li>\n<li class=\"product-attribute__item\"><span class=\"product-attribute__item-wrap\"><span class=\"product-attribute__label\">Tavaoludes avatud olekus olevate peakontaktide hulk: <\/span><span class=\"product-attribute__value\">3<\/span><\/span><\/li>\n<\/ul>\n<p>https:\/\/www.industry-mobile-support.siemens-info.com\/en\/product\/3RT2024-1AP00<\/p>\n<p>&nbsp;<\/p>\n<p>&nbsp;<\/p>","protected":false},"excerpt":{"rendered":"<p>SIEMENS Kontaktor S0 5.5KW 230V AC M\u00c4HIS 1NO+1NC 3RT2024-1AP00 Magnetkontaktor, vahelduvvoolul\u00fcliti: Juhtahela tunnus-toitepinge Us alalisvoolul DC: 230 &#8211; 230 V Aktiveerimisvoolu liik: AC Nimik\u00e4itusvool AC-1. 400 V juures: 40\u00a0A Nimik\u00e4itusvool AC-3. 400 V juures: 12 A Nimi k\u00e4itusv\u00f5imsus AC-3. 400 V juures: 5.5 kW Nimit\u00f6\u00f6vool AC-4. 400 V korral: 12.5 A Tunnustalitlusv\u00f5imsus (NEMA): 5.516240625\u00a0kW Tavaoludes [&hellip;]<\/p>","protected":false},"featured_media":6143,"template":"","meta":{"_regular_price":["37.99"],"currency_symbol":[],"ub_ctt_via":""},"product_brand":[],"product_cat":[142],"product_tag":[],"class_list":{"0":"post-6144","1":"product","2":"type-product","3":"status-publish","4":"has-post-thumbnail","6":"product_cat-siemens-kontaktorid-ja-mootorikaitsed","8":"first","9":"instock","10":"taxable","11":"shipping-taxable","12":"purchasable","13":"product-type-simple"},"post_slider_layout_featured_media_urls":{"thumbnail":["https:\/\/smartal.ee\/wp-content\/uploads\/2024\/03\/pim-824552-150x150.png",150,150,true],"post_slider_layout_landscape_large":["https:\/\/smartal.ee\/wp-content\/uploads\/2024\/03\/pim-824552.png",400,300,false],"post_slider_layout_portrait_large":["https:\/\/smartal.ee\/wp-content\/uploads\/2024\/03\/pim-824552.png",400,300,false],"post_slider_layout_square_large":["https:\/\/smartal.ee\/wp-content\/uploads\/2024\/03\/pim-824552.png",400,300,false],"post_slider_layout_landscape":["https:\/\/smartal.ee\/wp-content\/uploads\/2024\/03\/pim-824552.png",400,300,false],"post_slider_layout_portrait":["https:\/\/smartal.ee\/wp-content\/uploads\/2024\/03\/pim-824552.png",400,300,false],"post_slider_layout_square":["https:\/\/smartal.ee\/wp-content\/uploads\/2024\/03\/pim-824552.png",400,300,false],"full":["https:\/\/smartal.ee\/wp-content\/uploads\/2024\/03\/pim-824552.png",400,300,false]},"_links":{"self":[{"href":"https:\/\/smartal.ee\/ru\/wp-json\/wp\/v2\/product\/6144","targetHints":{"allow":["GET"]}}],"collection":[{"href":"https:\/\/smartal.ee\/ru\/wp-json\/wp\/v2\/product"}],"about":[{"href":"https:\/\/smartal.ee\/ru\/wp-json\/wp\/v2\/types\/product"}],"wp:featuredmedia":[{"embeddable":true,"href":"https:\/\/smartal.ee\/ru\/wp-json\/wp\/v2\/media\/6143"}],"wp:attachment":[{"href":"https:\/\/smartal.ee\/ru\/wp-json\/wp\/v2\/media?parent=6144"}],"wp:term":[{"taxonomy":"product_brand","embeddable":true,"href":"https:\/\/smartal.ee\/ru\/wp-json\/wp\/v2\/product_brand?post=6144"},{"taxonomy":"product_cat","embeddable":true,"href":"https:\/\/smartal.ee\/ru\/wp-json\/wp\/v2\/product_cat?post=6144"},{"taxonomy":"product_tag","embeddable":true,"href":"https:\/\/smartal.ee\/ru\/wp-json\/wp\/v2\/product_tag?post=6144"}],"curies":[{"name":"wp","href":"https:\/\/api.w.org\/{rel}","templated":true}]}}