{"id":6151,"date":"2024-03-18T12:57:16","date_gmt":"2024-03-18T12:57:16","guid":{"rendered":"https:\/\/smartal.ee\/?post_type=product&#038;p=6151"},"modified":"2026-01-21T15:36:05","modified_gmt":"2026-01-21T12:36:05","slug":"siemens-kontaktor-18-5kw-400v-1no1nc-230vac-3p-3rt2028-1ap00","status":"publish","type":"product","link":"https:\/\/smartal.ee\/ru\/shop\/kontaktorid-ja-termoreleed\/siemens-kontaktorid-ja-mootorikaitsed\/siemens-kontaktor-18-5kw-400v-1no1nc-230vac-3p-3rt2028-1ap00\/","title":{"rendered":"SIEMENS Kontaktor 18.5KW\/400V 1NO+1NC 230VAC 3P 3RT2028-1AP00"},"content":{"rendered":"<h4 class=\"page-title\">SIEMENS Kontaktor 18.5KW\/400V 1NO+1NC 230VAC 3P 3RT2028-1AP00<\/h4>\n<p>Magnetkontaktor, vahelduvvoolul\u00fcliti:<\/p>\n<ul class=\"product-attribute\">\n<li class=\"product-attribute__item\"><span class=\"product-attribute__item-wrap\"><span class=\"product-attribute__label\">Juhtahela tunnus-toitepinge Us vahelduvvoolul AC 50HZ: <\/span><span class=\"product-attribute__value\">230 &#8211; 230 V<\/span><\/span><\/li>\n<li class=\"product-attribute__item\"><span class=\"product-attribute__item-wrap\"><span class=\"product-attribute__label\">Aktiveerimisvoolu liik: <\/span><span class=\"product-attribute__value\">AC<\/span><\/span><\/li>\n<li class=\"product-attribute__item\"><span class=\"product-attribute__item-wrap\"><span class=\"product-attribute__label\">Nimik\u00e4itusvool AC-1. 400 V juures: <\/span><span class=\"product-attribute__value\">50 A<\/span><\/span><\/li>\n<li class=\"product-attribute__item\"><span class=\"product-attribute__item-wrap\"><span class=\"product-attribute__label\">Nimik\u00e4itusvool AC-3. 400 V juures: <\/span><span class=\"product-attribute__value\">38 A<\/span><\/span><\/li>\n<li class=\"product-attribute__item\"><span class=\"product-attribute__item-wrap\"><span class=\"product-attribute__label\">Nimi k\u00e4itusv\u00f5imsus AC-3. 400 V juures: <\/span><span class=\"product-attribute__value\">18.5 kW<\/span><\/span><\/li>\n<li class=\"product-attribute__item\"><span class=\"product-attribute__item-wrap\"><span class=\"product-attribute__label\">Nimit\u00f6\u00f6vool AC-4. 400 V korral: <\/span><span class=\"product-attribute__value\">22 A<\/span><\/span><\/li>\n<li class=\"product-attribute__item\"><span class=\"product-attribute__item-wrap\"><span class=\"product-attribute__label\">Tunnustalitlusv\u00f5imsus (NEMA): <\/span><span class=\"product-attribute__value\">18.38746875 kW<\/span><\/span><\/li>\n<li class=\"product-attribute__item\"><span class=\"product-attribute__item-wrap\"><span class=\"product-attribute__label\">Tavaoludes avatud olekus olevate Aux-kontaktide hulk: <\/span><span class=\"product-attribute__value\">1<\/span><\/span><\/li>\n<li class=\"product-attribute__item\"><span class=\"product-attribute__item-wrap\"><span class=\"product-attribute__label\">Tavaoludes suletud olekus olevate Aux-kontaktide hulk: <\/span><span class=\"product-attribute__value\">1<\/span><\/span><\/li>\n<li class=\"product-attribute__item\"><span class=\"product-attribute__item-wrap\"><span class=\"product-attribute__label\">Peavooluahela \u00fchenduse t\u00fc\u00fcp: <\/span><span class=\"product-attribute__value\">Kruvi\u00fchendus<\/span><\/span><\/li>\n<li class=\"product-attribute__item\"><span class=\"product-attribute__item-wrap\"><span class=\"product-attribute__label\">Tavaoludes avatud olekus olevate peakontaktide hulk: <\/span><span class=\"product-attribute__value\">3<\/span><\/span><\/li>\n<\/ul>\n<p>https:\/\/www.industry-mobile-support.siemens-info.com\/en\/product\/3RT2028-1AP00<\/p>\n<p>&nbsp;<\/p>\n<p>&nbsp;<\/p>","protected":false},"excerpt":{"rendered":"<p>SIEMENS Kontaktor 18.5KW\/400V 1NO+1NC 230VAC 3P 3RT2028-1AP00 Magnetkontaktor, vahelduvvoolul\u00fcliti: Juhtahela tunnus-toitepinge Us vahelduvvoolul AC 50HZ: 230 &#8211; 230 V Aktiveerimisvoolu liik: AC Nimik\u00e4itusvool AC-1. 400 V juures: 50 A Nimik\u00e4itusvool AC-3. 400 V juures: 38 A Nimi k\u00e4itusv\u00f5imsus AC-3. 400 V juures: 18.5 kW Nimit\u00f6\u00f6vool AC-4. 400 V korral: 22 A Tunnustalitlusv\u00f5imsus (NEMA): 18.38746875 kW [&hellip;]<\/p>","protected":false},"featured_media":6149,"template":"","meta":{"_regular_price":["108.15"],"currency_symbol":[],"ub_ctt_via":""},"product_brand":[],"product_cat":[142],"product_tag":[],"class_list":{"0":"post-6151","1":"product","2":"type-product","3":"status-publish","4":"has-post-thumbnail","6":"product_cat-siemens-kontaktorid-ja-mootorikaitsed","8":"first","9":"instock","10":"taxable","11":"shipping-taxable","12":"purchasable","13":"product-type-simple"},"post_slider_layout_featured_media_urls":{"thumbnail":["https:\/\/smartal.ee\/wp-content\/uploads\/2024\/03\/pim-824552-1-150x150.png",150,150,true],"post_slider_layout_landscape_large":["https:\/\/smartal.ee\/wp-content\/uploads\/2024\/03\/pim-824552-1.png",400,300,false],"post_slider_layout_portrait_large":["https:\/\/smartal.ee\/wp-content\/uploads\/2024\/03\/pim-824552-1.png",400,300,false],"post_slider_layout_square_large":["https:\/\/smartal.ee\/wp-content\/uploads\/2024\/03\/pim-824552-1.png",400,300,false],"post_slider_layout_landscape":["https:\/\/smartal.ee\/wp-content\/uploads\/2024\/03\/pim-824552-1.png",400,300,false],"post_slider_layout_portrait":["https:\/\/smartal.ee\/wp-content\/uploads\/2024\/03\/pim-824552-1.png",400,300,false],"post_slider_layout_square":["https:\/\/smartal.ee\/wp-content\/uploads\/2024\/03\/pim-824552-1.png",400,300,false],"full":["https:\/\/smartal.ee\/wp-content\/uploads\/2024\/03\/pim-824552-1.png",400,300,false]},"_links":{"self":[{"href":"https:\/\/smartal.ee\/ru\/wp-json\/wp\/v2\/product\/6151","targetHints":{"allow":["GET"]}}],"collection":[{"href":"https:\/\/smartal.ee\/ru\/wp-json\/wp\/v2\/product"}],"about":[{"href":"https:\/\/smartal.ee\/ru\/wp-json\/wp\/v2\/types\/product"}],"wp:featuredmedia":[{"embeddable":true,"href":"https:\/\/smartal.ee\/ru\/wp-json\/wp\/v2\/media\/6149"}],"wp:attachment":[{"href":"https:\/\/smartal.ee\/ru\/wp-json\/wp\/v2\/media?parent=6151"}],"wp:term":[{"taxonomy":"product_brand","embeddable":true,"href":"https:\/\/smartal.ee\/ru\/wp-json\/wp\/v2\/product_brand?post=6151"},{"taxonomy":"product_cat","embeddable":true,"href":"https:\/\/smartal.ee\/ru\/wp-json\/wp\/v2\/product_cat?post=6151"},{"taxonomy":"product_tag","embeddable":true,"href":"https:\/\/smartal.ee\/ru\/wp-json\/wp\/v2\/product_tag?post=6151"}],"curies":[{"name":"wp","href":"https:\/\/api.w.org\/{rel}","templated":true}]}}