{"id":6171,"date":"2024-03-18T16:21:51","date_gmt":"2024-03-18T16:21:51","guid":{"rendered":"https:\/\/smartal.ee\/?post_type=product&#038;p=6171"},"modified":"2025-06-18T15:14:53","modified_gmt":"2025-06-18T12:14:53","slug":"schneider-kontaktor-80a-230vac-lc1d80p7","status":"publish","type":"product","link":"https:\/\/smartal.ee\/ru\/shop\/kontaktorid-ja-termoreleed\/schneider-kontaktorid-ja-mootorikaitsed\/schneider-kontaktor-80a-230vac-lc1d80p7\/","title":{"rendered":"SCHNEIDER Kontaktor 80A 230VAC LC1D80P7"},"content":{"rendered":"<h4 class=\"page-title\">SCHNEIDER Kontaktor 80A 230VAC LC1D80P7<\/h4>\n<div class=\"breadcrumb\">\n<h4>Kontaktor 3P, 80A, 1NO+1NC, 230VAC<\/h4>\n<\/div>\n<ul>\n<li><span class=\"product-attribute__item-wrap\"><span class=\"product-attribute__label\">Juhtahela tunnus-toitepinge Us vahelduvvoolul AC 50HZ: <\/span><span class=\"product-attribute__value\">230 &#8211; 230 V<\/span><\/span><\/li>\n<li><span class=\"product-attribute__item-wrap\"><span class=\"product-attribute__label\">Juhtahela tunnus-toitepinge Us vahelduvvoolul AC 60HZ: <\/span><span class=\"product-attribute__value\">230 &#8211; 230 V<\/span><\/span><\/li>\n<li><span class=\"product-attribute__item-wrap\"><span class=\"product-attribute__label\">Aktiveerimisvoolu liik: <\/span><span class=\"product-attribute__value\">AC<\/span><\/span><\/li>\n<li><span class=\"product-attribute__item-wrap\"><span class=\"product-attribute__label\">Nimik\u00e4itusvool AC-1. 400 V juures: 125<\/span><span class=\"product-attribute__value\">\u00a0A<\/span><\/span><\/li>\n<li><span class=\"product-attribute__item-wrap\"><span class=\"product-attribute__label\">Nimik\u00e4itusvool AC-3. 400 V juures: 80<\/span><span class=\"product-attribute__value\">\u00a0A<\/span><\/span><\/li>\n<li><span class=\"product-attribute__item-wrap\"><span class=\"product-attribute__label\">Nimi k\u00e4itusv\u00f5imsus AC-3. 400 V juures: 37<\/span><span class=\"product-attribute__value\">\u00a0kW<\/span><\/span><\/li>\n<li><span class=\"product-attribute__item-wrap\"><span class=\"product-attribute__label\">Nimit\u00f6\u00f6vool AC-4. 400 V korral: 32 <\/span><span class=\"product-attribute__value\">A<\/span><\/span><\/li>\n<li><span class=\"product-attribute__item-wrap\"><span class=\"product-attribute__label\">Nimit\u00f6\u00f6vool AC-4. 400 V korral: 15<\/span><span class=\"product-attribute__value\">\u00a0kW<\/span><\/span><\/li>\n<li><span class=\"product-attribute__item-wrap\"><span class=\"product-attribute__label\">Tavaoludes avatud olekus olevate Aux-kontaktide hulk: <\/span><span class=\"product-attribute__value\">1<\/span><\/span><\/li>\n<li><span class=\"product-attribute__item-wrap\"><span class=\"product-attribute__label\">Tavaoludes suletud olekus olevate Aux-kontaktide hulk: <\/span><span class=\"product-attribute__value\">1<\/span><\/span><\/li>\n<li><span class=\"product-attribute__item-wrap\"><span class=\"product-attribute__label\">Peavooluahela \u00fchenduse t\u00fc\u00fcp: <\/span><span class=\"product-attribute__value\">Kruvi\u00fchendus<\/span><\/span><\/li>\n<li><span class=\"product-attribute__item-wrap\"><span class=\"product-attribute__label\">Tavaoludes avatud olekus olevate peakontaktide hulk: <\/span><span class=\"product-attribute__value\">3<\/span><\/span><\/li>\n<\/ul>","protected":false},"excerpt":{"rendered":"<p>SCHNEIDER Kontaktor 80A 230VAC LC1D80P7 Kontaktor 3P, 80A, 1NO+1NC, 230VAC Juhtahela tunnus-toitepinge Us vahelduvvoolul AC 50HZ: 230 &#8211; 230 V Juhtahela tunnus-toitepinge Us vahelduvvoolul AC 60HZ: 230 &#8211; 230 V Aktiveerimisvoolu liik: AC Nimik\u00e4itusvool AC-1. 400 V juures: 125\u00a0A Nimik\u00e4itusvool AC-3. 400 V juures: 80\u00a0A Nimi k\u00e4itusv\u00f5imsus AC-3. 400 V juures: 37\u00a0kW Nimit\u00f6\u00f6vool AC-4. 400 [&hellip;]<\/p>","protected":false},"featured_media":7001,"template":"","meta":{"_regular_price":["259.19"],"currency_symbol":[],"ub_ctt_via":""},"product_brand":[],"product_cat":[141],"product_tag":[],"class_list":{"0":"post-6171","1":"product","2":"type-product","3":"status-publish","4":"has-post-thumbnail","6":"product_cat-schneider-kontaktorid-ja-mootorikaitsed","8":"first","9":"instock","10":"taxable","11":"shipping-taxable","12":"purchasable","13":"product-type-simple"},"post_slider_layout_featured_media_urls":{"thumbnail":["https:\/\/smartal.ee\/wp-content\/uploads\/2024\/03\/LC1D80P7_Image_369-150x150.jpg",150,150,true],"post_slider_layout_landscape_large":["https:\/\/smartal.ee\/wp-content\/uploads\/2024\/03\/LC1D80P7_Image_369.jpg",369,369,false],"post_slider_layout_portrait_large":["https:\/\/smartal.ee\/wp-content\/uploads\/2024\/03\/LC1D80P7_Image_369.jpg",369,369,false],"post_slider_layout_square_large":["https:\/\/smartal.ee\/wp-content\/uploads\/2024\/03\/LC1D80P7_Image_369.jpg",369,369,false],"post_slider_layout_landscape":["https:\/\/smartal.ee\/wp-content\/uploads\/2024\/03\/LC1D80P7_Image_369.jpg",369,369,false],"post_slider_layout_portrait":["https:\/\/smartal.ee\/wp-content\/uploads\/2024\/03\/LC1D80P7_Image_369.jpg",369,369,false],"post_slider_layout_square":["https:\/\/smartal.ee\/wp-content\/uploads\/2024\/03\/LC1D80P7_Image_369.jpg",369,369,false],"full":["https:\/\/smartal.ee\/wp-content\/uploads\/2024\/03\/LC1D80P7_Image_369.jpg",369,369,false]},"_links":{"self":[{"href":"https:\/\/smartal.ee\/ru\/wp-json\/wp\/v2\/product\/6171","targetHints":{"allow":["GET"]}}],"collection":[{"href":"https:\/\/smartal.ee\/ru\/wp-json\/wp\/v2\/product"}],"about":[{"href":"https:\/\/smartal.ee\/ru\/wp-json\/wp\/v2\/types\/product"}],"wp:featuredmedia":[{"embeddable":true,"href":"https:\/\/smartal.ee\/ru\/wp-json\/wp\/v2\/media\/7001"}],"wp:attachment":[{"href":"https:\/\/smartal.ee\/ru\/wp-json\/wp\/v2\/media?parent=6171"}],"wp:term":[{"taxonomy":"product_brand","embeddable":true,"href":"https:\/\/smartal.ee\/ru\/wp-json\/wp\/v2\/product_brand?post=6171"},{"taxonomy":"product_cat","embeddable":true,"href":"https:\/\/smartal.ee\/ru\/wp-json\/wp\/v2\/product_cat?post=6171"},{"taxonomy":"product_tag","embeddable":true,"href":"https:\/\/smartal.ee\/ru\/wp-json\/wp\/v2\/product_tag?post=6171"}],"curies":[{"name":"wp","href":"https:\/\/api.w.org\/{rel}","templated":true}]}}