{"id":6181,"date":"2024-03-20T09:35:40","date_gmt":"2024-03-20T09:35:40","guid":{"rendered":"https:\/\/smartal.ee\/?post_type=product&#038;p=6181"},"modified":"2025-07-21T15:29:00","modified_gmt":"2025-07-21T12:29:00","slug":"schneider-plc-kontroller-tm221ce24t-24io-t-np-ethernet","status":"publish","type":"product","link":"https:\/\/smartal.ee\/ru\/shop\/plc\/schneider-plc\/schneider-plc-kontroller-tm221ce24t-24io-t-np-ethernet\/","title":{"rendered":"SCHNEIDER PLC kontroller TM221CE24T -24IO T NP ETHERNET"},"content":{"rendered":"<h4>SCHNEIDER PLC kontroller TM221CE24T -24IO T NP ETHERNET<\/h4>\n<div class=\"product-name\">\n<p>&nbsp;<\/p>\n<div class=\"product-attributes__label\" tabindex=\"0\" role=\"tab\" data-role=\"etim-title\" aria-selected=\"false\" aria-expanded=\"true\">Programmeeritava juhtseadme protsessor<\/div>\n<div class=\"product-attributes__list\" role=\"tabpanel\" data-role=\"etim-content\" aria-hidden=\"false\">\n<ul class=\"product-attribute\">\n<li class=\"product-attribute__item\"><span class=\"product-attribute__item-wrap\"><span class=\"product-attribute__label\">Toitepinge DC: <\/span><span class=\"product-attribute__value\">19.2 &#8211; 28.8 V<\/span><\/span><\/li>\n<li class=\"product-attribute__item\"><span class=\"product-attribute__item-wrap\"><span class=\"product-attribute__label\">Pinge liik: <\/span><span class=\"product-attribute__value\">DC<\/span><\/span><\/li>\n<li class=\"product-attribute__item\"><span class=\"product-attribute__item-wrap\"><span class=\"product-attribute__label\">Taimerl\u00fclitite suurim arv: <\/span><span class=\"product-attribute__value\">255<\/span><\/span><\/li>\n<li class=\"product-attribute__item\"><span class=\"product-attribute__item-wrap\"><span class=\"product-attribute__label\">Mudel: <\/span><span class=\"product-attribute__value\">Kompaktne<\/span><\/span><\/li>\n<li class=\"product-attribute__item\"><span class=\"product-attribute__item-wrap\"><span class=\"product-attribute__label\">T\u00f6\u00f6tlemisaeg (1K. kahendoperatsioon): <\/span><span class=\"product-attribute__value\">0.2 ms<\/span><\/span><\/li>\n<li class=\"product-attribute__item\"><span class=\"product-attribute__item-wrap\"><span class=\"product-attribute__label\">Riistvaraliideste t\u00f6\u00f6stuslik Ethernet arv: <\/span><span class=\"product-attribute__value\">1<\/span><\/span><\/li>\n<li class=\"product-attribute__item\"><span class=\"product-attribute__item-wrap\"><span class=\"product-attribute__label\">Riistvaraliideste RS-232 arv: <\/span><span class=\"product-attribute__value\">1<\/span><\/span><\/li>\n<li class=\"product-attribute__item\"><span class=\"product-attribute__item-wrap\"><span class=\"product-attribute__label\">Riistvaraliideste RS-485 arv: <\/span><span class=\"product-attribute__value\">1<\/span><\/span><\/li>\n<li class=\"product-attribute__item\"><span class=\"product-attribute__item-wrap\"><span class=\"product-attribute__label\">Riistvaraliideste USB arv: <\/span><span class=\"product-attribute__value\">1<\/span><\/span><\/li>\n<li class=\"product-attribute__item\"><span class=\"product-attribute__item-wrap\"><span class=\"product-attribute__label\">Analoogsisendite arv: <\/span><span class=\"product-attribute__value\">2<\/span><\/span><\/li>\n<li class=\"product-attribute__item\"><span class=\"product-attribute__item-wrap\"><span class=\"product-attribute__label\">Digitaalsisendite arv: <\/span><span class=\"product-attribute__value\">14<\/span><\/span><\/li>\n<li class=\"product-attribute__item\"><span class=\"product-attribute__item-wrap\"><span class=\"product-attribute__label\">Digitaalv\u00e4ljundite arv: <\/span><span class=\"product-attribute__value\">10<\/span><\/span><\/li>\n<li class=\"product-attribute__item\"><span class=\"product-attribute__item-wrap\"><span class=\"product-attribute__label\">M\u00e4lu t\u00fc\u00fcp: <\/span><span class=\"product-attribute__value\">RAM<\/span><\/span><\/li>\n<li class=\"product-attribute__item\"><span class=\"product-attribute__item-wrap\"><span class=\"product-attribute__label\">M\u00e4lu maht: <\/span><span class=\"product-attribute__value\">512 kByte<\/span><\/span><\/li>\n<li class=\"product-attribute__item\"><span class=\"product-attribute__item-wrap\"><span class=\"product-attribute__label\">Ohutuse \u00fcldtase vastavalt standardile IEC 61508: <\/span><span class=\"product-attribute__value\">Ilma<\/span><\/span><\/li>\n<li class=\"product-attribute__item\"><span class=\"product-attribute__item-wrap\"><span class=\"product-attribute__label\">Omadused vastavalt EN ISO 13849-1: <\/span><span class=\"product-attribute__value\">Ilma<\/span><\/span><\/li>\n<li class=\"product-attribute__item\"><span class=\"product-attribute__item-wrap\"><span class=\"product-attribute__label\">Plahvatuskindluse kategooriga gaasikeskkonnas: <\/span><span class=\"product-attribute__value\">Ilma<\/span><\/span><\/li>\n<li class=\"product-attribute__item\"><span class=\"product-attribute__item-wrap\"><span class=\"product-attribute__label\">Plahvatuskindluse kategooriga tolmukeskkonnas: <\/span><span class=\"product-attribute__value\">Ilma<\/span><\/span><\/li>\n<li class=\"product-attribute__item\"><span class=\"product-attribute__item-wrap\"><span class=\"product-attribute__label\">Laius: <\/span><span class=\"product-attribute__value\">110 mm<\/span><\/span><\/li>\n<li class=\"product-attribute__item\"><span class=\"product-attribute__item-wrap\"><span class=\"product-attribute__label\">K\u00f5rgus: <\/span><span class=\"product-attribute__value\">103.6 mm<\/span><\/span><\/li>\n<li class=\"product-attribute__item\"><span class=\"product-attribute__item-wrap\"><span class=\"product-attribute__label\">S\u00fcgavus: <\/span><span class=\"product-attribute__value\">75.9 mm<\/span><\/span><\/li>\n<li class=\"product-attribute__item\"><span class=\"product-attribute__item-wrap\"><span class=\"product-attribute__label\">Kategooria vastavalt standardile EN 954-1<\/span><span class=\"product-attribute__value\">1<\/span><\/span><\/li>\n<\/ul>\n<\/div>\n<p>&nbsp;<\/p>\n<\/div>","protected":false},"excerpt":{"rendered":"<p>SCHNEIDER PLC kontroller TM221CE24T -24IO T NP ETHERNET &nbsp; Programmeeritava juhtseadme protsessor Toitepinge DC: 19.2 &#8211; 28.8 V Pinge liik: DC Taimerl\u00fclitite suurim arv: 255 Mudel: Kompaktne T\u00f6\u00f6tlemisaeg (1K. kahendoperatsioon): 0.2 ms Riistvaraliideste t\u00f6\u00f6stuslik Ethernet arv: 1 Riistvaraliideste RS-232 arv: 1 Riistvaraliideste RS-485 arv: 1 Riistvaraliideste USB arv: 1 Analoogsisendite arv: 2 Digitaalsisendite arv: 14 [&hellip;]<\/p>","protected":false},"featured_media":6182,"template":"","meta":{"_regular_price":["322.75"],"currency_symbol":[],"ub_ctt_via":""},"product_brand":[],"product_cat":[45],"product_tag":[],"class_list":{"0":"post-6181","1":"product","2":"type-product","3":"status-publish","4":"has-post-thumbnail","6":"product_cat-schneider-plc","8":"first","9":"onbackorder","10":"taxable","11":"shipping-taxable","12":"purchasable","13":"product-type-simple"},"post_slider_layout_featured_media_urls":{"thumbnail":["https:\/\/smartal.ee\/wp-content\/uploads\/2024\/03\/pim-164021-150x150.png",150,150,true],"post_slider_layout_landscape_large":["https:\/\/smartal.ee\/wp-content\/uploads\/2024\/03\/pim-164021.png",400,300,false],"post_slider_layout_portrait_large":["https:\/\/smartal.ee\/wp-content\/uploads\/2024\/03\/pim-164021.png",400,300,false],"post_slider_layout_square_large":["https:\/\/smartal.ee\/wp-content\/uploads\/2024\/03\/pim-164021.png",400,300,false],"post_slider_layout_landscape":["https:\/\/smartal.ee\/wp-content\/uploads\/2024\/03\/pim-164021.png",400,300,false],"post_slider_layout_portrait":["https:\/\/smartal.ee\/wp-content\/uploads\/2024\/03\/pim-164021.png",400,300,false],"post_slider_layout_square":["https:\/\/smartal.ee\/wp-content\/uploads\/2024\/03\/pim-164021.png",400,300,false],"full":["https:\/\/smartal.ee\/wp-content\/uploads\/2024\/03\/pim-164021.png",400,300,false]},"_links":{"self":[{"href":"https:\/\/smartal.ee\/ru\/wp-json\/wp\/v2\/product\/6181","targetHints":{"allow":["GET"]}}],"collection":[{"href":"https:\/\/smartal.ee\/ru\/wp-json\/wp\/v2\/product"}],"about":[{"href":"https:\/\/smartal.ee\/ru\/wp-json\/wp\/v2\/types\/product"}],"wp:featuredmedia":[{"embeddable":true,"href":"https:\/\/smartal.ee\/ru\/wp-json\/wp\/v2\/media\/6182"}],"wp:attachment":[{"href":"https:\/\/smartal.ee\/ru\/wp-json\/wp\/v2\/media?parent=6181"}],"wp:term":[{"taxonomy":"product_brand","embeddable":true,"href":"https:\/\/smartal.ee\/ru\/wp-json\/wp\/v2\/product_brand?post=6181"},{"taxonomy":"product_cat","embeddable":true,"href":"https:\/\/smartal.ee\/ru\/wp-json\/wp\/v2\/product_cat?post=6181"},{"taxonomy":"product_tag","embeddable":true,"href":"https:\/\/smartal.ee\/ru\/wp-json\/wp\/v2\/product_tag?post=6181"}],"curies":[{"name":"wp","href":"https:\/\/api.w.org\/{rel}","templated":true}]}}