{"id":6229,"date":"2024-03-25T12:27:02","date_gmt":"2024-03-25T12:27:02","guid":{"rendered":"https:\/\/smartal.ee\/?post_type=product&#038;p=6229"},"modified":"2025-06-18T14:16:47","modified_gmt":"2025-06-18T11:16:47","slug":"rittal-ventilaatori-filter-289x289x17-3173100","status":"publish","type":"product","link":"https:\/\/smartal.ee\/ru\/shop\/elekter\/uld\/rittal-ventilaatori-filter-289x289x17-3173100\/","title":{"rendered":"RITTAL Ventilaatori Filter 289x289x17 3173100 5tk pakk"},"content":{"rendered":"<h4>RITTAL Ventilaatori Filter 289x289x17 3173100 5tk pakk<\/h4>\n<p>Filter (kliima jaotusseadmete kilp)<\/p>\n<ul class=\"product-attribute\">\n<li class=\"product-attribute__item\"><span class=\"product-attribute__item-wrap\"><span class=\"product-attribute__label\">Materjal: <\/span><span class=\"product-attribute__value\">Plast<\/span><\/span><\/li>\n<li class=\"product-attribute__item\"><span class=\"product-attribute__item-wrap\"><span class=\"product-attribute__label\">V\u00e4rvus: <\/span><span class=\"product-attribute__value\">Valge<\/span><\/span><\/li>\n<li class=\"product-attribute__item\"><span class=\"product-attribute__item-wrap\"><span class=\"product-attribute__label\">Laius: <\/span><span class=\"product-attribute__value\">289 mm<\/span><\/span><\/li>\n<li class=\"product-attribute__item\"><span class=\"product-attribute__item-wrap\"><span class=\"product-attribute__label\">K\u00f5rgus: <\/span><span class=\"product-attribute__value\">289 mm<\/span><\/span><\/li>\n<li class=\"product-attribute__item\"><span class=\"product-attribute__item-wrap\"><span class=\"product-attribute__label\">S\u00fcgavus: <\/span><span class=\"product-attribute__value\">17 mm<\/span><\/span><\/li>\n<li class=\"product-attribute__item\"><span class=\"product-attribute__item-wrap\"><span class=\"product-attribute__label\">Filtri klass: <\/span><span class=\"product-attribute__value\">G3<\/span><\/span><\/li>\n<li class=\"product-attribute__item\"><span class=\"product-attribute__item-wrap\"><span class=\"product-attribute__label\">Kaitseaste (IP): <\/span><span class=\"product-attribute__value\">Muul viisil<\/span><\/span><\/li>\n<\/ul>","protected":false},"excerpt":{"rendered":"<p>RITTAL Ventilaatori Filter 289x289x17 3173100 5tk pakk Filter (kliima jaotusseadmete kilp) Materjal: Plast V\u00e4rvus: Valge Laius: 289 mm K\u00f5rgus: 289 mm S\u00fcgavus: 17 mm Filtri klass: G3 Kaitseaste (IP): Muul viisil<\/p>","protected":false},"featured_media":6230,"template":"","meta":{"_regular_price":["45.95"],"currency_symbol":[],"ub_ctt_via":""},"product_brand":[],"product_cat":[75],"product_tag":[],"class_list":{"0":"post-6229","1":"product","2":"type-product","3":"status-publish","4":"has-post-thumbnail","6":"product_cat-uld","8":"first","9":"onbackorder","10":"taxable","11":"shipping-taxable","12":"purchasable","13":"product-type-simple"},"post_slider_layout_featured_media_urls":{"thumbnail":["https:\/\/smartal.ee\/wp-content\/uploads\/2024\/03\/pim-1217680-150x150.jpg",150,150,true],"post_slider_layout_landscape_large":["https:\/\/smartal.ee\/wp-content\/uploads\/2024\/03\/pim-1217680.jpg",400,300,false],"post_slider_layout_portrait_large":["https:\/\/smartal.ee\/wp-content\/uploads\/2024\/03\/pim-1217680.jpg",400,300,false],"post_slider_layout_square_large":["https:\/\/smartal.ee\/wp-content\/uploads\/2024\/03\/pim-1217680.jpg",400,300,false],"post_slider_layout_landscape":["https:\/\/smartal.ee\/wp-content\/uploads\/2024\/03\/pim-1217680.jpg",400,300,false],"post_slider_layout_portrait":["https:\/\/smartal.ee\/wp-content\/uploads\/2024\/03\/pim-1217680.jpg",400,300,false],"post_slider_layout_square":["https:\/\/smartal.ee\/wp-content\/uploads\/2024\/03\/pim-1217680.jpg",400,300,false],"full":["https:\/\/smartal.ee\/wp-content\/uploads\/2024\/03\/pim-1217680.jpg",400,300,false]},"_links":{"self":[{"href":"https:\/\/smartal.ee\/ru\/wp-json\/wp\/v2\/product\/6229","targetHints":{"allow":["GET"]}}],"collection":[{"href":"https:\/\/smartal.ee\/ru\/wp-json\/wp\/v2\/product"}],"about":[{"href":"https:\/\/smartal.ee\/ru\/wp-json\/wp\/v2\/types\/product"}],"wp:featuredmedia":[{"embeddable":true,"href":"https:\/\/smartal.ee\/ru\/wp-json\/wp\/v2\/media\/6230"}],"wp:attachment":[{"href":"https:\/\/smartal.ee\/ru\/wp-json\/wp\/v2\/media?parent=6229"}],"wp:term":[{"taxonomy":"product_brand","embeddable":true,"href":"https:\/\/smartal.ee\/ru\/wp-json\/wp\/v2\/product_brand?post=6229"},{"taxonomy":"product_cat","embeddable":true,"href":"https:\/\/smartal.ee\/ru\/wp-json\/wp\/v2\/product_cat?post=6229"},{"taxonomy":"product_tag","embeddable":true,"href":"https:\/\/smartal.ee\/ru\/wp-json\/wp\/v2\/product_tag?post=6229"}],"curies":[{"name":"wp","href":"https:\/\/api.w.org\/{rel}","templated":true}]}}