{"id":6240,"date":"2024-04-15T09:08:21","date_gmt":"2024-04-15T09:08:21","guid":{"rendered":"https:\/\/smartal.ee\/?post_type=product&#038;p=6240"},"modified":"2025-07-21T15:27:16","modified_gmt":"2025-07-21T12:27:16","slug":"schneider-mootorikaitseluliti-48-65a","status":"publish","type":"product","link":"https:\/\/smartal.ee\/ru\/shop\/elekter\/schneider-kaitseluliti\/schneider-mootorikaitseluliti-48-65a\/","title":{"rendered":"SCHNEIDER Mootorikaitsel\u00fcliti 48-65A"},"content":{"rendered":"<h4 class=\"page-title\"><span class=\"base\" data-ui-id=\"page-title-wrapper\">SCHNEIDER Mootorikaitsel\u00fcliti 48-65A<\/span><\/h4>\n<p class=\"page-title\">Mootorikaitsel\u00fcliti:<\/p>\n<ul class=\"product-attribute\">\n<li class=\"product-attribute__item\"><span class=\"product-attribute__item-wrap\"><span class=\"product-attribute__label\">\u00dclekoormuskaitse seadistusvahemik: <\/span><span class=\"product-attribute__value\">48 &#8211; 65 A<\/span><\/span><\/li>\n<li class=\"product-attribute__item\"><span class=\"product-attribute__item-wrap\"><span class=\"product-attribute__label\">Viivituseta l\u00fchiskatkestuse reguleerimisvahemik: <\/span><span class=\"product-attribute__value\">910 &#8211; 910 A<\/span><\/span><\/li>\n<li class=\"product-attribute__item\"><span class=\"product-attribute__item-wrap\"><span class=\"product-attribute__label\">V\u00e4ljal\u00fclitustehnika: <\/span><span class=\"product-attribute__value\">Termomagnetilime<\/span><\/span><\/li>\n<li class=\"product-attribute__item\"><span class=\"product-attribute__item-wrap\"><span class=\"product-attribute__label\">Nominaalne p\u00fcsivool Iu: <\/span><span class=\"product-attribute__value\">65 A<\/span><\/span><\/li>\n<li class=\"product-attribute__item\"><span class=\"product-attribute__item-wrap\"><span class=\"product-attribute__label\">Nominaalne k\u00e4itusv\u00f5imsus AC-3. 230 V korral: <\/span><span class=\"product-attribute__value\">18.5 kW<\/span><\/span><\/li>\n<li class=\"product-attribute__item\"><span class=\"product-attribute__item-wrap\"><span class=\"product-attribute__label\">Nimi k\u00e4itusv\u00f5imsus AC-3. 400 V juures: <\/span><span class=\"product-attribute__value\">30 kW<\/span><\/span><\/li>\n<li class=\"product-attribute__item\"><span class=\"product-attribute__item-wrap\"><span class=\"product-attribute__label\">Peavooluahela \u00fchenduse t\u00fc\u00fcp: <\/span><span class=\"product-attribute__value\">Kruvi\u00fchendus<\/span><\/span><\/li>\n<li class=\"product-attribute__item\"><span class=\"product-attribute__item-wrap\"><span class=\"product-attribute__label\">Juhtelemendi liik: <\/span><span class=\"product-attribute__value\">P\u00f6\u00f6rake nuppu (p\u00f6\u00f6rdnupp)<\/span><\/span><\/li>\n<li class=\"product-attribute__item\"><span class=\"product-attribute__item-wrap\"><span class=\"product-attribute__label\">Seadme ehitus: <\/span><span class=\"product-attribute__value\">Komplektne seade korpuses<\/span><\/span><\/li>\n<li class=\"product-attribute__item\"><span class=\"product-attribute__item-wrap\"><span class=\"product-attribute__label\">Pooluste arv: <\/span><span class=\"product-attribute__value\">3<\/span><\/span><\/li>\n<li class=\"product-attribute__item\"><span class=\"product-attribute__item-wrap\"><span class=\"product-attribute__label\">Nimi lahutusv\u00f5ime l\u00fchisel Icu 400 V AC korral: <\/span><span class=\"product-attribute__value\">50 kA<\/span><\/span><\/li>\n<li class=\"product-attribute__item\"><span class=\"product-attribute__item-wrap\"><span class=\"product-attribute__label\">Kaitseaste (IP): <\/span><span class=\"product-attribute__value\">IP20<\/span><\/span><\/li>\n<li class=\"product-attribute__item\"><span class=\"product-attribute__item-wrap\"><span class=\"product-attribute__label\">K\u00f5rgus: <\/span><span class=\"product-attribute__value\">132 mm<\/span><\/span><\/li>\n<li class=\"product-attribute__item\"><span class=\"product-attribute__item-wrap\"><span class=\"product-attribute__label\">Laius: <\/span><span class=\"product-attribute__value\">55 mm<\/span><\/span><\/li>\n<li class=\"product-attribute__item\"><span class=\"product-attribute__item-wrap\"><span class=\"product-attribute__label\">S\u00fcgavus: <\/span><\/span><span class=\"product-attribute__item-wrap\"><span class=\"product-attribute__value\">136 mm<\/span><\/span><\/li>\n<\/ul>","protected":false},"excerpt":{"rendered":"<p>SCHNEIDER Mootorikaitsel\u00fcliti 48-65A Mootorikaitsel\u00fcliti: \u00dclekoormuskaitse seadistusvahemik: 48 &#8211; 65 A Viivituseta l\u00fchiskatkestuse reguleerimisvahemik: 910 &#8211; 910 A V\u00e4ljal\u00fclitustehnika: Termomagnetilime Nominaalne p\u00fcsivool Iu: 65 A Nominaalne k\u00e4itusv\u00f5imsus AC-3. 230 V korral: 18.5 kW Nimi k\u00e4itusv\u00f5imsus AC-3. 400 V juures: 30 kW Peavooluahela \u00fchenduse t\u00fc\u00fcp: Kruvi\u00fchendus Juhtelemendi liik: P\u00f6\u00f6rake nuppu (p\u00f6\u00f6rdnupp) Seadme ehitus: Komplektne seade korpuses Pooluste [&hellip;]<\/p>","protected":false},"featured_media":6241,"template":"","meta":{"_regular_price":["256.69"],"currency_symbol":[],"ub_ctt_via":""},"product_brand":[],"product_cat":[119],"product_tag":[],"class_list":{"0":"post-6240","1":"product","2":"type-product","3":"status-publish","4":"has-post-thumbnail","6":"product_cat-schneider-kaitseluliti","8":"first","9":"instock","10":"taxable","11":"shipping-taxable","12":"purchasable","13":"product-type-simple"},"post_slider_layout_featured_media_urls":{"thumbnail":["https:\/\/smartal.ee\/wp-content\/uploads\/2024\/04\/pim-169179-2-150x150.jpg",150,150,true],"post_slider_layout_landscape_large":["https:\/\/smartal.ee\/wp-content\/uploads\/2024\/04\/pim-169179-2-1200x800.jpg",1200,800,true],"post_slider_layout_portrait_large":["https:\/\/smartal.ee\/wp-content\/uploads\/2024\/04\/pim-169179-2-1200x1800.jpg",1200,1800,true],"post_slider_layout_square_large":["https:\/\/smartal.ee\/wp-content\/uploads\/2024\/04\/pim-169179-2-1200x1200.jpg",1200,1200,true],"post_slider_layout_landscape":["https:\/\/smartal.ee\/wp-content\/uploads\/2024\/04\/pim-169179-2-600x400.jpg",600,400,true],"post_slider_layout_portrait":["https:\/\/smartal.ee\/wp-content\/uploads\/2024\/04\/pim-169179-2-600x900.jpg",600,900,true],"post_slider_layout_square":["https:\/\/smartal.ee\/wp-content\/uploads\/2024\/04\/pim-169179-2-600x600.jpg",600,600,true],"full":["https:\/\/smartal.ee\/wp-content\/uploads\/2024\/04\/pim-169179-2.jpg",2000,2000,false]},"_links":{"self":[{"href":"https:\/\/smartal.ee\/ru\/wp-json\/wp\/v2\/product\/6240","targetHints":{"allow":["GET"]}}],"collection":[{"href":"https:\/\/smartal.ee\/ru\/wp-json\/wp\/v2\/product"}],"about":[{"href":"https:\/\/smartal.ee\/ru\/wp-json\/wp\/v2\/types\/product"}],"wp:featuredmedia":[{"embeddable":true,"href":"https:\/\/smartal.ee\/ru\/wp-json\/wp\/v2\/media\/6241"}],"wp:attachment":[{"href":"https:\/\/smartal.ee\/ru\/wp-json\/wp\/v2\/media?parent=6240"}],"wp:term":[{"taxonomy":"product_brand","embeddable":true,"href":"https:\/\/smartal.ee\/ru\/wp-json\/wp\/v2\/product_brand?post=6240"},{"taxonomy":"product_cat","embeddable":true,"href":"https:\/\/smartal.ee\/ru\/wp-json\/wp\/v2\/product_cat?post=6240"},{"taxonomy":"product_tag","embeddable":true,"href":"https:\/\/smartal.ee\/ru\/wp-json\/wp\/v2\/product_tag?post=6240"}],"curies":[{"name":"wp","href":"https:\/\/api.w.org\/{rel}","templated":true}]}}