{"id":6597,"date":"2024-08-01T13:50:02","date_gmt":"2024-08-01T10:50:02","guid":{"rendered":"https:\/\/smartal.ee\/?post_type=product&#038;p=6597"},"modified":"2026-01-18T23:25:09","modified_gmt":"2026-01-18T20:25:09","slug":"nurumi-switch-ugs-1010","status":"publish","type":"product","link":"https:\/\/smartal.ee\/ru\/shop\/elekter\/nurumi-switch-ugs-1010\/","title":{"rendered":"NURUMI Switch UGS-1010"},"content":{"rendered":"<h4>NURUMI Switch UGS-1010<\/h4>\n<p><strong>T\u00f6\u00f6stuslik\u00a010 pordiga Ethernet switch<\/strong><\/p>\n<ul>\n<li>10\u00a0liidest 10\/100\/1000TX, Auto MDI\/MDI-X<\/li>\n<li>DIN-liistu kinnitusega<\/li>\n<li>T\u00f6\u00f6pinge: 12..48 VDC<\/li>\n<li>AC 1.5KV Hi-pot isolatsiooni vastupidavus<\/li>\n<li>IP31 alumiiniumkorpus<\/li>\n<li>T\u00f6\u00f6temperatuur: -40..+80\u00b0C<\/li>\n<\/ul>\n<p>&nbsp;<\/p>","protected":false},"excerpt":{"rendered":"<p>NURUMI Switch UGS-1010 T\u00f6\u00f6stuslik\u00a010 pordiga Ethernet switch 10\u00a0liidest 10\/100\/1000TX, Auto MDI\/MDI-X DIN-liistu kinnitusega T\u00f6\u00f6pinge: 12..48 VDC AC 1.5KV Hi-pot isolatsiooni vastupidavus IP31 alumiiniumkorpus T\u00f6\u00f6temperatuur: -40..+80\u00b0C &nbsp;<\/p>","protected":false},"featured_media":6598,"template":"","meta":{"_regular_price":["85.99"],"currency_symbol":[],"ub_ctt_via":""},"product_brand":[],"product_cat":[21],"product_tag":[],"class_list":{"0":"post-6597","1":"product","2":"type-product","3":"status-publish","4":"has-post-thumbnail","6":"product_cat-elekter","8":"first","9":"instock","10":"taxable","11":"shipping-taxable","12":"purchasable","13":"product-type-simple"},"post_slider_layout_featured_media_urls":{"thumbnail":["https:\/\/smartal.ee\/wp-content\/uploads\/2024\/08\/nurumi-ugs-1010__w222__img_id20240620162053-150x127.jpg",150,127,true],"post_slider_layout_landscape_large":["https:\/\/smartal.ee\/wp-content\/uploads\/2024\/08\/nurumi-ugs-1010__w222__img_id20240620162053.jpg",222,127,false],"post_slider_layout_portrait_large":["https:\/\/smartal.ee\/wp-content\/uploads\/2024\/08\/nurumi-ugs-1010__w222__img_id20240620162053.jpg",222,127,false],"post_slider_layout_square_large":["https:\/\/smartal.ee\/wp-content\/uploads\/2024\/08\/nurumi-ugs-1010__w222__img_id20240620162053.jpg",222,127,false],"post_slider_layout_landscape":["https:\/\/smartal.ee\/wp-content\/uploads\/2024\/08\/nurumi-ugs-1010__w222__img_id20240620162053.jpg",222,127,false],"post_slider_layout_portrait":["https:\/\/smartal.ee\/wp-content\/uploads\/2024\/08\/nurumi-ugs-1010__w222__img_id20240620162053.jpg",222,127,false],"post_slider_layout_square":["https:\/\/smartal.ee\/wp-content\/uploads\/2024\/08\/nurumi-ugs-1010__w222__img_id20240620162053.jpg",222,127,false],"full":["https:\/\/smartal.ee\/wp-content\/uploads\/2024\/08\/nurumi-ugs-1010__w222__img_id20240620162053.jpg",222,127,false]},"_links":{"self":[{"href":"https:\/\/smartal.ee\/ru\/wp-json\/wp\/v2\/product\/6597","targetHints":{"allow":["GET"]}}],"collection":[{"href":"https:\/\/smartal.ee\/ru\/wp-json\/wp\/v2\/product"}],"about":[{"href":"https:\/\/smartal.ee\/ru\/wp-json\/wp\/v2\/types\/product"}],"wp:featuredmedia":[{"embeddable":true,"href":"https:\/\/smartal.ee\/ru\/wp-json\/wp\/v2\/media\/6598"}],"wp:attachment":[{"href":"https:\/\/smartal.ee\/ru\/wp-json\/wp\/v2\/media?parent=6597"}],"wp:term":[{"taxonomy":"product_brand","embeddable":true,"href":"https:\/\/smartal.ee\/ru\/wp-json\/wp\/v2\/product_brand?post=6597"},{"taxonomy":"product_cat","embeddable":true,"href":"https:\/\/smartal.ee\/ru\/wp-json\/wp\/v2\/product_cat?post=6597"},{"taxonomy":"product_tag","embeddable":true,"href":"https:\/\/smartal.ee\/ru\/wp-json\/wp\/v2\/product_tag?post=6597"}],"curies":[{"name":"wp","href":"https:\/\/api.w.org\/{rel}","templated":true}]}}