{"id":6599,"date":"2024-08-01T13:54:41","date_gmt":"2024-08-01T10:54:41","guid":{"rendered":"https:\/\/smartal.ee\/?post_type=product&#038;p=6599"},"modified":"2025-06-17T14:11:06","modified_gmt":"2025-06-17T11:11:06","slug":"schneider-astrokell-cct15225","status":"publish","type":"product","link":"https:\/\/smartal.ee\/ru\/shop\/plc\/schneider-plc\/schneider-astrokell-cct15225\/","title":{"rendered":"SCHNEIDER Astrokell CCT15225"},"content":{"rendered":"<h4>Astrokell CCT15225<\/h4>\n<p class=\"main-product-info__description sc-pes-main-product-info\">Acti9 IC Astro 1C SMART programmable twilight switch<\/p>\n<table class=\"specifications-table\">\n<tbody>\n<tr class=\"specifications-table__row\">\n<th class=\"specifications-table__row-heading\">Maximum power consumption in W<\/th>\n<td class=\"specifications-table__cell\"><span class=\"specifications-table__text specifications-table__text--first-letter-uppercase\">0,5 W standby<\/span><\/td>\n<\/tr>\n<tr class=\"specifications-table__row\">\n<th class=\"specifications-table__row-heading\">Maximum switching current<\/th>\n<td class=\"specifications-table__cell\"><span class=\"specifications-table__text specifications-table__text--first-letter-uppercase\">10 A &#8211; 250 V AC 0,6<br \/>\n16 A &#8211; 250 V AC 1<\/span><\/td>\n<\/tr>\n<tr class=\"specifications-table__row\">\n<th class=\"specifications-table__row-heading\">Minimum switching current<\/th>\n<td class=\"specifications-table__cell\"><span class=\"specifications-table__text specifications-table__text--first-letter-uppercase\">10 mA 230 V AC<br \/>\n100 mA 24 V AC\/DC<\/span><\/td>\n<\/tr>\n<tr class=\"specifications-table__row\">\n<th class=\"specifications-table__row-heading\">[Ue] nimit\u00f6\u00f6pinge<\/th>\n<td class=\"specifications-table__cell\"><span class=\"specifications-table__text specifications-table__text--first-letter-uppercase\">230 V AC +10 % -15 %vastavalt50\/60 Hz<\/span><\/td>\n<\/tr>\n<tr class=\"specifications-table__row\">\n<th class=\"specifications-table__row-heading\">Kontaktide t\u00fc\u00fcp ja koostis<\/th>\n<td class=\"specifications-table__cell\"><span class=\"specifications-table__text specifications-table__text--first-letter-uppercase\">C\/O<\/span><\/td>\n<\/tr>\n<tr class=\"specifications-table__row\">\n<th class=\"specifications-table__row-heading\">Juhtimisseadme t\u00fc\u00fcp<\/th>\n<td class=\"specifications-table__cell\"><span class=\"specifications-table__text specifications-table__text--first-letter-uppercase\">By calculation of sunrise\/sunset times<\/span><\/td>\n<\/tr>\n<tr class=\"specifications-table__row\">\n<th class=\"specifications-table__row-heading\">juhtnupu t\u00fc\u00fcp<\/th>\n<td class=\"specifications-table__cell\"><span class=\"specifications-table__text specifications-table__text--first-letter-uppercase\">4 push-buttons<\/span><\/td>\n<\/tr>\n<tr class=\"specifications-table__row\">\n<th class=\"specifications-table__row-heading\">Function available<\/th>\n<td class=\"specifications-table__cell\"><span class=\"specifications-table__text specifications-table__text--first-letter-uppercase\">External input for override<br \/>\nCode lock function<br \/>\nHoliday schedules<br \/>\nAutomaatne talvine\/suvine ajavahetus<br \/>\nOn\/off permanent switching<br \/>\nSunrise\/sunset time offset +\/- 120 min<br \/>\nPosition setting<br \/>\nSwitch preselection<\/span><\/td>\n<\/tr>\n<tr class=\"specifications-table__row\">\n<th class=\"specifications-table__row-heading\">Load type<\/th>\n<td class=\"specifications-table__cell\"><span class=\"specifications-table__text specifications-table__text--first-letter-uppercase\">H\u00f5\u00f5glamp 2600 W<br \/>\nHalogeenlamp 2600 W<br \/>\nNon-corrected fluorescent tube 2300 VA<br \/>\nSerial-compensated fluorescent tube 2300 VA<br \/>\nParalleelselt kompenseeritud luminofoorlamp 730 VA 80 \u00b5F<br \/>\nKompaktluminofoorlamp 170 W<br \/>\nLED-lamp &lt; 2 W 30 W<br \/>\nLED-lamp &gt; 2 W 200 W<\/span><\/td>\n<\/tr>\n<tr class=\"specifications-table__row\">\n<th class=\"specifications-table__row-heading\">Accuracy<\/th>\n<td class=\"specifications-table__cell\"><span class=\"specifications-table__text specifications-table__text--first-letter-uppercase\">+\/- 0.25 s\/day 25 \u00b0C<\/span><\/td>\n<\/tr>\n<tr class=\"specifications-table__row\">\n<th class=\"specifications-table__row-heading\">V\u00e4ljundi t\u00fc\u00fcp<\/th>\n<td class=\"specifications-table__cell\"><span class=\"specifications-table__text specifications-table__text--first-letter-uppercase\">Dry contact<\/span><\/td>\n<\/tr>\n<tr class=\"specifications-table__row\">\n<th class=\"specifications-table__row-heading\">T\u00f6\u00f6re\u017eiim<\/th>\n<td class=\"specifications-table__cell\"><span class=\"specifications-table__text specifications-table__text--first-letter-uppercase\">Evening on, morning off<br \/>\nEvening off, morning on inactive<br \/>\nOnly timer switch is active<\/span><\/td>\n<\/tr>\n<tr class=\"specifications-table__row\">\n<th class=\"specifications-table__row-heading\">Maksimaalne l\u00fclituste arv<\/th>\n<td class=\"specifications-table__cell\"><span class=\"specifications-table__text specifications-table__text--first-letter-uppercase\">84<\/span><\/td>\n<\/tr>\n<\/tbody>\n<\/table>\n<p>&nbsp;<\/p>","protected":false},"excerpt":{"rendered":"<p>Astrokell CCT15225 Acti9 IC Astro 1C SMART programmable twilight switch Maximum power consumption in W 0,5 W standby Maximum switching current 10 A &#8211; 250 V AC 0,6 16 A &#8211; 250 V AC 1 Minimum switching current 10 mA 230 V AC 100 mA 24 V AC\/DC [Ue] nimit\u00f6\u00f6pinge 230 V AC +10 % [&hellip;]<\/p>","protected":false},"featured_media":6600,"template":"","meta":{"_regular_price":["154.39"],"currency_symbol":[],"ub_ctt_via":""},"product_brand":[],"product_cat":[45,75],"product_tag":[],"class_list":{"0":"post-6599","1":"product","2":"type-product","3":"status-publish","4":"has-post-thumbnail","6":"product_cat-schneider-plc","7":"product_cat-uld","9":"first","10":"onbackorder","11":"taxable","12":"shipping-taxable","13":"purchasable","14":"product-type-simple"},"post_slider_layout_featured_media_urls":{"thumbnail":["https:\/\/smartal.ee\/wp-content\/uploads\/2024\/08\/CCT15225_Angle_1500x1500-150x150.jpg",150,150,true],"post_slider_layout_landscape_large":["https:\/\/smartal.ee\/wp-content\/uploads\/2024\/08\/CCT15225_Angle_1500x1500-1200x800.jpg",1200,800,true],"post_slider_layout_portrait_large":["https:\/\/smartal.ee\/wp-content\/uploads\/2024\/08\/CCT15225_Angle_1500x1500-1200x1500.jpg",1200,1500,true],"post_slider_layout_square_large":["https:\/\/smartal.ee\/wp-content\/uploads\/2024\/08\/CCT15225_Angle_1500x1500-1200x1200.jpg",1200,1200,true],"post_slider_layout_landscape":["https:\/\/smartal.ee\/wp-content\/uploads\/2024\/08\/CCT15225_Angle_1500x1500-600x400.jpg",600,400,true],"post_slider_layout_portrait":["https:\/\/smartal.ee\/wp-content\/uploads\/2024\/08\/CCT15225_Angle_1500x1500-600x900.jpg",600,900,true],"post_slider_layout_square":["https:\/\/smartal.ee\/wp-content\/uploads\/2024\/08\/CCT15225_Angle_1500x1500-600x600.jpg",600,600,true],"full":["https:\/\/smartal.ee\/wp-content\/uploads\/2024\/08\/CCT15225_Angle_1500x1500.jpg",1500,1500,false]},"_links":{"self":[{"href":"https:\/\/smartal.ee\/ru\/wp-json\/wp\/v2\/product\/6599","targetHints":{"allow":["GET"]}}],"collection":[{"href":"https:\/\/smartal.ee\/ru\/wp-json\/wp\/v2\/product"}],"about":[{"href":"https:\/\/smartal.ee\/ru\/wp-json\/wp\/v2\/types\/product"}],"wp:featuredmedia":[{"embeddable":true,"href":"https:\/\/smartal.ee\/ru\/wp-json\/wp\/v2\/media\/6600"}],"wp:attachment":[{"href":"https:\/\/smartal.ee\/ru\/wp-json\/wp\/v2\/media?parent=6599"}],"wp:term":[{"taxonomy":"product_brand","embeddable":true,"href":"https:\/\/smartal.ee\/ru\/wp-json\/wp\/v2\/product_brand?post=6599"},{"taxonomy":"product_cat","embeddable":true,"href":"https:\/\/smartal.ee\/ru\/wp-json\/wp\/v2\/product_cat?post=6599"},{"taxonomy":"product_tag","embeddable":true,"href":"https:\/\/smartal.ee\/ru\/wp-json\/wp\/v2\/product_tag?post=6599"}],"curies":[{"name":"wp","href":"https:\/\/api.w.org\/{rel}","templated":true}]}}