{"id":6707,"date":"2024-09-12T15:30:32","date_gmt":"2024-09-12T12:30:32","guid":{"rendered":"https:\/\/smartal.ee\/?post_type=product&#038;p=6707"},"modified":"2025-06-16T18:54:11","modified_gmt":"2025-06-16T15:54:11","slug":"cejn-voolikurull-95x135-5-14m-hi-vision-voolikupikkus-r3-8","status":"publish","type":"product","link":"https:\/\/smartal.ee\/ru\/shop\/toostustehnika\/cejn\/cejn-voolikurull-95x135-5-14m-hi-vision-voolikupikkus-r3-8\/","title":{"rendered":"CEJN Voolikurull 9,5&#215;13,5 5-14m HI-VISION Voolikupikkus R3\/8&#8243;"},"content":{"rendered":"<h3>CEJN Voolikurull 9,5&#215;13,5 5-14m HI-VISION Voolikupikkus R3\/8&#8243;<\/h3>\n<p>Suru\u00f5huvooliku rull<br \/>\nSuur vooluhulk ja madal r\u00f5hulangus<br \/>\nAeglane ja tugev tagasit\u00f5mbumine<br \/>\nVastupidav konstruktsioon<br \/>\nPehme stop-kuul, mis hoiab \u00e4ra komistamisohu<\/p>\n<p>CEJN Safety Reel on vastupidav voolikurull, mis tagab suurep\u00e4rase j\u00f5udluse t\u00e4nu t\u00e4isvooluga patenteeritud disainile, mis erinevalt enamikust rullidest ei piira voolu. See annab t\u00f6\u00f6riistadele maksimaalse v\u00f5imsuse, s\u00e4\u00e4stes nii energiat kui ka aega. See voolikurull on ideaalne turvaliseks t\u00f6\u00f6kohaks. Aeglane tagasit\u00f5mbefunktsioon, vooliku juhtimine, PUR-voolik, pehme stoppkuul komistamise v\u00e4ltimiseks ja murdevastased turvafunktsioonid on vaid m\u00f5ned n\u00e4ited sellest, mis teeb need turvarullid turul parimaks. Rull v\u00f5ib p\u00f6\u00f6rata 180 kraadi, v\u00f5imaldades operaatoril vabalt ringi liikuda ning aeglane tagasit\u00f5mbamine muudab selle k\u00e4sitsemise ohutuks ja h\u00f5lpsaks k\u00f5igile. Kui voolikut on vaja vahetada, saab seda t\u00e4nu nutikale disainile lihtsalt teha.<\/p>\n<h2>Kirjeldus<\/h2>\n<p>Category Small reel<br \/>\nHose length on reel 14 m<br \/>\nHose material PUR<br \/>\nReel material Plastic<br \/>\nWeight 6.5 kg<br \/>\nID x OD 9.5 x 13.5 mm<br \/>\nConnection Inlet R 3\/8\u2033 Male<br \/>\nConnection Outlet R 3\/8\u2033 Male<br \/>\nMax working pressure 16 bar<br \/>\nHose variants Hi-vis<br \/>\nHose colour Hi-vis green<\/p>\n<p>&nbsp;<\/p>\n<div class=\"row\">\n<div class=\"col-md-8\">\n<p class=\"c-series-data__paragraph\">\n<\/div>\n<\/div>","protected":false},"excerpt":{"rendered":"<p>CEJN Voolikurull 9,5&#215;13,5 5-14m HI-VISION Voolikupikkus R3\/8&#8243; Suru\u00f5huvooliku rull Suur vooluhulk ja madal r\u00f5hulangus Aeglane ja tugev tagasit\u00f5mbumine Vastupidav konstruktsioon Pehme stop-kuul, mis hoiab \u00e4ra komistamisohu CEJN Safety Reel on vastupidav voolikurull, mis tagab suurep\u00e4rase j\u00f5udluse t\u00e4nu t\u00e4isvooluga patenteeritud disainile, mis erinevalt enamikust rullidest ei piira voolu. See annab t\u00f6\u00f6riistadele maksimaalse v\u00f5imsuse, s\u00e4\u00e4stes nii energiat [&hellip;]<\/p>","protected":false},"featured_media":6708,"template":"","meta":{"_regular_price":["462.45"],"currency_symbol":[],"ub_ctt_via":""},"product_brand":[],"product_cat":[128],"product_tag":[],"class_list":{"0":"post-6707","1":"product","2":"type-product","3":"status-publish","4":"has-post-thumbnail","6":"product_cat-cejn","8":"first","9":"onbackorder","10":"taxable","11":"shipping-taxable","12":"purchasable","13":"product-type-simple"},"post_slider_layout_featured_media_urls":{"thumbnail":["https:\/\/smartal.ee\/wp-content\/uploads\/2024\/09\/safety-reel-closed-air-single-19-hi-vis-hose-cejn-150x150.jpg",150,150,true],"post_slider_layout_landscape_large":["https:\/\/smartal.ee\/wp-content\/uploads\/2024\/09\/safety-reel-closed-air-single-19-hi-vis-hose-cejn.jpg",700,701,false],"post_slider_layout_portrait_large":["https:\/\/smartal.ee\/wp-content\/uploads\/2024\/09\/safety-reel-closed-air-single-19-hi-vis-hose-cejn.jpg",700,701,false],"post_slider_layout_square_large":["https:\/\/smartal.ee\/wp-content\/uploads\/2024\/09\/safety-reel-closed-air-single-19-hi-vis-hose-cejn.jpg",700,701,false],"post_slider_layout_landscape":["https:\/\/smartal.ee\/wp-content\/uploads\/2024\/09\/safety-reel-closed-air-single-19-hi-vis-hose-cejn-600x400.jpg",600,400,true],"post_slider_layout_portrait":["https:\/\/smartal.ee\/wp-content\/uploads\/2024\/09\/safety-reel-closed-air-single-19-hi-vis-hose-cejn-600x701.jpg",600,701,true],"post_slider_layout_square":["https:\/\/smartal.ee\/wp-content\/uploads\/2024\/09\/safety-reel-closed-air-single-19-hi-vis-hose-cejn-600x600.jpg",600,600,true],"full":["https:\/\/smartal.ee\/wp-content\/uploads\/2024\/09\/safety-reel-closed-air-single-19-hi-vis-hose-cejn.jpg",700,701,false]},"_links":{"self":[{"href":"https:\/\/smartal.ee\/ru\/wp-json\/wp\/v2\/product\/6707","targetHints":{"allow":["GET"]}}],"collection":[{"href":"https:\/\/smartal.ee\/ru\/wp-json\/wp\/v2\/product"}],"about":[{"href":"https:\/\/smartal.ee\/ru\/wp-json\/wp\/v2\/types\/product"}],"wp:featuredmedia":[{"embeddable":true,"href":"https:\/\/smartal.ee\/ru\/wp-json\/wp\/v2\/media\/6708"}],"wp:attachment":[{"href":"https:\/\/smartal.ee\/ru\/wp-json\/wp\/v2\/media?parent=6707"}],"wp:term":[{"taxonomy":"product_brand","embeddable":true,"href":"https:\/\/smartal.ee\/ru\/wp-json\/wp\/v2\/product_brand?post=6707"},{"taxonomy":"product_cat","embeddable":true,"href":"https:\/\/smartal.ee\/ru\/wp-json\/wp\/v2\/product_cat?post=6707"},{"taxonomy":"product_tag","embeddable":true,"href":"https:\/\/smartal.ee\/ru\/wp-json\/wp\/v2\/product_tag?post=6707"}],"curies":[{"name":"wp","href":"https:\/\/api.w.org\/{rel}","templated":true}]}}