{"id":6877,"date":"2024-09-30T10:38:08","date_gmt":"2024-09-30T07:38:08","guid":{"rendered":"https:\/\/smartal.ee\/?post_type=product&#038;p=6877"},"modified":"2025-06-16T18:39:29","modified_gmt":"2025-06-16T15:39:29","slug":"phoenix-contact-turvarelee-psr-mc30-2no-1do-24dc-sp","status":"publish","type":"product","link":"https:\/\/smartal.ee\/ru\/shop\/uncategorized\/turvarelee-ja-turvaandurid\/phoenix-contact\/phoenix-contact-turvarelee-psr-mc30-2no-1do-24dc-sp\/","title":{"rendered":"PHOENIX CONTACT Turvarelee PSR-MC30-2NO-1DO-24DC-SP"},"content":{"rendered":"<h4>PHOENIX CONTACT Turvarelee PSR-MC30-2NO-1DO-24DC-SP<\/h4>\n<p>Ohutusrelee h\u00e4daseiskamiseks ja turvauksed kuni SIL 3, kat. 4, PL e, 1- v\u00f5i 2-kanaliline t\u00f6\u00f6, automaatne v\u00f5i manuaalne, j\u00e4lgitav k\u00e4ivitus, ristahela tuvastamine, 2 lubavat vooluteed, US = 24 V DC, pistikupesa Push-in klemmiplokk<\/p>","protected":false},"excerpt":{"rendered":"<p>PHOENIX CONTACT Turvarelee PSR-MC30-2NO-1DO-24DC-SP Ohutusrelee h\u00e4daseiskamiseks ja turvauksed kuni SIL 3, kat. 4, PL e, 1- v\u00f5i 2-kanaliline t\u00f6\u00f6, automaatne v\u00f5i manuaalne, j\u00e4lgitav k\u00e4ivitus, ristahela tuvastamine, 2 lubavat vooluteed, US = 24 V DC, pistikupesa Push-in klemmiplokk<\/p>","protected":false},"featured_media":6878,"template":"","meta":{"_regular_price":["178.89"],"currency_symbol":[],"ub_ctt_via":""},"product_brand":[],"product_cat":[154],"product_tag":[],"class_list":{"0":"post-6877","1":"product","2":"type-product","3":"status-publish","4":"has-post-thumbnail","6":"product_cat-phoenix-contact","8":"first","9":"onbackorder","10":"taxable","11":"shipping-taxable","12":"purchasable","13":"product-type-simple"},"post_slider_layout_featured_media_urls":{"thumbnail":["https:\/\/smartal.ee\/wp-content\/uploads\/2024\/09\/00123531_full_b408-150x150.jpg",150,150,true],"post_slider_layout_landscape_large":["https:\/\/smartal.ee\/wp-content\/uploads\/2024\/09\/00123531_full_b408.jpg",408,408,false],"post_slider_layout_portrait_large":["https:\/\/smartal.ee\/wp-content\/uploads\/2024\/09\/00123531_full_b408.jpg",408,408,false],"post_slider_layout_square_large":["https:\/\/smartal.ee\/wp-content\/uploads\/2024\/09\/00123531_full_b408.jpg",408,408,false],"post_slider_layout_landscape":["https:\/\/smartal.ee\/wp-content\/uploads\/2024\/09\/00123531_full_b408.jpg",400,400,false],"post_slider_layout_portrait":["https:\/\/smartal.ee\/wp-content\/uploads\/2024\/09\/00123531_full_b408.jpg",408,408,false],"post_slider_layout_square":["https:\/\/smartal.ee\/wp-content\/uploads\/2024\/09\/00123531_full_b408.jpg",408,408,false],"full":["https:\/\/smartal.ee\/wp-content\/uploads\/2024\/09\/00123531_full_b408.jpg",408,408,false]},"_links":{"self":[{"href":"https:\/\/smartal.ee\/ru\/wp-json\/wp\/v2\/product\/6877","targetHints":{"allow":["GET"]}}],"collection":[{"href":"https:\/\/smartal.ee\/ru\/wp-json\/wp\/v2\/product"}],"about":[{"href":"https:\/\/smartal.ee\/ru\/wp-json\/wp\/v2\/types\/product"}],"wp:featuredmedia":[{"embeddable":true,"href":"https:\/\/smartal.ee\/ru\/wp-json\/wp\/v2\/media\/6878"}],"wp:attachment":[{"href":"https:\/\/smartal.ee\/ru\/wp-json\/wp\/v2\/media?parent=6877"}],"wp:term":[{"taxonomy":"product_brand","embeddable":true,"href":"https:\/\/smartal.ee\/ru\/wp-json\/wp\/v2\/product_brand?post=6877"},{"taxonomy":"product_cat","embeddable":true,"href":"https:\/\/smartal.ee\/ru\/wp-json\/wp\/v2\/product_cat?post=6877"},{"taxonomy":"product_tag","embeddable":true,"href":"https:\/\/smartal.ee\/ru\/wp-json\/wp\/v2\/product_tag?post=6877"}],"curies":[{"name":"wp","href":"https:\/\/api.w.org\/{rel}","templated":true}]}}