{"id":6879,"date":"2024-09-30T10:58:39","date_gmt":"2024-09-30T07:58:39","guid":{"rendered":"https:\/\/smartal.ee\/?post_type=product&#038;p=6879"},"modified":"2025-06-16T18:37:19","modified_gmt":"2025-06-16T15:37:19","slug":"phoenix-contact-turvarelee-psr-mc30-2no-1do-24dc-sp-kopeeri","status":"publish","type":"product","link":"https:\/\/smartal.ee\/ru\/shop\/uncategorized\/turvarelee-ja-turvaandurid\/phoenix-contact\/phoenix-contact-turvarelee-psr-mc30-2no-1do-24dc-sp-kopeeri\/","title":{"rendered":"PHOENIX CONTACT Turvaandur PSR-CT-M-SEN-1-8"},"content":{"rendered":"<h4>PHOENIX CONTACT Turvaandur PSR-CT-M-SEN-1-8<\/h4>\n<p>Mahtuvus andur\u00a0 kuni kat. 4, PL e (EN ISO 13849), SIL 3 (IEC 61508), RFID-kodeeringuga mitmekoodiandur, mudel 4 (EN ISO 14119), automaatne v\u00f5i k\u00e4sitsi k\u00e4ivitamine, integreeritud diagnostika, 24 V alalisvoolu toide, IP69K, M12 pistik<\/p>\n<p>kassas tuleb tellida vastuv\u00f5tja\u00a0<strong> 2702973 PSR-CT-C-ACT<\/strong><\/p>\n<p>Proximity safety circuit up to Cat.\u00a04, PL\u00a0e (EN\u00a0ISO\u00a013849), SIL\u00a03 (IEC\u00a061508), multicode sensor with RFID coding, model\u00a04 (EN\u00a0ISO\u00a014119), automatic or manual start, integrated diagnostics, 24\u00a0V\u00a0DC supply, IP69K, M12 connector<\/p>","protected":false},"excerpt":{"rendered":"<p>PHOENIX CONTACT Turvaandur PSR-CT-M-SEN-1-8 Mahtuvus andur\u00a0 kuni kat. 4, PL e (EN ISO 13849), SIL 3 (IEC 61508), RFID-kodeeringuga mitmekoodiandur, mudel 4 (EN ISO 14119), automaatne v\u00f5i k\u00e4sitsi k\u00e4ivitamine, integreeritud diagnostika, 24 V alalisvoolu toide, IP69K, M12 pistik kassas tuleb tellida vastuv\u00f5tja\u00a0 2702973 PSR-CT-C-ACT Proximity safety circuit up to Cat.\u00a04, PL\u00a0e (EN\u00a0ISO\u00a013849), SIL\u00a03 (IEC\u00a061508), multicode [&hellip;]<\/p>","protected":false},"featured_media":6881,"template":"","meta":{"_regular_price":["166.69"],"currency_symbol":[],"ub_ctt_via":""},"product_brand":[],"product_cat":[154],"product_tag":[],"class_list":{"0":"post-6879","1":"product","2":"type-product","3":"status-publish","4":"has-post-thumbnail","6":"product_cat-phoenix-contact","8":"first","9":"onbackorder","10":"taxable","11":"shipping-taxable","12":"purchasable","13":"product-type-simple"},"post_slider_layout_featured_media_urls":{"thumbnail":["https:\/\/smartal.ee\/wp-content\/uploads\/2024\/09\/00134410_full_b1500-150x150.jpg",150,150,true],"post_slider_layout_landscape_large":["https:\/\/smartal.ee\/wp-content\/uploads\/2024\/09\/00134410_full_b1500.jpg",800,800,false],"post_slider_layout_portrait_large":["https:\/\/smartal.ee\/wp-content\/uploads\/2024\/09\/00134410_full_b1500.jpg",1200,1200,false],"post_slider_layout_square_large":["https:\/\/smartal.ee\/wp-content\/uploads\/2024\/09\/00134410_full_b1500.jpg",1200,1200,false],"post_slider_layout_landscape":["https:\/\/smartal.ee\/wp-content\/uploads\/2024\/09\/00134410_full_b1500.jpg",400,400,false],"post_slider_layout_portrait":["https:\/\/smartal.ee\/wp-content\/uploads\/2024\/09\/00134410_full_b1500.jpg",600,600,false],"post_slider_layout_square":["https:\/\/smartal.ee\/wp-content\/uploads\/2024\/09\/00134410_full_b1500.jpg",600,600,false],"full":["https:\/\/smartal.ee\/wp-content\/uploads\/2024\/09\/00134410_full_b1500.jpg",1500,1500,false]},"_links":{"self":[{"href":"https:\/\/smartal.ee\/ru\/wp-json\/wp\/v2\/product\/6879","targetHints":{"allow":["GET"]}}],"collection":[{"href":"https:\/\/smartal.ee\/ru\/wp-json\/wp\/v2\/product"}],"about":[{"href":"https:\/\/smartal.ee\/ru\/wp-json\/wp\/v2\/types\/product"}],"wp:featuredmedia":[{"embeddable":true,"href":"https:\/\/smartal.ee\/ru\/wp-json\/wp\/v2\/media\/6881"}],"wp:attachment":[{"href":"https:\/\/smartal.ee\/ru\/wp-json\/wp\/v2\/media?parent=6879"}],"wp:term":[{"taxonomy":"product_brand","embeddable":true,"href":"https:\/\/smartal.ee\/ru\/wp-json\/wp\/v2\/product_brand?post=6879"},{"taxonomy":"product_cat","embeddable":true,"href":"https:\/\/smartal.ee\/ru\/wp-json\/wp\/v2\/product_cat?post=6879"},{"taxonomy":"product_tag","embeddable":true,"href":"https:\/\/smartal.ee\/ru\/wp-json\/wp\/v2\/product_tag?post=6879"}],"curies":[{"name":"wp","href":"https:\/\/api.w.org\/{rel}","templated":true}]}}