{"id":6882,"date":"2024-09-30T11:30:54","date_gmt":"2024-09-30T08:30:54","guid":{"rendered":"https:\/\/smartal.ee\/?post_type=product&#038;p=6882"},"modified":"2025-06-16T18:36:50","modified_gmt":"2025-06-16T15:36:50","slug":"phoenix-contact-turvaanduri-vastuvotja-psr-ct-c-act","status":"publish","type":"product","link":"https:\/\/smartal.ee\/ru\/shop\/uncategorized\/turvarelee-ja-turvaandurid\/phoenix-contact\/phoenix-contact-turvaanduri-vastuvotja-psr-ct-c-act\/","title":{"rendered":"PHOENIX CONTACT Turvaanduri vastuv\u00f5tja PSR-CT-C-ACT"},"content":{"rendered":"<h4>PHOENIX CONTACT Turvaanduri vastuv\u00f5tja\u00a0 <span class=\"pr-product-title__designation\">PSR-CT-C-ACT<\/span><\/h4>\n<p>Mahtuvus anduri\u00a0 vastuv\u00f5tja kuni kat.4, PL e (EN ISO 13849), SIL 3 (IEC 61508), kodeeritud ajam, sobib k\u00f5igi anduri kodeerimist\u00fc\u00fcpidega, IP69K<\/p>\n<p><span class=\"pr-product-title__designation\">PSR-CT-C-ACT<\/span>\u00a0&#8211;\u00a0<span class=\"pr-product-title__product-type-description\">Safety switch actuator<\/span><\/p>\n<p>Proximity safety circuit up to Cat.\u00a04, PL\u00a0e (EN\u00a0ISO\u00a013849), SIL\u00a03 (IEC\u00a061508), coded actuator, compatible with all sensor coding types, supplied inductively via the sensor, IP69K<\/p>","protected":false},"excerpt":{"rendered":"<p>PHOENIX CONTACT Turvaanduri vastuv\u00f5tja\u00a0 PSR-CT-C-ACT Mahtuvus anduri\u00a0 vastuv\u00f5tja kuni kat.4, PL e (EN ISO 13849), SIL 3 (IEC 61508), kodeeritud ajam, sobib k\u00f5igi anduri kodeerimist\u00fc\u00fcpidega, IP69K PSR-CT-C-ACT\u00a0&#8211;\u00a0Safety switch actuator Proximity safety circuit up to Cat.\u00a04, PL\u00a0e (EN\u00a0ISO\u00a013849), SIL\u00a03 (IEC\u00a061508), coded actuator, compatible with all sensor coding types, supplied inductively via the sensor, IP69K<\/p>","protected":false},"featured_media":6883,"template":"","meta":{"_regular_price":["36.59"],"currency_symbol":[],"ub_ctt_via":""},"product_brand":[],"product_cat":[154],"product_tag":[],"class_list":{"0":"post-6882","1":"product","2":"type-product","3":"status-publish","4":"has-post-thumbnail","6":"product_cat-phoenix-contact","8":"first","9":"onbackorder","10":"taxable","11":"shipping-taxable","12":"purchasable","13":"product-type-simple"},"post_slider_layout_featured_media_urls":{"thumbnail":["https:\/\/smartal.ee\/wp-content\/uploads\/2024\/09\/00134411_full_b408-150x150.jpg",150,150,true],"post_slider_layout_landscape_large":["https:\/\/smartal.ee\/wp-content\/uploads\/2024\/09\/00134411_full_b408.jpg",408,408,false],"post_slider_layout_portrait_large":["https:\/\/smartal.ee\/wp-content\/uploads\/2024\/09\/00134411_full_b408.jpg",408,408,false],"post_slider_layout_square_large":["https:\/\/smartal.ee\/wp-content\/uploads\/2024\/09\/00134411_full_b408.jpg",408,408,false],"post_slider_layout_landscape":["https:\/\/smartal.ee\/wp-content\/uploads\/2024\/09\/00134411_full_b408.jpg",400,400,false],"post_slider_layout_portrait":["https:\/\/smartal.ee\/wp-content\/uploads\/2024\/09\/00134411_full_b408.jpg",408,408,false],"post_slider_layout_square":["https:\/\/smartal.ee\/wp-content\/uploads\/2024\/09\/00134411_full_b408.jpg",408,408,false],"full":["https:\/\/smartal.ee\/wp-content\/uploads\/2024\/09\/00134411_full_b408.jpg",408,408,false]},"_links":{"self":[{"href":"https:\/\/smartal.ee\/ru\/wp-json\/wp\/v2\/product\/6882","targetHints":{"allow":["GET"]}}],"collection":[{"href":"https:\/\/smartal.ee\/ru\/wp-json\/wp\/v2\/product"}],"about":[{"href":"https:\/\/smartal.ee\/ru\/wp-json\/wp\/v2\/types\/product"}],"wp:featuredmedia":[{"embeddable":true,"href":"https:\/\/smartal.ee\/ru\/wp-json\/wp\/v2\/media\/6883"}],"wp:attachment":[{"href":"https:\/\/smartal.ee\/ru\/wp-json\/wp\/v2\/media?parent=6882"}],"wp:term":[{"taxonomy":"product_brand","embeddable":true,"href":"https:\/\/smartal.ee\/ru\/wp-json\/wp\/v2\/product_brand?post=6882"},{"taxonomy":"product_cat","embeddable":true,"href":"https:\/\/smartal.ee\/ru\/wp-json\/wp\/v2\/product_cat?post=6882"},{"taxonomy":"product_tag","embeddable":true,"href":"https:\/\/smartal.ee\/ru\/wp-json\/wp\/v2\/product_tag?post=6882"}],"curies":[{"name":"wp","href":"https:\/\/api.w.org\/{rel}","templated":true}]}}