{"id":6886,"date":"2024-09-30T11:50:32","date_gmt":"2024-09-30T08:50:32","guid":{"rendered":"https:\/\/smartal.ee\/?post_type=product&#038;p=6886"},"modified":"2025-06-16T18:35:45","modified_gmt":"2025-06-16T15:35:45","slug":"phoenix-contact-turvarelee-psr-ms20-1no-1do-24dc-sc","status":"publish","type":"product","link":"https:\/\/smartal.ee\/ru\/shop\/uncategorized\/turvarelee-ja-turvaandurid\/phoenix-contact\/phoenix-contact-turvarelee-psr-ms20-1no-1do-24dc-sc\/","title":{"rendered":"PHOENIX CONTACT Turvarelee  PSR-MS20-1NO-1DO-24DC-SC"},"content":{"rendered":"<h4>PHOENIX CONTACT Turvarelee PSR-MS20-1NO-1DO-24DC-SC<\/h4>\n<p>Ohutusrelee h\u00e4daseiskamiseks ja turvauksed kuni SIL 1, kat. 1, PL c, olenevalt rakendusest kuni SIL 3, Cat. 4, PL e, 1-kanaliline t\u00f6\u00f6, automaatk\u00e4ivitus, 1 lubav voolutee, US = 24 V DC, fikseeritud kruviga klemmiplokk<\/p>\n<p>Safety relay for emergency stop and safety doors up to SIL\u00a01, Cat.\u00a01, PL\u00a0c, depending on the application up to SIL\u00a03, Cat.\u00a04, PL\u00a0e, 1-channel operation, automatic start, 1 enabling current path, U<sub>S<\/sub>\u00a0=\u00a024\u00a0V\u00a0DC, fixed screw terminal block<\/p>","protected":false},"excerpt":{"rendered":"<p>PHOENIX CONTACT Turvarelee PSR-MS20-1NO-1DO-24DC-SC Ohutusrelee h\u00e4daseiskamiseks ja turvauksed kuni SIL 1, kat. 1, PL c, olenevalt rakendusest kuni SIL 3, Cat. 4, PL e, 1-kanaliline t\u00f6\u00f6, automaatk\u00e4ivitus, 1 lubav voolutee, US = 24 V DC, fikseeritud kruviga klemmiplokk Safety relay for emergency stop and safety doors up to SIL\u00a01, Cat.\u00a01, PL\u00a0c, depending on the application [&hellip;]<\/p>","protected":false},"featured_media":6887,"template":"","meta":{"_regular_price":["140.25"],"currency_symbol":[],"ub_ctt_via":""},"product_brand":[],"product_cat":[154],"product_tag":[],"class_list":{"0":"post-6886","1":"product","2":"type-product","3":"status-publish","4":"has-post-thumbnail","6":"product_cat-phoenix-contact","8":"first","9":"onbackorder","10":"taxable","11":"shipping-taxable","12":"purchasable","13":"product-type-simple"},"post_slider_layout_featured_media_urls":{"thumbnail":["https:\/\/smartal.ee\/wp-content\/uploads\/2024\/09\/00123176_full_b408-150x150.jpg",150,150,true],"post_slider_layout_landscape_large":["https:\/\/smartal.ee\/wp-content\/uploads\/2024\/09\/00123176_full_b408.jpg",408,408,false],"post_slider_layout_portrait_large":["https:\/\/smartal.ee\/wp-content\/uploads\/2024\/09\/00123176_full_b408.jpg",408,408,false],"post_slider_layout_square_large":["https:\/\/smartal.ee\/wp-content\/uploads\/2024\/09\/00123176_full_b408.jpg",408,408,false],"post_slider_layout_landscape":["https:\/\/smartal.ee\/wp-content\/uploads\/2024\/09\/00123176_full_b408.jpg",400,400,false],"post_slider_layout_portrait":["https:\/\/smartal.ee\/wp-content\/uploads\/2024\/09\/00123176_full_b408.jpg",408,408,false],"post_slider_layout_square":["https:\/\/smartal.ee\/wp-content\/uploads\/2024\/09\/00123176_full_b408.jpg",408,408,false],"full":["https:\/\/smartal.ee\/wp-content\/uploads\/2024\/09\/00123176_full_b408.jpg",408,408,false]},"_links":{"self":[{"href":"https:\/\/smartal.ee\/ru\/wp-json\/wp\/v2\/product\/6886","targetHints":{"allow":["GET"]}}],"collection":[{"href":"https:\/\/smartal.ee\/ru\/wp-json\/wp\/v2\/product"}],"about":[{"href":"https:\/\/smartal.ee\/ru\/wp-json\/wp\/v2\/types\/product"}],"wp:featuredmedia":[{"embeddable":true,"href":"https:\/\/smartal.ee\/ru\/wp-json\/wp\/v2\/media\/6887"}],"wp:attachment":[{"href":"https:\/\/smartal.ee\/ru\/wp-json\/wp\/v2\/media?parent=6886"}],"wp:term":[{"taxonomy":"product_brand","embeddable":true,"href":"https:\/\/smartal.ee\/ru\/wp-json\/wp\/v2\/product_brand?post=6886"},{"taxonomy":"product_cat","embeddable":true,"href":"https:\/\/smartal.ee\/ru\/wp-json\/wp\/v2\/product_cat?post=6886"},{"taxonomy":"product_tag","embeddable":true,"href":"https:\/\/smartal.ee\/ru\/wp-json\/wp\/v2\/product_tag?post=6886"}],"curies":[{"name":"wp","href":"https:\/\/api.w.org\/{rel}","templated":true}]}}