{"id":6966,"date":"2024-10-28T14:17:24","date_gmt":"2024-10-28T11:17:24","guid":{"rendered":"https:\/\/smartal.ee\/?post_type=product&#038;p=6966"},"modified":"2026-04-05T21:18:52","modified_gmt":"2026-04-05T18:18:52","slug":"toostusvalgusti-harbour-duo-30w-60w-840-3930-6920lm-l1500-ip65-ik08","status":"publish","type":"product","link":"https:\/\/smartal.ee\/ru\/shop\/valgustid\/toostusvalgusti-harbour-duo-30w-60w-840-3930-6920lm-l1500-ip65-ik08\/","title":{"rendered":"T\u00d6\u00d6STUSVALGUSTI HARBOUR EXPRESS CCT3 25W\/33W\/42W\/50W 840\/850\/865 4190\/5460\/6730\/7860LM L1500 IP66 IK10"},"content":{"rendered":"<h4 class=\"h1\">T\u00d6\u00d6STUSVALGUSTI HARBOUR EXPRESS CCT3<\/h4>\n<h4 class=\"h1\">Seadistatav v\u00f5imsus:\u00a0 25W\/33W\/42W\/50W 840\/850\/865 4190\/5460\/6730\/7860LM<\/h4>\n<h4 class=\"h1\">Pikkus: 1500mm<\/h4>\n<h4 class=\"h1\">Kaitseklass: IP66 IK10<\/h4>\n<p>&nbsp;<\/p>\n<p>&nbsp;<\/p>\n<p>&nbsp;<\/p>","protected":false},"excerpt":{"rendered":"<p>T\u00d6\u00d6STUSVALGUSTI HARBOUR EXPRESS CCT3 Seadistatav v\u00f5imsus:\u00a0 25W\/33W\/42W\/50W 840\/850\/865 4190\/5460\/6730\/7860LM Pikkus: 1500mm Kaitseklass: IP66 IK10 &nbsp; &nbsp; &nbsp;<\/p>","protected":false},"featured_media":7848,"template":"","meta":{"_regular_price":["48.99"],"currency_symbol":[],"ub_ctt_via":""},"product_brand":[],"product_cat":[40],"product_tag":[],"class_list":{"0":"post-6966","1":"product","2":"type-product","3":"status-publish","4":"has-post-thumbnail","6":"product_cat-valgustid","8":"first","9":"instock","10":"taxable","11":"shipping-taxable","12":"purchasable","13":"product-type-simple"},"post_slider_layout_featured_media_urls":{"thumbnail":["https:\/\/smartal.ee\/wp-content\/uploads\/2024\/10\/pim-2936531-150x150.png",150,150,true],"post_slider_layout_landscape_large":["https:\/\/smartal.ee\/wp-content\/uploads\/2024\/10\/pim-2936531-1200x748.png",1200,748,true],"post_slider_layout_portrait_large":["https:\/\/smartal.ee\/wp-content\/uploads\/2024\/10\/pim-2936531-1200x748.png",1200,748,true],"post_slider_layout_square_large":["https:\/\/smartal.ee\/wp-content\/uploads\/2024\/10\/pim-2936531-1200x748.png",1200,748,true],"post_slider_layout_landscape":["https:\/\/smartal.ee\/wp-content\/uploads\/2024\/10\/pim-2936531-600x400.png",600,400,true],"post_slider_layout_portrait":["https:\/\/smartal.ee\/wp-content\/uploads\/2024\/10\/pim-2936531-600x748.png",600,748,true],"post_slider_layout_square":["https:\/\/smartal.ee\/wp-content\/uploads\/2024\/10\/pim-2936531-600x600.png",600,600,true],"full":["https:\/\/smartal.ee\/wp-content\/uploads\/2024\/10\/pim-2936531.png",1600,748,false]},"_links":{"self":[{"href":"https:\/\/smartal.ee\/ru\/wp-json\/wp\/v2\/product\/6966","targetHints":{"allow":["GET"]}}],"collection":[{"href":"https:\/\/smartal.ee\/ru\/wp-json\/wp\/v2\/product"}],"about":[{"href":"https:\/\/smartal.ee\/ru\/wp-json\/wp\/v2\/types\/product"}],"wp:featuredmedia":[{"embeddable":true,"href":"https:\/\/smartal.ee\/ru\/wp-json\/wp\/v2\/media\/7848"}],"wp:attachment":[{"href":"https:\/\/smartal.ee\/ru\/wp-json\/wp\/v2\/media?parent=6966"}],"wp:term":[{"taxonomy":"product_brand","embeddable":true,"href":"https:\/\/smartal.ee\/ru\/wp-json\/wp\/v2\/product_brand?post=6966"},{"taxonomy":"product_cat","embeddable":true,"href":"https:\/\/smartal.ee\/ru\/wp-json\/wp\/v2\/product_cat?post=6966"},{"taxonomy":"product_tag","embeddable":true,"href":"https:\/\/smartal.ee\/ru\/wp-json\/wp\/v2\/product_tag?post=6966"}],"curies":[{"name":"wp","href":"https:\/\/api.w.org\/{rel}","templated":true}]}}