{"id":6994,"date":"2024-11-08T16:31:22","date_gmt":"2024-11-08T13:31:22","guid":{"rendered":"https:\/\/smartal.ee\/?post_type=product&#038;p=6994"},"modified":"2026-01-21T14:23:26","modified_gmt":"2026-01-21T11:23:26","slug":"siemens-mootorikaitse-1-4-2a-0-75kw-kl10","status":"publish","type":"product","link":"https:\/\/smartal.ee\/ru\/shop\/kontaktorid-ja-termoreleed\/siemens-kontaktorid-ja-mootorikaitsed\/siemens-mootorikaitse-1-4-2a-0-75kw-kl10\/","title":{"rendered":"SIEMENS Mootorikaitse 7-10A 4KW KL10"},"content":{"rendered":"<h4>SIEMENS Mootorikaitse <span class=\"base\" data-ui-id=\"page-title-wrapper\">7-10A 4KW KL10<\/span><\/h4>\n<div class=\"product-attributes__label\" tabindex=\"0\" role=\"tab\" data-role=\"etim-title\" aria-selected=\"false\" aria-expanded=\"true\">Mootorikaitsel\u00fcliti<\/div>\n<div class=\"product-attributes__list\" role=\"tabpanel\" data-role=\"etim-content\" aria-hidden=\"false\">\n<ul class=\"product-attribute\">\n<li class=\"product-attribute__item\"><span class=\"product-attribute__item-wrap\"><span class=\"product-attribute__label\">\u00dclekoormuskaitse seadistusvahemik<\/span><span class=\"product-attribute__value\">7 &#8211; 10 A<\/span><\/span><\/li>\n<li class=\"product-attribute__item\"><span class=\"product-attribute__item-wrap\"><span class=\"product-attribute__label\">Viivituseta l\u00fchiskatkestuse reguleerimisvahemik<\/span><span class=\"product-attribute__value\">130 &#8211; 130 A<\/span><\/span><\/li>\n<li class=\"product-attribute__item\"><span class=\"product-attribute__item-wrap\"><span class=\"product-attribute__label\">V\u00e4ljal\u00fclitustehnika<\/span><span class=\"product-attribute__value\">Magnet-<\/span><\/span><\/li>\n<li class=\"product-attribute__item\"><span class=\"product-attribute__item-wrap\"><span class=\"product-attribute__label\">Tunnustalitluspinge<\/span><span class=\"product-attribute__value\">690 &#8211; 690 V<\/span><\/span><\/li>\n<li class=\"product-attribute__item\"><span class=\"product-attribute__item-wrap\"><span class=\"product-attribute__label\">Nominaalne p\u00fcsivool Iu<\/span><span class=\"product-attribute__value\">10 A<\/span><\/span><\/li>\n<li class=\"product-attribute__item\"><span class=\"product-attribute__item-wrap\"><span class=\"product-attribute__label\">Nominaalne k\u00e4itusv\u00f5imsus AC-3. 230 V korral<\/span><span class=\"product-attribute__value\">2.2 kW<\/span><\/span><\/li>\n<li class=\"product-attribute__item\"><span class=\"product-attribute__item-wrap\"><span class=\"product-attribute__label\">Nimi k\u00e4itusv\u00f5imsus AC-3. 400 V juures<\/span><span class=\"product-attribute__value\">4 kW<\/span><\/span><\/li>\n<li class=\"product-attribute__item\"><span class=\"product-attribute__item-wrap\"><span class=\"product-attribute__label\">Peavooluahela \u00fchenduse t\u00fc\u00fcp<\/span><span class=\"product-attribute__value\">Kruvi\u00fchendus<\/span><\/span><\/li>\n<li class=\"product-attribute__item\"><span class=\"product-attribute__item-wrap\"><span class=\"product-attribute__label\">Juhtelemendi liik<\/span><span class=\"product-attribute__value\">P\u00f6\u00f6rake nuppu (p\u00f6\u00f6rdnupp)<\/span><\/span><\/li>\n<li class=\"product-attribute__item\"><span class=\"product-attribute__item-wrap\"><span class=\"product-attribute__label\">Pooluste arv<\/span><span class=\"product-attribute__value\">3<\/span><\/span><\/li>\n<li class=\"product-attribute__item\"><span class=\"product-attribute__item-wrap\"><span class=\"product-attribute__label\">Nimi lahutusv\u00f5ime l\u00fchisel Icu 400 V AC korral<\/span><span class=\"product-attribute__value\">100 kA<\/span><\/span><\/li>\n<li class=\"product-attribute__item\"><span class=\"product-attribute__item-wrap\"><span class=\"product-attribute__label\">Kaitseaste (IP)<\/span><span class=\"product-attribute__value\">IP20<\/span><\/span><\/li>\n<li class=\"product-attribute__item\"><span class=\"product-attribute__item-wrap\"><span class=\"product-attribute__label\">K\u00f5rgus<\/span><span class=\"product-attribute__value\">97 mm<\/span><\/span><\/li>\n<li class=\"product-attribute__item\"><span class=\"product-attribute__item-wrap\"><span class=\"product-attribute__label\">Laius<\/span><span class=\"product-attribute__value\">45 mm<\/span><\/span><\/li>\n<li class=\"product-attribute__item\"><span class=\"product-attribute__item-wrap\"><span class=\"product-attribute__label\">S\u00fcgavus<\/span><span class=\"product-attribute__value\">97 mm<\/span><\/span><\/li>\n<li class=\"product-attribute__item\"><span class=\"product-attribute__item-wrap\"><span class=\"product-attribute__label\">Seadme ehitus<\/span><span class=\"product-attribute__value\">Sisseehitatud seadme fikseeritud sisseehitamise tehnika\u00a0<\/span><\/span><\/li>\n<\/ul>\n<\/div>","protected":false},"excerpt":{"rendered":"<p>SIEMENS Mootorikaitse 7-10A 4KW KL10 Mootorikaitsel\u00fcliti \u00dclekoormuskaitse seadistusvahemik7 &#8211; 10 A Viivituseta l\u00fchiskatkestuse reguleerimisvahemik130 &#8211; 130 A V\u00e4ljal\u00fclitustehnikaMagnet- Tunnustalitluspinge690 &#8211; 690 V Nominaalne p\u00fcsivool Iu10 A Nominaalne k\u00e4itusv\u00f5imsus AC-3. 230 V korral2.2 kW Nimi k\u00e4itusv\u00f5imsus AC-3. 400 V juures4 kW Peavooluahela \u00fchenduse t\u00fc\u00fcpKruvi\u00fchendus Juhtelemendi liikP\u00f6\u00f6rake nuppu (p\u00f6\u00f6rdnupp) Pooluste arv3 Nimi lahutusv\u00f5ime l\u00fchisel Icu 400 V [&hellip;]<\/p>","protected":false},"featured_media":6980,"template":"","meta":{"_regular_price":["63.15"],"currency_symbol":[],"ub_ctt_via":""},"product_brand":[],"product_cat":[142],"product_tag":[],"class_list":{"0":"post-6994","1":"product","2":"type-product","3":"status-publish","4":"has-post-thumbnail","6":"product_cat-siemens-kontaktorid-ja-mootorikaitsed","8":"first","9":"instock","10":"taxable","11":"shipping-taxable","12":"purchasable","13":"product-type-simple"},"post_slider_layout_featured_media_urls":{"thumbnail":["https:\/\/smartal.ee\/wp-content\/uploads\/2024\/11\/pim-824779-150x150.png",150,150,true],"post_slider_layout_landscape_large":["https:\/\/smartal.ee\/wp-content\/uploads\/2024\/11\/pim-824779.png",532,800,false],"post_slider_layout_portrait_large":["https:\/\/smartal.ee\/wp-content\/uploads\/2024\/11\/pim-824779.png",665,1000,false],"post_slider_layout_square_large":["https:\/\/smartal.ee\/wp-content\/uploads\/2024\/11\/pim-824779.png",665,1000,false],"post_slider_layout_landscape":["https:\/\/smartal.ee\/wp-content\/uploads\/2024\/11\/pim-824779.png",266,400,false],"post_slider_layout_portrait":["https:\/\/smartal.ee\/wp-content\/uploads\/2024\/11\/pim-824779.png",600,900,false],"post_slider_layout_square":["https:\/\/smartal.ee\/wp-content\/uploads\/2024\/11\/pim-824779.png",399,600,false],"full":["https:\/\/smartal.ee\/wp-content\/uploads\/2024\/11\/pim-824779.png",665,1000,false]},"_links":{"self":[{"href":"https:\/\/smartal.ee\/ru\/wp-json\/wp\/v2\/product\/6994","targetHints":{"allow":["GET"]}}],"collection":[{"href":"https:\/\/smartal.ee\/ru\/wp-json\/wp\/v2\/product"}],"about":[{"href":"https:\/\/smartal.ee\/ru\/wp-json\/wp\/v2\/types\/product"}],"wp:featuredmedia":[{"embeddable":true,"href":"https:\/\/smartal.ee\/ru\/wp-json\/wp\/v2\/media\/6980"}],"wp:attachment":[{"href":"https:\/\/smartal.ee\/ru\/wp-json\/wp\/v2\/media?parent=6994"}],"wp:term":[{"taxonomy":"product_brand","embeddable":true,"href":"https:\/\/smartal.ee\/ru\/wp-json\/wp\/v2\/product_brand?post=6994"},{"taxonomy":"product_cat","embeddable":true,"href":"https:\/\/smartal.ee\/ru\/wp-json\/wp\/v2\/product_cat?post=6994"},{"taxonomy":"product_tag","embeddable":true,"href":"https:\/\/smartal.ee\/ru\/wp-json\/wp\/v2\/product_tag?post=6994"}],"curies":[{"name":"wp","href":"https:\/\/api.w.org\/{rel}","templated":true}]}}