{"id":7071,"date":"2024-12-10T00:26:41","date_gmt":"2024-12-09T21:26:41","guid":{"rendered":"https:\/\/smartal.ee\/?post_type=product&#038;p=7071"},"modified":"2026-03-25T14:04:15","modified_gmt":"2026-03-25T11:04:15","slug":"poranda-riidenagi-classic","status":"publish","type":"product","link":"https:\/\/smartal.ee\/ru\/shop\/toostustehnika\/moobel\/poranda-riidenagi-classic\/","title":{"rendered":"P\u00f5randa Riidenagi CLASSIC"},"content":{"rendered":"<h4 class=\"base title\">P\u00f5randa Riidenagi CLASSIC RAL9006<\/h4>\n<p>M\u00f5\u00f5dud: 185&#215;62,8&#215;62,8 cm<br \/>\nMahutavus: 8 konksu<br \/>\nKaal: 8kg<\/p>\n<p>Matt must laokaup! Teised v\u00e4rvid tarneaeg 1-2 n\u00e4dalat<\/p>","protected":false},"excerpt":{"rendered":"<p>P\u00f5randa Riidenagi CLASSIC RAL9006 M\u00f5\u00f5dud: 185&#215;62,8&#215;62,8 cm Mahutavus: 8 konksu Kaal: 8kg Matt must laokaup! Teised v\u00e4rvid tarneaeg 1-2 n\u00e4dalat<\/p>","protected":false},"featured_media":7072,"template":"","meta":{"_regular_price":["145.99"],"currency_symbol":[],"ub_ctt_via":""},"product_brand":[],"product_cat":[159],"product_tag":[],"class_list":{"0":"post-7071","1":"product","2":"type-product","3":"status-publish","4":"has-post-thumbnail","6":"product_cat-moobel","8":"first","9":"onbackorder","10":"sale","11":"taxable","12":"shipping-taxable","13":"purchasable","14":"product-type-simple"},"post_slider_layout_featured_media_urls":{"thumbnail":["https:\/\/smartal.ee\/wp-content\/uploads\/2024\/12\/nagi_fuajee-1536x1536-1-150x150.jpg",150,150,true],"post_slider_layout_landscape_large":["https:\/\/smartal.ee\/wp-content\/uploads\/2024\/12\/nagi_fuajee-1536x1536-1.jpg",800,800,false],"post_slider_layout_portrait_large":["https:\/\/smartal.ee\/wp-content\/uploads\/2024\/12\/nagi_fuajee-1536x1536-1.jpg",1200,1200,false],"post_slider_layout_square_large":["https:\/\/smartal.ee\/wp-content\/uploads\/2024\/12\/nagi_fuajee-1536x1536-1.jpg",1200,1200,false],"post_slider_layout_landscape":["https:\/\/smartal.ee\/wp-content\/uploads\/2024\/12\/nagi_fuajee-1536x1536-1.jpg",400,400,false],"post_slider_layout_portrait":["https:\/\/smartal.ee\/wp-content\/uploads\/2024\/12\/nagi_fuajee-1536x1536-1.jpg",600,600,false],"post_slider_layout_square":["https:\/\/smartal.ee\/wp-content\/uploads\/2024\/12\/nagi_fuajee-1536x1536-1.jpg",600,600,false],"full":["https:\/\/smartal.ee\/wp-content\/uploads\/2024\/12\/nagi_fuajee-1536x1536-1.jpg",1536,1536,false]},"_links":{"self":[{"href":"https:\/\/smartal.ee\/ru\/wp-json\/wp\/v2\/product\/7071","targetHints":{"allow":["GET"]}}],"collection":[{"href":"https:\/\/smartal.ee\/ru\/wp-json\/wp\/v2\/product"}],"about":[{"href":"https:\/\/smartal.ee\/ru\/wp-json\/wp\/v2\/types\/product"}],"wp:featuredmedia":[{"embeddable":true,"href":"https:\/\/smartal.ee\/ru\/wp-json\/wp\/v2\/media\/7072"}],"wp:attachment":[{"href":"https:\/\/smartal.ee\/ru\/wp-json\/wp\/v2\/media?parent=7071"}],"wp:term":[{"taxonomy":"product_brand","embeddable":true,"href":"https:\/\/smartal.ee\/ru\/wp-json\/wp\/v2\/product_brand?post=7071"},{"taxonomy":"product_cat","embeddable":true,"href":"https:\/\/smartal.ee\/ru\/wp-json\/wp\/v2\/product_cat?post=7071"},{"taxonomy":"product_tag","embeddable":true,"href":"https:\/\/smartal.ee\/ru\/wp-json\/wp\/v2\/product_tag?post=7071"}],"curies":[{"name":"wp","href":"https:\/\/api.w.org\/{rel}","templated":true}]}}