{"id":7073,"date":"2024-12-10T00:49:39","date_gmt":"2024-12-09T21:49:39","guid":{"rendered":"https:\/\/smartal.ee\/?post_type=product&#038;p=7073"},"modified":"2025-06-16T18:13:36","modified_gmt":"2025-06-16T15:13:36","slug":"soogilaud-liina-4","status":"publish","type":"product","link":"https:\/\/smartal.ee\/ru\/shop\/toostustehnika\/moobel\/soogilaud-liina-4\/","title":{"rendered":"S\u00f6\u00f6gilaud Liina 4"},"content":{"rendered":"<h4 class=\"base title\">S\u00f6\u00f6gilaud Liina 4<\/h4>\n<p>Neljakohaline laud on LIINA4 (1200\u00d7800)<\/p>\n<p>Laua allt\u00a0 on tolli konksud.<\/p>\n<p>Saadaval ka kuuekohaline laud on LIINA6 (1600\u00d7800) k\u00fcsi pakkumine <a href=\"https:\/\/smartal.ee\/ru\/sample-page\/kontakt\/info@smartal.ee\/\">info@smartal.ee<\/a><\/p>\n<p>Kask\/RAL9006<\/p>\n<p>Tarneaeg 1-3 n\u00e4dalat<\/p>","protected":false},"excerpt":{"rendered":"<p>S\u00f6\u00f6gilaud Liina 4 Neljakohaline laud on LIINA4 (1200\u00d7800) Laua allt\u00a0 on tolli konksud. Saadaval ka kuuekohaline laud on LIINA6 (1600\u00d7800) k\u00fcsi pakkumine info@smartal.ee Kask\/RAL9006 Tarneaeg 1-3 n\u00e4dalat<\/p>","protected":false},"featured_media":7075,"template":"","meta":{"_regular_price":["397.39"],"currency_symbol":[],"ub_ctt_via":""},"product_brand":[],"product_cat":[159],"product_tag":[],"class_list":{"0":"post-7073","1":"product","2":"type-product","3":"status-publish","4":"has-post-thumbnail","6":"product_cat-moobel","8":"first","9":"onbackorder","10":"taxable","11":"shipping-taxable","12":"purchasable","13":"product-type-simple"},"post_slider_layout_featured_media_urls":{"thumbnail":["https:\/\/smartal.ee\/wp-content\/uploads\/2024\/12\/Liina6toolid-768x864-1-150x150.jpg",150,150,true],"post_slider_layout_landscape_large":["https:\/\/smartal.ee\/wp-content\/uploads\/2024\/12\/Liina6toolid-768x864-1.jpg",711,800,false],"post_slider_layout_portrait_large":["https:\/\/smartal.ee\/wp-content\/uploads\/2024\/12\/Liina6toolid-768x864-1.jpg",768,864,false],"post_slider_layout_square_large":["https:\/\/smartal.ee\/wp-content\/uploads\/2024\/12\/Liina6toolid-768x864-1.jpg",768,864,false],"post_slider_layout_landscape":["https:\/\/smartal.ee\/wp-content\/uploads\/2024\/12\/Liina6toolid-768x864-1.jpg",356,400,false],"post_slider_layout_portrait":["https:\/\/smartal.ee\/wp-content\/uploads\/2024\/12\/Liina6toolid-768x864-1.jpg",600,675,false],"post_slider_layout_square":["https:\/\/smartal.ee\/wp-content\/uploads\/2024\/12\/Liina6toolid-768x864-1.jpg",533,600,false],"full":["https:\/\/smartal.ee\/wp-content\/uploads\/2024\/12\/Liina6toolid-768x864-1.jpg",768,864,false]},"_links":{"self":[{"href":"https:\/\/smartal.ee\/ru\/wp-json\/wp\/v2\/product\/7073","targetHints":{"allow":["GET"]}}],"collection":[{"href":"https:\/\/smartal.ee\/ru\/wp-json\/wp\/v2\/product"}],"about":[{"href":"https:\/\/smartal.ee\/ru\/wp-json\/wp\/v2\/types\/product"}],"wp:featuredmedia":[{"embeddable":true,"href":"https:\/\/smartal.ee\/ru\/wp-json\/wp\/v2\/media\/7075"}],"wp:attachment":[{"href":"https:\/\/smartal.ee\/ru\/wp-json\/wp\/v2\/media?parent=7073"}],"wp:term":[{"taxonomy":"product_brand","embeddable":true,"href":"https:\/\/smartal.ee\/ru\/wp-json\/wp\/v2\/product_brand?post=7073"},{"taxonomy":"product_cat","embeddable":true,"href":"https:\/\/smartal.ee\/ru\/wp-json\/wp\/v2\/product_cat?post=7073"},{"taxonomy":"product_tag","embeddable":true,"href":"https:\/\/smartal.ee\/ru\/wp-json\/wp\/v2\/product_tag?post=7073"}],"curies":[{"name":"wp","href":"https:\/\/api.w.org\/{rel}","templated":true}]}}