{"id":7079,"date":"2024-12-10T10:19:39","date_gmt":"2024-12-10T07:19:39","guid":{"rendered":"https:\/\/smartal.ee\/?post_type=product&#038;p=7079"},"modified":"2025-06-16T18:01:18","modified_gmt":"2025-06-16T15:01:18","slug":"pallikorv","status":"publish","type":"product","link":"https:\/\/smartal.ee\/ru\/shop\/toostustehnika\/moobel\/pallikorv\/","title":{"rendered":"PALLIKORV"},"content":{"rendered":"<h4 class=\"base title\">PALLIKORV<\/h4>\n<p>Mahutab kuni 30 standard korvpalli. Suurus 7 palle, ehk \u00fcmberm\u00f5\u00f5t 29.5in (\u00d8238mm). Pealt avatava, tabalukuga lukustatava uksega.<\/p>\n<p>Pikkus 1360mm, laius 590, k\u00f5rgus 960. Kaal 40kg.<\/p>\n<p>Saadaval ka rohkemate pulkadega variant, mis hoiab kinni v\u00e4iksemaid palle. N\u00e4iteks suurus 3 palle, ehk diameeter 7in (\u00d8178mm).<\/p>\n<p>V\u00e4rvivalik, saada p\u00e4ring <a href=\"https:\/\/smartal.ee\/ru\/sample-page\/kontakt\/info@smartal.ee\/\" data-type=\"link\" data-id=\"info@smartal.ee\"><mark class=\"has-inline-color has-white-color\">info@smartal.ee<\/mark><\/a><\/p>\n<p>Tarneaeg 1-3 n\u00e4dalat<\/p>","protected":false},"excerpt":{"rendered":"<p>PALLIKORV Mahutab kuni 30 standard korvpalli. Suurus 7 palle, ehk \u00fcmberm\u00f5\u00f5t 29.5in (\u00d8238mm). Pealt avatava, tabalukuga lukustatava uksega. Pikkus 1360mm, laius 590, k\u00f5rgus 960. Kaal 40kg. Saadaval ka rohkemate pulkadega variant, mis hoiab kinni v\u00e4iksemaid palle. N\u00e4iteks suurus 3 palle, ehk diameeter 7in (\u00d8178mm). V\u00e4rvivalik, saada p\u00e4ring info@smartal.ee Tarneaeg 1-3 n\u00e4dalat<\/p>","protected":false},"featured_media":7081,"template":"","meta":{"_regular_price":["374.99"],"currency_symbol":[],"ub_ctt_via":""},"product_brand":[],"product_cat":[159],"product_tag":[],"class_list":{"0":"post-7079","1":"product","2":"type-product","3":"status-publish","4":"has-post-thumbnail","6":"product_cat-moobel","8":"first","9":"onbackorder","10":"taxable","11":"shipping-taxable","12":"purchasable","13":"product-type-simple"},"post_slider_layout_featured_media_urls":{"thumbnail":["https:\/\/smartal.ee\/wp-content\/uploads\/2024\/12\/pallikorv-150x150.jpg",150,150,true],"post_slider_layout_landscape_large":["https:\/\/smartal.ee\/wp-content\/uploads\/2024\/12\/pallikorv.jpg",1200,675,false],"post_slider_layout_portrait_large":["https:\/\/smartal.ee\/wp-content\/uploads\/2024\/12\/pallikorv.jpg",1200,675,false],"post_slider_layout_square_large":["https:\/\/smartal.ee\/wp-content\/uploads\/2024\/12\/pallikorv.jpg",1200,675,false],"post_slider_layout_landscape":["https:\/\/smartal.ee\/wp-content\/uploads\/2024\/12\/pallikorv.jpg",600,338,false],"post_slider_layout_portrait":["https:\/\/smartal.ee\/wp-content\/uploads\/2024\/12\/pallikorv.jpg",600,338,false],"post_slider_layout_square":["https:\/\/smartal.ee\/wp-content\/uploads\/2024\/12\/pallikorv.jpg",600,338,false],"full":["https:\/\/smartal.ee\/wp-content\/uploads\/2024\/12\/pallikorv.jpg",1920,1080,false]},"_links":{"self":[{"href":"https:\/\/smartal.ee\/ru\/wp-json\/wp\/v2\/product\/7079","targetHints":{"allow":["GET"]}}],"collection":[{"href":"https:\/\/smartal.ee\/ru\/wp-json\/wp\/v2\/product"}],"about":[{"href":"https:\/\/smartal.ee\/ru\/wp-json\/wp\/v2\/types\/product"}],"wp:featuredmedia":[{"embeddable":true,"href":"https:\/\/smartal.ee\/ru\/wp-json\/wp\/v2\/media\/7081"}],"wp:attachment":[{"href":"https:\/\/smartal.ee\/ru\/wp-json\/wp\/v2\/media?parent=7079"}],"wp:term":[{"taxonomy":"product_brand","embeddable":true,"href":"https:\/\/smartal.ee\/ru\/wp-json\/wp\/v2\/product_brand?post=7079"},{"taxonomy":"product_cat","embeddable":true,"href":"https:\/\/smartal.ee\/ru\/wp-json\/wp\/v2\/product_cat?post=7079"},{"taxonomy":"product_tag","embeddable":true,"href":"https:\/\/smartal.ee\/ru\/wp-json\/wp\/v2\/product_tag?post=7079"}],"curies":[{"name":"wp","href":"https:\/\/api.w.org\/{rel}","templated":true}]}}