{"id":7132,"date":"2024-12-23T14:30:32","date_gmt":"2024-12-23T11:30:32","guid":{"rendered":"https:\/\/smartal.ee\/?post_type=product&#038;p=7132"},"modified":"2025-06-16T17:59:58","modified_gmt":"2025-06-16T14:59:58","slug":"tool-livo-must","status":"publish","type":"product","link":"https:\/\/smartal.ee\/ru\/shop\/toostustehnika\/moobel\/tool-livo-must\/","title":{"rendered":"TOOL LIVO Must"},"content":{"rendered":"<h4 class=\"base title\">TOOL LIVO Must<\/h4>\n<p>Tooli istme k\u00f5rgus 460mm.\u00a0 Vineer kaetud laminaatkattega -Must .<\/p>\n<p>Standart v\u00e4rvikood RAL9006<\/p>\n<p>V\u00e4rvivalik.<\/p>\n<p>Tarneaeg 1-3 n\u00e4dalat<\/p>","protected":false},"excerpt":{"rendered":"<p>TOOL LIVO Must Tooli istme k\u00f5rgus 460mm.\u00a0 Vineer kaetud laminaatkattega -Must . Standart v\u00e4rvikood RAL9006 V\u00e4rvivalik. Tarneaeg 1-3 n\u00e4dalat<\/p>","protected":false},"featured_media":7133,"template":"","meta":{"_regular_price":["94.99"],"currency_symbol":[],"ub_ctt_via":""},"product_brand":[],"product_cat":[159],"product_tag":[],"class_list":{"0":"post-7132","1":"product","2":"type-product","3":"status-publish","4":"has-post-thumbnail","6":"product_cat-moobel","8":"first","9":"onbackorder","10":"taxable","11":"shipping-taxable","12":"purchasable","13":"product-type-simple"},"post_slider_layout_featured_media_urls":{"thumbnail":["https:\/\/smartal.ee\/wp-content\/uploads\/2024\/12\/IVO-must-must-176x300-1-150x150.jpg",150,150,true],"post_slider_layout_landscape_large":["https:\/\/smartal.ee\/wp-content\/uploads\/2024\/12\/IVO-must-must-176x300-1.jpg",176,300,false],"post_slider_layout_portrait_large":["https:\/\/smartal.ee\/wp-content\/uploads\/2024\/12\/IVO-must-must-176x300-1.jpg",176,300,false],"post_slider_layout_square_large":["https:\/\/smartal.ee\/wp-content\/uploads\/2024\/12\/IVO-must-must-176x300-1.jpg",176,300,false],"post_slider_layout_landscape":["https:\/\/smartal.ee\/wp-content\/uploads\/2024\/12\/IVO-must-must-176x300-1.jpg",176,300,false],"post_slider_layout_portrait":["https:\/\/smartal.ee\/wp-content\/uploads\/2024\/12\/IVO-must-must-176x300-1.jpg",176,300,false],"post_slider_layout_square":["https:\/\/smartal.ee\/wp-content\/uploads\/2024\/12\/IVO-must-must-176x300-1.jpg",176,300,false],"full":["https:\/\/smartal.ee\/wp-content\/uploads\/2024\/12\/IVO-must-must-176x300-1.jpg",176,300,false]},"_links":{"self":[{"href":"https:\/\/smartal.ee\/ru\/wp-json\/wp\/v2\/product\/7132","targetHints":{"allow":["GET"]}}],"collection":[{"href":"https:\/\/smartal.ee\/ru\/wp-json\/wp\/v2\/product"}],"about":[{"href":"https:\/\/smartal.ee\/ru\/wp-json\/wp\/v2\/types\/product"}],"wp:featuredmedia":[{"embeddable":true,"href":"https:\/\/smartal.ee\/ru\/wp-json\/wp\/v2\/media\/7133"}],"wp:attachment":[{"href":"https:\/\/smartal.ee\/ru\/wp-json\/wp\/v2\/media?parent=7132"}],"wp:term":[{"taxonomy":"product_brand","embeddable":true,"href":"https:\/\/smartal.ee\/ru\/wp-json\/wp\/v2\/product_brand?post=7132"},{"taxonomy":"product_cat","embeddable":true,"href":"https:\/\/smartal.ee\/ru\/wp-json\/wp\/v2\/product_cat?post=7132"},{"taxonomy":"product_tag","embeddable":true,"href":"https:\/\/smartal.ee\/ru\/wp-json\/wp\/v2\/product_tag?post=7132"}],"curies":[{"name":"wp","href":"https:\/\/api.w.org\/{rel}","templated":true}]}}