{"id":7134,"date":"2024-12-23T14:48:03","date_gmt":"2024-12-23T11:48:03","guid":{"rendered":"https:\/\/smartal.ee\/?post_type=product&#038;p=7134"},"modified":"2025-06-16T17:59:20","modified_gmt":"2025-06-16T14:59:20","slug":"saalitool-livo-pehmendusega-kask","status":"publish","type":"product","link":"https:\/\/smartal.ee\/ru\/shop\/toostustehnika\/moobel\/saalitool-livo-pehmendusega-kask\/","title":{"rendered":"SAALITOOL LIVO pehmendusega &#8211; Kask"},"content":{"rendered":"<h4 class=\"base title\">SAALITOOL LIVO pehmendusega &#8211; Kask<\/h4>\n<p>Tooli istme k\u00f5rgus 460mm.\u00a0 Vineer kaetud laminaatkattega.<\/p>\n<p>Standart v\u00e4rvikood RAL9006<\/p>\n<p>V\u00e4rvivalik.<\/p>\n<p>Tarneaeg 1-3 n\u00e4dalat<\/p>","protected":false},"excerpt":{"rendered":"<p>SAALITOOL LIVO pehmendusega &#8211; Kask Tooli istme k\u00f5rgus 460mm.\u00a0 Vineer kaetud laminaatkattega. Standart v\u00e4rvikood RAL9006 V\u00e4rvivalik. Tarneaeg 1-3 n\u00e4dalat<\/p>","protected":false},"featured_media":7135,"template":"","meta":{"_regular_price":["130.09"],"currency_symbol":[],"ub_ctt_via":""},"product_brand":[],"product_cat":[159],"product_tag":[],"class_list":{"0":"post-7134","1":"product","2":"type-product","3":"status-publish","4":"has-post-thumbnail","6":"product_cat-moobel","8":"first","9":"onbackorder","10":"taxable","11":"shipping-taxable","12":"purchasable","13":"product-type-simple"},"post_slider_layout_featured_media_urls":{"thumbnail":["https:\/\/smartal.ee\/wp-content\/uploads\/2024\/12\/IvoPehmendusega-150x150.jpg",150,150,true],"post_slider_layout_landscape_large":["https:\/\/smartal.ee\/wp-content\/uploads\/2024\/12\/IvoPehmendusega.jpg",717,800,false],"post_slider_layout_portrait_large":["https:\/\/smartal.ee\/wp-content\/uploads\/2024\/12\/IvoPehmendusega.jpg",816,911,false],"post_slider_layout_square_large":["https:\/\/smartal.ee\/wp-content\/uploads\/2024\/12\/IvoPehmendusega.jpg",816,911,false],"post_slider_layout_landscape":["https:\/\/smartal.ee\/wp-content\/uploads\/2024\/12\/IvoPehmendusega.jpg",358,400,false],"post_slider_layout_portrait":["https:\/\/smartal.ee\/wp-content\/uploads\/2024\/12\/IvoPehmendusega.jpg",600,670,false],"post_slider_layout_square":["https:\/\/smartal.ee\/wp-content\/uploads\/2024\/12\/IvoPehmendusega.jpg",537,600,false],"full":["https:\/\/smartal.ee\/wp-content\/uploads\/2024\/12\/IvoPehmendusega.jpg",816,911,false]},"_links":{"self":[{"href":"https:\/\/smartal.ee\/ru\/wp-json\/wp\/v2\/product\/7134","targetHints":{"allow":["GET"]}}],"collection":[{"href":"https:\/\/smartal.ee\/ru\/wp-json\/wp\/v2\/product"}],"about":[{"href":"https:\/\/smartal.ee\/ru\/wp-json\/wp\/v2\/types\/product"}],"wp:featuredmedia":[{"embeddable":true,"href":"https:\/\/smartal.ee\/ru\/wp-json\/wp\/v2\/media\/7135"}],"wp:attachment":[{"href":"https:\/\/smartal.ee\/ru\/wp-json\/wp\/v2\/media?parent=7134"}],"wp:term":[{"taxonomy":"product_brand","embeddable":true,"href":"https:\/\/smartal.ee\/ru\/wp-json\/wp\/v2\/product_brand?post=7134"},{"taxonomy":"product_cat","embeddable":true,"href":"https:\/\/smartal.ee\/ru\/wp-json\/wp\/v2\/product_cat?post=7134"},{"taxonomy":"product_tag","embeddable":true,"href":"https:\/\/smartal.ee\/ru\/wp-json\/wp\/v2\/product_tag?post=7134"}],"curies":[{"name":"wp","href":"https:\/\/api.w.org\/{rel}","templated":true}]}}