{"id":7139,"date":"2024-12-23T15:52:40","date_gmt":"2024-12-23T12:52:40","guid":{"rendered":"https:\/\/smartal.ee\/?post_type=product&#038;p=7139"},"modified":"2026-03-25T14:04:32","modified_gmt":"2026-03-25T11:04:32","slug":"poranda-riidenagi-oks-mattmust","status":"publish","type":"product","link":"https:\/\/smartal.ee\/ru\/shop\/toostustehnika\/moobel\/poranda-riidenagi-oks-mattmust\/","title":{"rendered":"P\u00f5randa Riidenagi OKAS 6 riidepuu"},"content":{"rendered":"<h4>P\u00d5RANDA RIIDENAGI OKAS<br \/>\n6 riidepuu Matt must plaattallaga<\/h4>\n<p class=\"wp-block-heading\">Omadused:<\/p>\n<ul class=\"wp-block-list\">\n<li>6 kontsud<\/li>\n<li>K\u00f5rgus: 180 cm (1800 mm)<\/li>\n<li>Minimalistlik disain<\/li>\n<li>Tugev ja vastupidav konstruktsioon<\/li>\n<\/ul>\n<p class=\"wp-block-heading\">Saadaval variandis:<\/p>\n<ol class=\"wp-block-list\">\n<li>Plaattallaga \u2013 stabiilne ja kompaktne<\/li>\n<li>Neljajalgne \u2013 klassikaline ja mitmek\u00fclgne<\/li>\n<\/ol>\n<p class=\"wp-block-heading\">Eelised:<\/p>\n<ul class=\"wp-block-list\">\n<li>Sobib nii kodudesse kui ka avalikesse ruumidesse<\/li>\n<li>Hoiab riided korras ja kergesti k\u00e4ttesaadavana<\/li>\n<li>S\u00e4\u00e4stab ruumi t\u00e4nu vertikaalsele disainile<\/li>\n<\/ul>\n<p>\u201c<em>Okas<\/em>\u201d \u2013 loodusest inspireeritud lahendus teie igap\u00e4evaseks mugavuseks.<\/p>\n<p>Matt Must on laolaup, teised v\u00e4rvid Tarneaeg 1-2 n\u00e4dalat.<\/p>","protected":false},"excerpt":{"rendered":"<p>P\u00d5RANDA RIIDENAGI OKAS 6 riidepuu Matt must plaattallaga Omadused: 6 kontsud K\u00f5rgus: 180 cm (1800 mm) Minimalistlik disain Tugev ja vastupidav konstruktsioon Saadaval variandis: Plaattallaga \u2013 stabiilne ja kompaktne Neljajalgne \u2013 klassikaline ja mitmek\u00fclgne Eelised: Sobib nii kodudesse kui ka avalikesse ruumidesse Hoiab riided korras ja kergesti k\u00e4ttesaadavana S\u00e4\u00e4stab ruumi t\u00e4nu vertikaalsele disainile \u201cOkas\u201d \u2013 [&hellip;]<\/p>","protected":false},"featured_media":7149,"template":"","meta":{"_regular_price":["136.99"],"currency_symbol":[],"ub_ctt_via":""},"product_brand":[],"product_cat":[159],"product_tag":[],"class_list":{"0":"post-7139","1":"product","2":"type-product","3":"status-publish","4":"has-post-thumbnail","6":"product_cat-moobel","8":"first","9":"instock","10":"taxable","11":"shipping-taxable","12":"purchasable","13":"product-type-simple"},"post_slider_layout_featured_media_urls":{"thumbnail":["https:\/\/smartal.ee\/wp-content\/uploads\/2024\/12\/riidenagid_okas_DSC05074-768x1365-1-150x150.jpg",150,150,true],"post_slider_layout_landscape_large":["https:\/\/smartal.ee\/wp-content\/uploads\/2024\/12\/riidenagid_okas_DSC05074-768x1365-1.jpg",450,800,false],"post_slider_layout_portrait_large":["https:\/\/smartal.ee\/wp-content\/uploads\/2024\/12\/riidenagid_okas_DSC05074-768x1365-1.jpg",768,1365,false],"post_slider_layout_square_large":["https:\/\/smartal.ee\/wp-content\/uploads\/2024\/12\/riidenagid_okas_DSC05074-768x1365-1.jpg",675,1200,false],"post_slider_layout_landscape":["https:\/\/smartal.ee\/wp-content\/uploads\/2024\/12\/riidenagid_okas_DSC05074-768x1365-1.jpg",225,400,false],"post_slider_layout_portrait":["https:\/\/smartal.ee\/wp-content\/uploads\/2024\/12\/riidenagid_okas_DSC05074-768x1365-1.jpg",506,900,false],"post_slider_layout_square":["https:\/\/smartal.ee\/wp-content\/uploads\/2024\/12\/riidenagid_okas_DSC05074-768x1365-1.jpg",338,600,false],"full":["https:\/\/smartal.ee\/wp-content\/uploads\/2024\/12\/riidenagid_okas_DSC05074-768x1365-1.jpg",768,1365,false]},"_links":{"self":[{"href":"https:\/\/smartal.ee\/ru\/wp-json\/wp\/v2\/product\/7139","targetHints":{"allow":["GET"]}}],"collection":[{"href":"https:\/\/smartal.ee\/ru\/wp-json\/wp\/v2\/product"}],"about":[{"href":"https:\/\/smartal.ee\/ru\/wp-json\/wp\/v2\/types\/product"}],"wp:featuredmedia":[{"embeddable":true,"href":"https:\/\/smartal.ee\/ru\/wp-json\/wp\/v2\/media\/7149"}],"wp:attachment":[{"href":"https:\/\/smartal.ee\/ru\/wp-json\/wp\/v2\/media?parent=7139"}],"wp:term":[{"taxonomy":"product_brand","embeddable":true,"href":"https:\/\/smartal.ee\/ru\/wp-json\/wp\/v2\/product_brand?post=7139"},{"taxonomy":"product_cat","embeddable":true,"href":"https:\/\/smartal.ee\/ru\/wp-json\/wp\/v2\/product_cat?post=7139"},{"taxonomy":"product_tag","embeddable":true,"href":"https:\/\/smartal.ee\/ru\/wp-json\/wp\/v2\/product_tag?post=7139"}],"curies":[{"name":"wp","href":"https:\/\/api.w.org\/{rel}","templated":true}]}}