{"id":7141,"date":"2024-12-23T16:40:17","date_gmt":"2024-12-23T13:40:17","guid":{"rendered":"https:\/\/smartal.ee\/?post_type=product&#038;p=7141"},"modified":"2026-03-25T14:14:09","modified_gmt":"2026-03-25T11:14:09","slug":"poranda-riidenagi-oks-matt-must","status":"publish","type":"product","link":"https:\/\/smartal.ee\/ru\/shop\/toostustehnika\/moobel\/poranda-riidenagi-oks-matt-must\/","title":{"rendered":"P\u00f5randa Riidenagi OKS 12 riidepuu"},"content":{"rendered":"<h4 class=\"base title\">P\u00d5RANDA RIIDENAGI OKS<\/h4>\n<h4 class=\"base title\">12 riidepuukohta Matt must Plaattallaga<\/h4>\n<p class=\"wp-block-heading\">Omadused:<\/p>\n<ul class=\"wp-block-list\">\n<li>12 konksud<\/li>\n<li>K\u00f5rgus: 180 cm (1800 mm)<\/li>\n<li>Minimalistlik disain<\/li>\n<li>Tugev ja vastupidav konstruktsioon<\/li>\n<\/ul>\n<p class=\"wp-block-heading\">Saadaval variandis:<\/p>\n<ol class=\"wp-block-list\">\n<li>Plaattallaga \u2013 stabiilne ja kompaktne<\/li>\n<li>Neljajalgne \u2013 klassikaline ja mitmek\u00fclgne<\/li>\n<\/ol>\n<p class=\"wp-block-heading\">Eelised:<\/p>\n<ul class=\"wp-block-list\">\n<li>Sobib nii kodudesse kui ka avalikesse ruumidesse<\/li>\n<li>Hoiab riided korras ja kergesti k\u00e4ttesaadavana<\/li>\n<li>S\u00e4\u00e4stab ruumi t\u00e4nu vertikaalsele disainile<\/li>\n<\/ul>\n<p>\u201c<em>Oks<\/em>\u201d \u2013 loodusest inspireeritud lahendus teie igap\u00e4evaseks mugavuseks.<\/p>\n<p>Tarneaeg 1-2 n\u00e4dalat<\/p>\n<p>&nbsp;<\/p>","protected":false},"excerpt":{"rendered":"<p>P\u00d5RANDA RIIDENAGI OKS 12 riidepuukohta Matt must Plaattallaga Omadused: 12 konksud K\u00f5rgus: 180 cm (1800 mm) Minimalistlik disain Tugev ja vastupidav konstruktsioon Saadaval variandis: Plaattallaga \u2013 stabiilne ja kompaktne Neljajalgne \u2013 klassikaline ja mitmek\u00fclgne Eelised: Sobib nii kodudesse kui ka avalikesse ruumidesse Hoiab riided korras ja kergesti k\u00e4ttesaadavana S\u00e4\u00e4stab ruumi t\u00e4nu vertikaalsele disainile \u201cOks\u201d \u2013 [&hellip;]<\/p>","protected":false},"featured_media":7185,"template":"","meta":{"_regular_price":["130.09"],"currency_symbol":[],"ub_ctt_via":""},"product_brand":[],"product_cat":[159],"product_tag":[],"class_list":{"0":"post-7141","1":"product","2":"type-product","3":"status-publish","4":"has-post-thumbnail","6":"product_cat-moobel","8":"first","9":"onbackorder","10":"taxable","11":"shipping-taxable","12":"purchasable","13":"product-type-simple"},"post_slider_layout_featured_media_urls":{"thumbnail":["https:\/\/smartal.ee\/wp-content\/uploads\/2024\/12\/nagi_oks_DSC04995-1152x2048-1-150x150.jpg",150,150,true],"post_slider_layout_landscape_large":["https:\/\/smartal.ee\/wp-content\/uploads\/2024\/12\/nagi_oks_DSC04995-1152x2048-1.jpg",450,800,false],"post_slider_layout_portrait_large":["https:\/\/smartal.ee\/wp-content\/uploads\/2024\/12\/nagi_oks_DSC04995-1152x2048-1.jpg",1013,1800,false],"post_slider_layout_square_large":["https:\/\/smartal.ee\/wp-content\/uploads\/2024\/12\/nagi_oks_DSC04995-1152x2048-1.jpg",675,1200,false],"post_slider_layout_landscape":["https:\/\/smartal.ee\/wp-content\/uploads\/2024\/12\/nagi_oks_DSC04995-1152x2048-1.jpg",225,400,false],"post_slider_layout_portrait":["https:\/\/smartal.ee\/wp-content\/uploads\/2024\/12\/nagi_oks_DSC04995-1152x2048-1.jpg",506,900,false],"post_slider_layout_square":["https:\/\/smartal.ee\/wp-content\/uploads\/2024\/12\/nagi_oks_DSC04995-1152x2048-1.jpg",338,600,false],"full":["https:\/\/smartal.ee\/wp-content\/uploads\/2024\/12\/nagi_oks_DSC04995-1152x2048-1.jpg",1152,2048,false]},"_links":{"self":[{"href":"https:\/\/smartal.ee\/ru\/wp-json\/wp\/v2\/product\/7141","targetHints":{"allow":["GET"]}}],"collection":[{"href":"https:\/\/smartal.ee\/ru\/wp-json\/wp\/v2\/product"}],"about":[{"href":"https:\/\/smartal.ee\/ru\/wp-json\/wp\/v2\/types\/product"}],"wp:featuredmedia":[{"embeddable":true,"href":"https:\/\/smartal.ee\/ru\/wp-json\/wp\/v2\/media\/7185"}],"wp:attachment":[{"href":"https:\/\/smartal.ee\/ru\/wp-json\/wp\/v2\/media?parent=7141"}],"wp:term":[{"taxonomy":"product_brand","embeddable":true,"href":"https:\/\/smartal.ee\/ru\/wp-json\/wp\/v2\/product_brand?post=7141"},{"taxonomy":"product_cat","embeddable":true,"href":"https:\/\/smartal.ee\/ru\/wp-json\/wp\/v2\/product_cat?post=7141"},{"taxonomy":"product_tag","embeddable":true,"href":"https:\/\/smartal.ee\/ru\/wp-json\/wp\/v2\/product_tag?post=7141"}],"curies":[{"name":"wp","href":"https:\/\/api.w.org\/{rel}","templated":true}]}}