{"id":7161,"date":"2025-01-30T20:25:30","date_gmt":"2025-01-30T17:25:30","guid":{"rendered":"https:\/\/smartal.ee\/?post_type=product&#038;p=7161"},"modified":"2025-06-16T17:45:33","modified_gmt":"2025-06-16T14:45:33","slug":"eaton-t0-1-8200-e-poordluliti-on-off-1p-20a-65kw-uksele-eaton","status":"publish","type":"product","link":"https:\/\/smartal.ee\/ru\/shop\/uncategorized\/nuppud-ja-lulitid\/eaton-moller-nuppud-ja-lulitid\/eaton-t0-1-8200-e-poordluliti-on-off-1p-20a-65kw-uksele-eaton\/","title":{"rendered":"EATON T0-1-8200\/E P\u00f6\u00f6rdl\u00fcliti ON-OFF 1P 20A 6,5kW uksele"},"content":{"rendered":"<h4>EATON T0-1-8200\/E P\u00f6\u00f6rdl\u00fcliti ON-OFF 1P 20A 6,5kW uksele<\/h4>\n<p>&nbsp;<\/p>","protected":false},"excerpt":{"rendered":"<p>EATON T0-1-8200\/E P\u00f6\u00f6rdl\u00fcliti ON-OFF 1P 20A 6,5kW uksele &nbsp;<\/p>","protected":false},"featured_media":7162,"template":"","meta":{"_regular_price":["18.29"],"currency_symbol":[],"ub_ctt_via":""},"product_brand":[],"product_cat":[63],"product_tag":[],"class_list":{"0":"post-7161","1":"product","2":"type-product","3":"status-publish","4":"has-post-thumbnail","6":"product_cat-eaton-moller-nuppud-ja-lulitid","8":"first","9":"instock","10":"taxable","11":"shipping-taxable","12":"purchasable","13":"product-type-simple"},"post_slider_layout_featured_media_urls":{"thumbnail":["https:\/\/smartal.ee\/wp-content\/uploads\/2025\/01\/on-off-poeoerdlueliti-uksele-150x150.jpg",150,150,true],"post_slider_layout_landscape_large":["https:\/\/smartal.ee\/wp-content\/uploads\/2025\/01\/on-off-poeoerdlueliti-uksele.jpg",540,540,false],"post_slider_layout_portrait_large":["https:\/\/smartal.ee\/wp-content\/uploads\/2025\/01\/on-off-poeoerdlueliti-uksele.jpg",540,540,false],"post_slider_layout_square_large":["https:\/\/smartal.ee\/wp-content\/uploads\/2025\/01\/on-off-poeoerdlueliti-uksele.jpg",540,540,false],"post_slider_layout_landscape":["https:\/\/smartal.ee\/wp-content\/uploads\/2025\/01\/on-off-poeoerdlueliti-uksele.jpg",400,400,false],"post_slider_layout_portrait":["https:\/\/smartal.ee\/wp-content\/uploads\/2025\/01\/on-off-poeoerdlueliti-uksele.jpg",540,540,false],"post_slider_layout_square":["https:\/\/smartal.ee\/wp-content\/uploads\/2025\/01\/on-off-poeoerdlueliti-uksele.jpg",540,540,false],"full":["https:\/\/smartal.ee\/wp-content\/uploads\/2025\/01\/on-off-poeoerdlueliti-uksele.jpg",540,540,false]},"_links":{"self":[{"href":"https:\/\/smartal.ee\/ru\/wp-json\/wp\/v2\/product\/7161","targetHints":{"allow":["GET"]}}],"collection":[{"href":"https:\/\/smartal.ee\/ru\/wp-json\/wp\/v2\/product"}],"about":[{"href":"https:\/\/smartal.ee\/ru\/wp-json\/wp\/v2\/types\/product"}],"wp:featuredmedia":[{"embeddable":true,"href":"https:\/\/smartal.ee\/ru\/wp-json\/wp\/v2\/media\/7162"}],"wp:attachment":[{"href":"https:\/\/smartal.ee\/ru\/wp-json\/wp\/v2\/media?parent=7161"}],"wp:term":[{"taxonomy":"product_brand","embeddable":true,"href":"https:\/\/smartal.ee\/ru\/wp-json\/wp\/v2\/product_brand?post=7161"},{"taxonomy":"product_cat","embeddable":true,"href":"https:\/\/smartal.ee\/ru\/wp-json\/wp\/v2\/product_cat?post=7161"},{"taxonomy":"product_tag","embeddable":true,"href":"https:\/\/smartal.ee\/ru\/wp-json\/wp\/v2\/product_tag?post=7161"}],"curies":[{"name":"wp","href":"https:\/\/api.w.org\/{rel}","templated":true}]}}