{"id":7180,"date":"2025-03-02T11:11:43","date_gmt":"2025-03-02T08:11:43","guid":{"rendered":"https:\/\/smartal.ee\/?post_type=product&#038;p=7180"},"modified":"2026-03-25T14:14:29","modified_gmt":"2026-03-25T11:14:29","slug":"poranda-riidenagi-okas-6-riidepuu-matt-must-plaattallaga-kopeeri","status":"publish","type":"product","link":"https:\/\/smartal.ee\/ru\/shop\/toostustehnika\/moobel\/poranda-riidenagi-okas-6-riidepuu-matt-must-plaattallaga-kopeeri\/","title":{"rendered":"Jalatsiresti ja m\u00fctsiriiuliga riidenagi RIANA 8 riidepuu"},"content":{"rendered":"<h4 class=\"base title\">Jalatsiresti ja m\u00fctsiriiuliga riidenagi RIANA<\/h4>\n<p class=\"wp-block-heading\">Omadused:<\/p>\n<ul class=\"wp-block-list\">\n<li>M\u00f5\u00f5dud: 185x42x42 cm<\/li>\n<li>Mahutavus: 8 kontsud<\/li>\n<li>Riiul m\u00fctsidele ning jalatsirest<\/li>\n<li>Tugev ja vastupidav konstruktsioon<\/li>\n<li>Kaal: 8kg<\/li>\n<\/ul>\n<p class=\"wp-block-heading\">Eelised:<\/p>\n<ul class=\"wp-block-list\">\n<li>Sobib nii kodudesse kui ka avalikesse ruumidesse<\/li>\n<li>Hoiab riided korras ja kergesti k\u00e4ttesaadavana<\/li>\n<\/ul>\n<p>Matt must laokaup!<\/p>\n<p>Teised v\u00e4rvid\u00a0 tarneaeg 1-2 n\u00e4dalat<\/p>","protected":false},"excerpt":{"rendered":"<p>Jalatsiresti ja m\u00fctsiriiuliga riidenagi RIANA Omadused: M\u00f5\u00f5dud: 185x42x42 cm Mahutavus: 8 kontsud Riiul m\u00fctsidele ning jalatsirest Tugev ja vastupidav konstruktsioon Kaal: 8kg Eelised: Sobib nii kodudesse kui ka avalikesse ruumidesse Hoiab riided korras ja kergesti k\u00e4ttesaadavana Matt must laokaup! Teised v\u00e4rvid\u00a0 tarneaeg 1-2 n\u00e4dalat<\/p>","protected":false},"featured_media":7181,"template":"","meta":{"_regular_price":["127.99"],"currency_symbol":[],"ub_ctt_via":""},"product_brand":[],"product_cat":[159],"product_tag":[],"class_list":{"0":"post-7180","1":"product","2":"type-product","3":"status-publish","4":"has-post-thumbnail","6":"product_cat-moobel","8":"first","9":"instock","10":"taxable","11":"shipping-taxable","12":"purchasable","13":"product-type-simple"},"post_slider_layout_featured_media_urls":{"thumbnail":["https:\/\/smartal.ee\/wp-content\/uploads\/2025\/03\/riidenagi_diana_DSC04665-768x1365-1-150x150.jpg",150,150,true],"post_slider_layout_landscape_large":["https:\/\/smartal.ee\/wp-content\/uploads\/2025\/03\/riidenagi_diana_DSC04665-768x1365-1.jpg",450,800,false],"post_slider_layout_portrait_large":["https:\/\/smartal.ee\/wp-content\/uploads\/2025\/03\/riidenagi_diana_DSC04665-768x1365-1.jpg",768,1365,false],"post_slider_layout_square_large":["https:\/\/smartal.ee\/wp-content\/uploads\/2025\/03\/riidenagi_diana_DSC04665-768x1365-1.jpg",675,1200,false],"post_slider_layout_landscape":["https:\/\/smartal.ee\/wp-content\/uploads\/2025\/03\/riidenagi_diana_DSC04665-768x1365-1.jpg",225,400,false],"post_slider_layout_portrait":["https:\/\/smartal.ee\/wp-content\/uploads\/2025\/03\/riidenagi_diana_DSC04665-768x1365-1.jpg",506,900,false],"post_slider_layout_square":["https:\/\/smartal.ee\/wp-content\/uploads\/2025\/03\/riidenagi_diana_DSC04665-768x1365-1.jpg",338,600,false],"full":["https:\/\/smartal.ee\/wp-content\/uploads\/2025\/03\/riidenagi_diana_DSC04665-768x1365-1.jpg",768,1365,false]},"_links":{"self":[{"href":"https:\/\/smartal.ee\/ru\/wp-json\/wp\/v2\/product\/7180","targetHints":{"allow":["GET"]}}],"collection":[{"href":"https:\/\/smartal.ee\/ru\/wp-json\/wp\/v2\/product"}],"about":[{"href":"https:\/\/smartal.ee\/ru\/wp-json\/wp\/v2\/types\/product"}],"wp:featuredmedia":[{"embeddable":true,"href":"https:\/\/smartal.ee\/ru\/wp-json\/wp\/v2\/media\/7181"}],"wp:attachment":[{"href":"https:\/\/smartal.ee\/ru\/wp-json\/wp\/v2\/media?parent=7180"}],"wp:term":[{"taxonomy":"product_brand","embeddable":true,"href":"https:\/\/smartal.ee\/ru\/wp-json\/wp\/v2\/product_brand?post=7180"},{"taxonomy":"product_cat","embeddable":true,"href":"https:\/\/smartal.ee\/ru\/wp-json\/wp\/v2\/product_cat?post=7180"},{"taxonomy":"product_tag","embeddable":true,"href":"https:\/\/smartal.ee\/ru\/wp-json\/wp\/v2\/product_tag?post=7180"}],"curies":[{"name":"wp","href":"https:\/\/api.w.org\/{rel}","templated":true}]}}