{"id":7186,"date":"2025-03-04T13:59:23","date_gmt":"2025-03-04T10:59:23","guid":{"rendered":"https:\/\/smartal.ee\/?post_type=product&#038;p=7186"},"modified":"2026-03-25T14:14:45","modified_gmt":"2026-03-25T11:14:45","slug":"poranda-riidenagi-ferrero","status":"publish","type":"product","link":"https:\/\/smartal.ee\/ru\/shop\/toostustehnika\/moobel\/poranda-riidenagi-ferrero\/","title":{"rendered":"P\u00f5randa Riidenagi Ferrero"},"content":{"rendered":"<h4 class=\"base title\">P\u00f5randa Riidenagi Ferrero<\/h4>\n<p>M\u00f5\u00f5dud: 186x44x44 cm<\/p>\n<p>Mahutavus: 8 konksu<br \/>\nKaal: 10kg<\/p>\n<p>Tarneaeg 1-2 n\u00e4dalat<\/p>","protected":false},"excerpt":{"rendered":"<p>P\u00f5randa Riidenagi Ferrero M\u00f5\u00f5dud: 186x44x44 cm Mahutavus: 8 konksu Kaal: 10kg Tarneaeg 1-2 n\u00e4dalat<\/p>","protected":false},"featured_media":7187,"template":"","meta":{"_regular_price":["129.09"],"currency_symbol":[],"ub_ctt_via":""},"product_brand":[],"product_cat":[159],"product_tag":[],"class_list":{"0":"post-7186","1":"product","2":"type-product","3":"status-publish","4":"has-post-thumbnail","6":"product_cat-moobel","8":"first","9":"instock","10":"taxable","11":"shipping-taxable","12":"purchasable","13":"product-type-simple"},"post_slider_layout_featured_media_urls":{"thumbnail":["https:\/\/smartal.ee\/wp-content\/uploads\/2025\/03\/VN9J5543-Figaro-150x150.jpg",150,150,true],"post_slider_layout_landscape_large":["https:\/\/smartal.ee\/wp-content\/uploads\/2025\/03\/VN9J5543-Figaro.jpg",800,800,false],"post_slider_layout_portrait_large":["https:\/\/smartal.ee\/wp-content\/uploads\/2025\/03\/VN9J5543-Figaro.jpg",1000,1000,false],"post_slider_layout_square_large":["https:\/\/smartal.ee\/wp-content\/uploads\/2025\/03\/VN9J5543-Figaro.jpg",1000,1000,false],"post_slider_layout_landscape":["https:\/\/smartal.ee\/wp-content\/uploads\/2025\/03\/VN9J5543-Figaro.jpg",400,400,false],"post_slider_layout_portrait":["https:\/\/smartal.ee\/wp-content\/uploads\/2025\/03\/VN9J5543-Figaro.jpg",600,600,false],"post_slider_layout_square":["https:\/\/smartal.ee\/wp-content\/uploads\/2025\/03\/VN9J5543-Figaro.jpg",600,600,false],"full":["https:\/\/smartal.ee\/wp-content\/uploads\/2025\/03\/VN9J5543-Figaro.jpg",1000,1000,false]},"_links":{"self":[{"href":"https:\/\/smartal.ee\/ru\/wp-json\/wp\/v2\/product\/7186","targetHints":{"allow":["GET"]}}],"collection":[{"href":"https:\/\/smartal.ee\/ru\/wp-json\/wp\/v2\/product"}],"about":[{"href":"https:\/\/smartal.ee\/ru\/wp-json\/wp\/v2\/types\/product"}],"wp:featuredmedia":[{"embeddable":true,"href":"https:\/\/smartal.ee\/ru\/wp-json\/wp\/v2\/media\/7187"}],"wp:attachment":[{"href":"https:\/\/smartal.ee\/ru\/wp-json\/wp\/v2\/media?parent=7186"}],"wp:term":[{"taxonomy":"product_brand","embeddable":true,"href":"https:\/\/smartal.ee\/ru\/wp-json\/wp\/v2\/product_brand?post=7186"},{"taxonomy":"product_cat","embeddable":true,"href":"https:\/\/smartal.ee\/ru\/wp-json\/wp\/v2\/product_cat?post=7186"},{"taxonomy":"product_tag","embeddable":true,"href":"https:\/\/smartal.ee\/ru\/wp-json\/wp\/v2\/product_tag?post=7186"}],"curies":[{"name":"wp","href":"https:\/\/api.w.org\/{rel}","templated":true}]}}