{"id":7188,"date":"2025-03-04T14:06:38","date_gmt":"2025-03-04T11:06:38","guid":{"rendered":"https:\/\/smartal.ee\/?post_type=product&#038;p=7188"},"modified":"2026-03-25T14:15:05","modified_gmt":"2026-03-25T11:15:05","slug":"poranda-riidenagi-garderoob-tomi","status":"publish","type":"product","link":"https:\/\/smartal.ee\/ru\/shop\/toostustehnika\/moobel\/poranda-riidenagi-garderoob-tomi\/","title":{"rendered":"P\u00f5randa Riidenagi-garderoob Tomi"},"content":{"rendered":"<h4 class=\"base title\">P\u00f5randa Riidenagi-garderoob Tomi<\/h4>\n<p>Jalatsiresti ja m\u00fctsiriiuliga garderoob. M\u00f5lemas otsas nagid, keskel toru riidepuude jaoks.<\/p>\n<p>M\u00f5\u00f5dud: 180x74x60 cm<\/p>\n<p>Kaal: 14kg<\/p>\n<p>Matt must laokaup! Teised v\u00e4rvid tarneaeg 1-2 n\u00e4dalat.<\/p>","protected":false},"excerpt":{"rendered":"<p>P\u00f5randa Riidenagi-garderoob Tomi Jalatsiresti ja m\u00fctsiriiuliga garderoob. M\u00f5lemas otsas nagid, keskel toru riidepuude jaoks. M\u00f5\u00f5dud: 180x74x60 cm Kaal: 14kg Matt must laokaup! Teised v\u00e4rvid tarneaeg 1-2 n\u00e4dalat.<\/p>","protected":false},"featured_media":7189,"template":"","meta":{"_regular_price":["221.59"],"currency_symbol":[],"ub_ctt_via":""},"product_brand":[],"product_cat":[159],"product_tag":[],"class_list":{"0":"post-7188","1":"product","2":"type-product","3":"status-publish","4":"has-post-thumbnail","6":"product_cat-moobel","8":"first","9":"onbackorder","10":"taxable","11":"shipping-taxable","12":"purchasable","13":"product-type-simple"},"post_slider_layout_featured_media_urls":{"thumbnail":["https:\/\/smartal.ee\/wp-content\/uploads\/2025\/03\/garderoob_tom_DSC04685-scaled-1-150x150.jpg",150,150,true],"post_slider_layout_landscape_large":["https:\/\/smartal.ee\/wp-content\/uploads\/2025\/03\/garderoob_tom_DSC04685-scaled-1.jpg",450,800,false],"post_slider_layout_portrait_large":["https:\/\/smartal.ee\/wp-content\/uploads\/2025\/03\/garderoob_tom_DSC04685-scaled-1.jpg",1013,1800,false],"post_slider_layout_square_large":["https:\/\/smartal.ee\/wp-content\/uploads\/2025\/03\/garderoob_tom_DSC04685-scaled-1.jpg",675,1200,false],"post_slider_layout_landscape":["https:\/\/smartal.ee\/wp-content\/uploads\/2025\/03\/garderoob_tom_DSC04685-scaled-1.jpg",225,400,false],"post_slider_layout_portrait":["https:\/\/smartal.ee\/wp-content\/uploads\/2025\/03\/garderoob_tom_DSC04685-scaled-1.jpg",506,900,false],"post_slider_layout_square":["https:\/\/smartal.ee\/wp-content\/uploads\/2025\/03\/garderoob_tom_DSC04685-scaled-1.jpg",338,600,false],"full":["https:\/\/smartal.ee\/wp-content\/uploads\/2025\/03\/garderoob_tom_DSC04685-scaled-1.jpg",1440,2560,false]},"_links":{"self":[{"href":"https:\/\/smartal.ee\/ru\/wp-json\/wp\/v2\/product\/7188","targetHints":{"allow":["GET"]}}],"collection":[{"href":"https:\/\/smartal.ee\/ru\/wp-json\/wp\/v2\/product"}],"about":[{"href":"https:\/\/smartal.ee\/ru\/wp-json\/wp\/v2\/types\/product"}],"wp:featuredmedia":[{"embeddable":true,"href":"https:\/\/smartal.ee\/ru\/wp-json\/wp\/v2\/media\/7189"}],"wp:attachment":[{"href":"https:\/\/smartal.ee\/ru\/wp-json\/wp\/v2\/media?parent=7188"}],"wp:term":[{"taxonomy":"product_brand","embeddable":true,"href":"https:\/\/smartal.ee\/ru\/wp-json\/wp\/v2\/product_brand?post=7188"},{"taxonomy":"product_cat","embeddable":true,"href":"https:\/\/smartal.ee\/ru\/wp-json\/wp\/v2\/product_cat?post=7188"},{"taxonomy":"product_tag","embeddable":true,"href":"https:\/\/smartal.ee\/ru\/wp-json\/wp\/v2\/product_tag?post=7188"}],"curies":[{"name":"wp","href":"https:\/\/api.w.org\/{rel}","templated":true}]}}