{"id":7277,"date":"2025-04-04T11:02:26","date_gmt":"2025-04-04T08:02:26","guid":{"rendered":"https:\/\/smartal.ee\/?post_type=product&#038;p=7277"},"modified":"2026-04-08T13:15:57","modified_gmt":"2026-04-08T10:15:57","slug":"avarii-toostusvalgusti-pfx-fibra-iv-led-1455x98-82w-14220lm-840-opal-grey-e1","status":"publish","type":"product","link":"https:\/\/smartal.ee\/ru\/shop\/valgustid\/avarii-toostusvalgusti-pfx-fibra-iv-led-1455x98-82w-14220lm-840-opal-grey-e1\/","title":{"rendered":"AVARII T\u00d6\u00d6STUSVALGUSTI PFX Fibra IV LED 1455&#215;98 82W 14220lm 840 OPAL Grey + E1"},"content":{"rendered":"<h4 class=\"h1\">AVARII T\u00d6\u00d6STUSVALGUSTI PFX Fibra IV LED 1455&#215;98 82W 14220lm 840 OPAL Grey + E1<\/h4>\n<h4 class=\"h1\">V\u00f5imsus: 82W 14220lm 840<\/h4>\n<h4 class=\"h1\">M\u00f5\u00f5t: 1455x98mm<\/h4>\n<h4 class=\"h1\">Kaitseklass: IP66 IK10<\/h4>\n<h4>Avariimoodul: 1H<\/h4>\n<p><a href=\"https:\/\/www.pxf.pl\/en\/products\/fibra-iv-led?ctpe=KategorieZastosowania&amp;cid%5B0%5D=353\">https:\/\/www.pxf.pl\/en\/products\/fibra-iv-led?ctpe=KategorieZastosowania&amp;cid%5B0%5D=353<\/a><\/p>\n<p>&nbsp;<\/p>\n<p>&nbsp;<\/p>","protected":false},"excerpt":{"rendered":"<p>AVARII T\u00d6\u00d6STUSVALGUSTI PFX Fibra IV LED 1455&#215;98 82W 14220lm 840 OPAL Grey + E1 V\u00f5imsus: 82W 14220lm 840 M\u00f5\u00f5t: 1455x98mm Kaitseklass: IP66 IK10 Avariimoodul: 1H https:\/\/www.pxf.pl\/en\/products\/fibra-iv-led?ctpe=KategorieZastosowania&amp;cid%5B0%5D=353 &nbsp; &nbsp;<\/p>","protected":false},"featured_media":7276,"template":"","meta":{"_regular_price":["141.29"],"currency_symbol":[],"ub_ctt_via":""},"product_brand":[],"product_cat":[40],"product_tag":[],"class_list":{"0":"post-7277","1":"product","2":"type-product","3":"status-publish","4":"has-post-thumbnail","6":"product_cat-valgustid","8":"first","9":"instock","10":"taxable","11":"shipping-taxable","12":"purchasable","13":"product-type-simple"},"post_slider_layout_featured_media_urls":{"thumbnail":["https:\/\/smartal.ee\/wp-content\/uploads\/2025\/04\/FIBRA_IV_LED_1175mm.5b72d9ea-150x150.png",150,150,true],"post_slider_layout_landscape_large":["https:\/\/smartal.ee\/wp-content\/uploads\/2025\/04\/FIBRA_IV_LED_1175mm.5b72d9ea.png",628,628,false],"post_slider_layout_portrait_large":["https:\/\/smartal.ee\/wp-content\/uploads\/2025\/04\/FIBRA_IV_LED_1175mm.5b72d9ea.png",628,628,false],"post_slider_layout_square_large":["https:\/\/smartal.ee\/wp-content\/uploads\/2025\/04\/FIBRA_IV_LED_1175mm.5b72d9ea.png",628,628,false],"post_slider_layout_landscape":["https:\/\/smartal.ee\/wp-content\/uploads\/2025\/04\/FIBRA_IV_LED_1175mm.5b72d9ea.png",400,400,false],"post_slider_layout_portrait":["https:\/\/smartal.ee\/wp-content\/uploads\/2025\/04\/FIBRA_IV_LED_1175mm.5b72d9ea.png",600,600,false],"post_slider_layout_square":["https:\/\/smartal.ee\/wp-content\/uploads\/2025\/04\/FIBRA_IV_LED_1175mm.5b72d9ea.png",600,600,false],"full":["https:\/\/smartal.ee\/wp-content\/uploads\/2025\/04\/FIBRA_IV_LED_1175mm.5b72d9ea.png",628,628,false]},"_links":{"self":[{"href":"https:\/\/smartal.ee\/ru\/wp-json\/wp\/v2\/product\/7277","targetHints":{"allow":["GET"]}}],"collection":[{"href":"https:\/\/smartal.ee\/ru\/wp-json\/wp\/v2\/product"}],"about":[{"href":"https:\/\/smartal.ee\/ru\/wp-json\/wp\/v2\/types\/product"}],"wp:featuredmedia":[{"embeddable":true,"href":"https:\/\/smartal.ee\/ru\/wp-json\/wp\/v2\/media\/7276"}],"wp:attachment":[{"href":"https:\/\/smartal.ee\/ru\/wp-json\/wp\/v2\/media?parent=7277"}],"wp:term":[{"taxonomy":"product_brand","embeddable":true,"href":"https:\/\/smartal.ee\/ru\/wp-json\/wp\/v2\/product_brand?post=7277"},{"taxonomy":"product_cat","embeddable":true,"href":"https:\/\/smartal.ee\/ru\/wp-json\/wp\/v2\/product_cat?post=7277"},{"taxonomy":"product_tag","embeddable":true,"href":"https:\/\/smartal.ee\/ru\/wp-json\/wp\/v2\/product_tag?post=7277"}],"curies":[{"name":"wp","href":"https:\/\/api.w.org\/{rel}","templated":true}]}}