{"id":7346,"date":"2025-05-16T09:37:03","date_gmt":"2025-05-16T06:37:03","guid":{"rendered":"https:\/\/smartal.ee\/?post_type=product&#038;p=7346"},"modified":"2025-06-16T15:02:03","modified_gmt":"2025-06-16T12:02:03","slug":"soco-t-100-lihtne-kastiteipimise-masin","status":"publish","type":"product","link":"https:\/\/smartal.ee\/ru\/shop\/toostustehnika\/toostusmasinad\/soco-t-100-lihtne-kastiteipimise-masin\/","title":{"rendered":"Soco System T-100 Mini lihtne kastiteipimise masin"},"content":{"rendered":"<h4>Soco T-100 Mini\u00a0 lihtne kastiteipimise masin<\/h4>\n<h5 class=\"wp-block-heading\"><strong>OMADUSED<\/strong><\/h5>\n<ul class=\"wp-block-list\">\n<li>Masinat on lihtne puhastada ning see on vastupidav niiskusele.<\/li>\n<li>Lihtne reguleerida erineva suurusega karpide jaoks.<\/li>\n<li>Lihtne teibirulli ja kasseti vahetamine.<\/li>\n<li>Madalate hooldus- ja varuosade kuludega.<\/li>\n<\/ul>\n<figure class=\"wp-block-image size-full\"><img fetchpriority=\"high\" decoding=\"async\" class=\"wp-image-4234\" src=\"https:\/\/markline.ee\/wp-content\/uploads\/2021\/11\/T-100tabel-1.jpg\" sizes=\"(max-width: 836px) 100vw, 836px\" srcset=\"https:\/\/markline.ee\/wp-content\/uploads\/2021\/11\/T-100tabel-1.jpg 836w, https:\/\/markline.ee\/wp-content\/uploads\/2021\/11\/T-100tabel-1-300x271.jpg 300w, https:\/\/markline.ee\/wp-content\/uploads\/2021\/11\/T-100tabel-1-150x135.jpg 150w, https:\/\/markline.ee\/wp-content\/uploads\/2021\/11\/T-100tabel-1-768x694.jpg 768w\" alt=\"\" width=\"836\" height=\"755\" \/><\/figure>\n<pre id=\"tw-target-text\" class=\"wp-block-preformatted\">* Olenevalt karbi konstruktsioonist ja kartongi kvaliteedist.\r\n** Koos v\u00f5i ilma k\u00fclgsurve rullideta.<\/pre>\n<p>Elektris\u00fcsteemi n\u00f5uded: 3 x 230\/400 V, 50-60 Hz or 3 x 415\/460 V, 50-60 Hz. V\u00f5imsus tarve 0.3 kW.<\/p>\n<p>&nbsp;<\/p>\n<p><strong>Muud tingimused vastavalt pakkumusele.<\/strong><\/p>\n<p>&nbsp;<\/p>","protected":false},"excerpt":{"rendered":"<p>Soco T-100 Mini\u00a0 lihtne kastiteipimise masin OMADUSED Masinat on lihtne puhastada ning see on vastupidav niiskusele. Lihtne reguleerida erineva suurusega karpide jaoks. Lihtne teibirulli ja kasseti vahetamine. Madalate hooldus- ja varuosade kuludega. * Olenevalt karbi konstruktsioonist ja kartongi kvaliteedist. ** Koos v\u00f5i ilma k\u00fclgsurve rullideta. Elektris\u00fcsteemi n\u00f5uded: 3 x 230\/400 V, 50-60 Hz or 3 [&hellip;]<\/p>","protected":false},"featured_media":7352,"template":"","meta":{"_regular_price":["4370.49"],"currency_symbol":[],"ub_ctt_via":""},"product_brand":[],"product_cat":[162],"product_tag":[],"class_list":{"0":"post-7346","1":"product","2":"type-product","3":"status-publish","4":"has-post-thumbnail","6":"product_cat-toostusmasinad","8":"first","9":"onbackorder","10":"taxable","11":"shipping-taxable","12":"purchasable","13":"product-type-simple"},"post_slider_layout_featured_media_urls":{"thumbnail":["https:\/\/smartal.ee\/wp-content\/uploads\/2025\/05\/440148313-t-100-5-5-9-70-50-150x150.jpg",150,150,true],"post_slider_layout_landscape_large":["https:\/\/smartal.ee\/wp-content\/uploads\/2025\/05\/440148313-t-100-5-5-9-70-50.jpg",540,570,false],"post_slider_layout_portrait_large":["https:\/\/smartal.ee\/wp-content\/uploads\/2025\/05\/440148313-t-100-5-5-9-70-50.jpg",540,570,false],"post_slider_layout_square_large":["https:\/\/smartal.ee\/wp-content\/uploads\/2025\/05\/440148313-t-100-5-5-9-70-50.jpg",540,570,false],"post_slider_layout_landscape":["https:\/\/smartal.ee\/wp-content\/uploads\/2025\/05\/440148313-t-100-5-5-9-70-50.jpg",379,400,false],"post_slider_layout_portrait":["https:\/\/smartal.ee\/wp-content\/uploads\/2025\/05\/440148313-t-100-5-5-9-70-50.jpg",540,570,false],"post_slider_layout_square":["https:\/\/smartal.ee\/wp-content\/uploads\/2025\/05\/440148313-t-100-5-5-9-70-50.jpg",540,570,false],"full":["https:\/\/smartal.ee\/wp-content\/uploads\/2025\/05\/440148313-t-100-5-5-9-70-50.jpg",540,570,false]},"_links":{"self":[{"href":"https:\/\/smartal.ee\/ru\/wp-json\/wp\/v2\/product\/7346","targetHints":{"allow":["GET"]}}],"collection":[{"href":"https:\/\/smartal.ee\/ru\/wp-json\/wp\/v2\/product"}],"about":[{"href":"https:\/\/smartal.ee\/ru\/wp-json\/wp\/v2\/types\/product"}],"wp:featuredmedia":[{"embeddable":true,"href":"https:\/\/smartal.ee\/ru\/wp-json\/wp\/v2\/media\/7352"}],"wp:attachment":[{"href":"https:\/\/smartal.ee\/ru\/wp-json\/wp\/v2\/media?parent=7346"}],"wp:term":[{"taxonomy":"product_brand","embeddable":true,"href":"https:\/\/smartal.ee\/ru\/wp-json\/wp\/v2\/product_brand?post=7346"},{"taxonomy":"product_cat","embeddable":true,"href":"https:\/\/smartal.ee\/ru\/wp-json\/wp\/v2\/product_cat?post=7346"},{"taxonomy":"product_tag","embeddable":true,"href":"https:\/\/smartal.ee\/ru\/wp-json\/wp\/v2\/product_tag?post=7346"}],"curies":[{"name":"wp","href":"https:\/\/api.w.org\/{rel}","templated":true}]}}