{"id":7348,"date":"2025-05-16T10:05:39","date_gmt":"2025-05-16T07:05:39","guid":{"rendered":"https:\/\/smartal.ee\/?post_type=product&#038;p=7348"},"modified":"2025-06-16T15:01:11","modified_gmt":"2025-06-16T12:01:11","slug":"soco-t-100-lihtne-kastiteipimise-masin-2","status":"publish","type":"product","link":"https:\/\/smartal.ee\/ru\/shop\/toostustehnika\/toostusmasinad\/soco-t-100-lihtne-kastiteipimise-masin-2\/","title":{"rendered":"Soco System T-100 lihtne kastiteipimise masin"},"content":{"rendered":"<h4>Soco T-100 lihtne kastiteipimise masin<\/h4>\n<h5 class=\"wp-block-heading\"><strong>T-100 on m\u00f5eldud just v\u00e4iksemate karpide teipimiseks nii alt kui pealt.<\/strong><\/h5>\n<p>SocoSystem T100 5-5-9 seade on ette n\u00e4htud t\u00e4idetud kartongkastide sulgemiseks.<br \/>\nTehnilised andmed:<br \/>\nSeadme m\u00f5\u00f5tmed: pikkus 920 mm, laius 880 mm, plaadi k\u00f5rgus 650-995 mm,<br \/>\nToote m\u00f5\u00f5tmed: pakendi laius: 90-520 mm, pakendi k\u00f5rgus: 90-505 mm, v\u00e4him pikkus 160mm<br \/>\nTeip: teibirulli sisel\u00e4bim\u00f5\u00f5t 76 mm, v\u00e4lisl\u00e4bim\u00f5\u00f5t max.385 mm, laius 38-50 mm,<br \/>\nteibi \u00fclekate 50mm v\u00f5i 70 mm<br \/>\nK\u00fclgtransport\u00f6\u00f6r: pikkus 770 mm, laius 50 mm<\/p>\n<p><strong>P\u00f5himudelid T-100 Mini ja T-100.<\/strong><\/p>\n<p><strong>OMADUSED<\/strong><\/p>\n<ul class=\"wp-block-list\">\n<li>Masinat on lihtne puhastada ning see on vastupidav niiskusele.<\/li>\n<li>Lihtne reguleerida erineva suurusega karpide jaoks.<\/li>\n<li>Lihtne teibirulli ja kasseti vahetamine.<\/li>\n<li>Madalate hooldus- ja varuosade kuludega.<\/li>\n<\/ul>\n<figure class=\"wp-block-image size-full\"><img fetchpriority=\"high\" decoding=\"async\" class=\"wp-image-4234\" src=\"https:\/\/markline.ee\/wp-content\/uploads\/2021\/11\/T-100tabel-1.jpg\" sizes=\"(max-width: 836px) 100vw, 836px\" srcset=\"https:\/\/markline.ee\/wp-content\/uploads\/2021\/11\/T-100tabel-1.jpg 836w, https:\/\/markline.ee\/wp-content\/uploads\/2021\/11\/T-100tabel-1-300x271.jpg 300w, https:\/\/markline.ee\/wp-content\/uploads\/2021\/11\/T-100tabel-1-150x135.jpg 150w, https:\/\/markline.ee\/wp-content\/uploads\/2021\/11\/T-100tabel-1-768x694.jpg 768w\" alt=\"\" width=\"836\" height=\"755\" \/><\/figure>\n<p>Elektris\u00fcsteemi n\u00f5uded: 3 x 230\/400 V, 50-60 Hz\u00a0 v\u00f5i\u00a0 3 x 415\/460 V, 50-60 Hz. V\u00f5imsus tarve 0.3 kW.<\/p>\n<p><strong>Lisaseadmena pakendi esi- ja k\u00fclgosade sulgeja 139 EUR+km<\/strong><\/p>\n<p>&nbsp;<\/p>\n<p>&nbsp;<\/p>\n<p>&nbsp;<\/p>","protected":false},"excerpt":{"rendered":"<p>Soco T-100 lihtne kastiteipimise masin T-100 on m\u00f5eldud just v\u00e4iksemate karpide teipimiseks nii alt kui pealt. SocoSystem T100 5-5-9 seade on ette n\u00e4htud t\u00e4idetud kartongkastide sulgemiseks. Tehnilised andmed: Seadme m\u00f5\u00f5tmed: pikkus 920 mm, laius 880 mm, plaadi k\u00f5rgus 650-995 mm, Toote m\u00f5\u00f5tmed: pakendi laius: 90-520 mm, pakendi k\u00f5rgus: 90-505 mm, v\u00e4him pikkus 160mm Teip: teibirulli [&hellip;]<\/p>","protected":false},"featured_media":7352,"template":"","meta":{"_regular_price":["4957.99"],"currency_symbol":[],"ub_ctt_via":""},"product_brand":[],"product_cat":[162],"product_tag":[],"class_list":{"0":"post-7348","1":"product","2":"type-product","3":"status-publish","4":"has-post-thumbnail","6":"product_cat-toostusmasinad","8":"first","9":"onbackorder","10":"taxable","11":"shipping-taxable","12":"purchasable","13":"product-type-simple"},"post_slider_layout_featured_media_urls":{"thumbnail":["https:\/\/smartal.ee\/wp-content\/uploads\/2025\/05\/440148313-t-100-5-5-9-70-50-150x150.jpg",150,150,true],"post_slider_layout_landscape_large":["https:\/\/smartal.ee\/wp-content\/uploads\/2025\/05\/440148313-t-100-5-5-9-70-50.jpg",540,570,false],"post_slider_layout_portrait_large":["https:\/\/smartal.ee\/wp-content\/uploads\/2025\/05\/440148313-t-100-5-5-9-70-50.jpg",540,570,false],"post_slider_layout_square_large":["https:\/\/smartal.ee\/wp-content\/uploads\/2025\/05\/440148313-t-100-5-5-9-70-50.jpg",540,570,false],"post_slider_layout_landscape":["https:\/\/smartal.ee\/wp-content\/uploads\/2025\/05\/440148313-t-100-5-5-9-70-50.jpg",379,400,false],"post_slider_layout_portrait":["https:\/\/smartal.ee\/wp-content\/uploads\/2025\/05\/440148313-t-100-5-5-9-70-50.jpg",540,570,false],"post_slider_layout_square":["https:\/\/smartal.ee\/wp-content\/uploads\/2025\/05\/440148313-t-100-5-5-9-70-50.jpg",540,570,false],"full":["https:\/\/smartal.ee\/wp-content\/uploads\/2025\/05\/440148313-t-100-5-5-9-70-50.jpg",540,570,false]},"_links":{"self":[{"href":"https:\/\/smartal.ee\/ru\/wp-json\/wp\/v2\/product\/7348","targetHints":{"allow":["GET"]}}],"collection":[{"href":"https:\/\/smartal.ee\/ru\/wp-json\/wp\/v2\/product"}],"about":[{"href":"https:\/\/smartal.ee\/ru\/wp-json\/wp\/v2\/types\/product"}],"wp:featuredmedia":[{"embeddable":true,"href":"https:\/\/smartal.ee\/ru\/wp-json\/wp\/v2\/media\/7352"}],"wp:attachment":[{"href":"https:\/\/smartal.ee\/ru\/wp-json\/wp\/v2\/media?parent=7348"}],"wp:term":[{"taxonomy":"product_brand","embeddable":true,"href":"https:\/\/smartal.ee\/ru\/wp-json\/wp\/v2\/product_brand?post=7348"},{"taxonomy":"product_cat","embeddable":true,"href":"https:\/\/smartal.ee\/ru\/wp-json\/wp\/v2\/product_cat?post=7348"},{"taxonomy":"product_tag","embeddable":true,"href":"https:\/\/smartal.ee\/ru\/wp-json\/wp\/v2\/product_tag?post=7348"}],"curies":[{"name":"wp","href":"https:\/\/api.w.org\/{rel}","templated":true}]}}