{"id":7353,"date":"2025-05-16T13:37:09","date_gmt":"2025-05-16T10:37:09","guid":{"rendered":"https:\/\/smartal.ee\/?post_type=product&#038;p=7353"},"modified":"2025-06-16T15:00:19","modified_gmt":"2025-06-16T12:00:19","slug":"soco-t-10-kastiteipimise-masin","status":"publish","type":"product","link":"https:\/\/smartal.ee\/ru\/shop\/toostustehnika\/toostusmasinad\/soco-t-10-kastiteipimise-masin\/","title":{"rendered":"Soco System T-10 kastiteipimise masin"},"content":{"rendered":"<h4>Soco System\u00a0 T-10 kastiteipimise masin<\/h4>\n<p>Tsinkplekist aluskorpusega teipimisseade T-10 5-5-7 standardvarustuses<\/p>\n<p>&nbsp;<\/p>\n<p>T-10 seadme k\u00fclge on lihtsam kinnitada konveiereid ja lisaseadmeid.<br \/>\nToote m\u00f5\u00f5tmed: pakendi laius: 90-515 mm, pakendi k\u00f5rgus: 80-505 mm, v\u00e4him pikkus 140mm.<br \/>\nTootlikkus kuni 30 kasti minutis.<br \/>\nhttps:\/\/www.socosystem.com\/world\/products\/case-sealing\/case-sealers-for-uniform-case-sizes\/t-10-case-sealer-for-the-hard-job<\/p>\n<p><strong>Lisaseadmena pakendi esi- ja k\u00fclgosade sulgeja 139EUR+km.<\/strong><\/p>\n<p>&nbsp;<\/p>\n<p>&nbsp;<\/p>","protected":false},"excerpt":{"rendered":"<p>Soco System\u00a0 T-10 kastiteipimise masin Tsinkplekist aluskorpusega teipimisseade T-10 5-5-7 standardvarustuses &nbsp; T-10 seadme k\u00fclge on lihtsam kinnitada konveiereid ja lisaseadmeid. Toote m\u00f5\u00f5tmed: pakendi laius: 90-515 mm, pakendi k\u00f5rgus: 80-505 mm, v\u00e4him pikkus 140mm. Tootlikkus kuni 30 kasti minutis. https:\/\/www.socosystem.com\/world\/products\/case-sealing\/case-sealers-for-uniform-case-sizes\/t-10-case-sealer-for-the-hard-job Lisaseadmena pakendi esi- ja k\u00fclgosade sulgeja 139EUR+km. &nbsp; &nbsp;<\/p>","protected":false},"featured_media":7345,"template":"","meta":{"_regular_price":["5016.89"],"currency_symbol":[],"ub_ctt_via":""},"product_brand":[],"product_cat":[162],"product_tag":[],"class_list":{"0":"post-7353","1":"product","2":"type-product","3":"status-publish","4":"has-post-thumbnail","6":"product_cat-toostusmasinad","8":"first","9":"onbackorder","10":"taxable","11":"shipping-taxable","12":"purchasable","13":"product-type-simple"},"post_slider_layout_featured_media_urls":{"thumbnail":["https:\/\/smartal.ee\/wp-content\/uploads\/2025\/05\/Soco-t-10-case-sealer-for-the-hard-job-150x150.jpg",150,150,true],"post_slider_layout_landscape_large":["https:\/\/smartal.ee\/wp-content\/uploads\/2025\/05\/Soco-t-10-case-sealer-for-the-hard-job.jpg",376,430,false],"post_slider_layout_portrait_large":["https:\/\/smartal.ee\/wp-content\/uploads\/2025\/05\/Soco-t-10-case-sealer-for-the-hard-job.jpg",376,430,false],"post_slider_layout_square_large":["https:\/\/smartal.ee\/wp-content\/uploads\/2025\/05\/Soco-t-10-case-sealer-for-the-hard-job.jpg",376,430,false],"post_slider_layout_landscape":["https:\/\/smartal.ee\/wp-content\/uploads\/2025\/05\/Soco-t-10-case-sealer-for-the-hard-job.jpg",350,400,false],"post_slider_layout_portrait":["https:\/\/smartal.ee\/wp-content\/uploads\/2025\/05\/Soco-t-10-case-sealer-for-the-hard-job.jpg",376,430,false],"post_slider_layout_square":["https:\/\/smartal.ee\/wp-content\/uploads\/2025\/05\/Soco-t-10-case-sealer-for-the-hard-job.jpg",376,430,false],"full":["https:\/\/smartal.ee\/wp-content\/uploads\/2025\/05\/Soco-t-10-case-sealer-for-the-hard-job.jpg",376,430,false]},"_links":{"self":[{"href":"https:\/\/smartal.ee\/ru\/wp-json\/wp\/v2\/product\/7353","targetHints":{"allow":["GET"]}}],"collection":[{"href":"https:\/\/smartal.ee\/ru\/wp-json\/wp\/v2\/product"}],"about":[{"href":"https:\/\/smartal.ee\/ru\/wp-json\/wp\/v2\/types\/product"}],"wp:featuredmedia":[{"embeddable":true,"href":"https:\/\/smartal.ee\/ru\/wp-json\/wp\/v2\/media\/7345"}],"wp:attachment":[{"href":"https:\/\/smartal.ee\/ru\/wp-json\/wp\/v2\/media?parent=7353"}],"wp:term":[{"taxonomy":"product_brand","embeddable":true,"href":"https:\/\/smartal.ee\/ru\/wp-json\/wp\/v2\/product_brand?post=7353"},{"taxonomy":"product_cat","embeddable":true,"href":"https:\/\/smartal.ee\/ru\/wp-json\/wp\/v2\/product_cat?post=7353"},{"taxonomy":"product_tag","embeddable":true,"href":"https:\/\/smartal.ee\/ru\/wp-json\/wp\/v2\/product_tag?post=7353"}],"curies":[{"name":"wp","href":"https:\/\/api.w.org\/{rel}","templated":true}]}}