{"id":7357,"date":"2025-05-19T07:50:30","date_gmt":"2025-05-19T04:50:30","guid":{"rendered":"https:\/\/smartal.ee\/?post_type=product&#038;p=7357"},"modified":"2025-06-16T14:58:57","modified_gmt":"2025-06-16T11:58:57","slug":"soco-system-t400-kastiteipimise-automaatne-masin-kopeeri","status":"publish","type":"product","link":"https:\/\/smartal.ee\/ru\/shop\/toostustehnika\/toostusmasinad\/soco-system-t400-kastiteipimise-automaatne-masin-kopeeri\/","title":{"rendered":"Soco System T400 kastiteipimise automaatne masin"},"content":{"rendered":"<h4>Automaatne pakendi teipimisseade Soco System T400 5-5-7 &#8211; muutumatute kasti m\u00f5\u00f5tmetega liinile.<\/h4>\n<p>&nbsp;<\/p>\n<p>Seade on ette n\u00e4htud t\u00e4idetud kartongkastide automaatseks sulgemiseks tootmisliini sees. Pakendi k\u00f5ik neli k\u00fclge suletakse automaatselt. Tehnilised andmed: Seadme m\u00f5\u00f5tmed: pikkus 910 mm, laius 900 mm, plaadi k\u00f5rgus 620-720 mm,<br \/>\nKasti m\u00f5\u00f5tmed:<br \/>\nMudel 5-5-7; pakendi laius: 120-460 mm, pakendi k\u00f5rgus: 95-470mm, pakendi pikkus: 200-550 mm, teibi \u00fclekate 50 v\u00f5i 70 mm<br \/>\nTeip: teibirulli sisel\u00e4bim\u00f5\u00f5t 76 mm, v\u00e4lisl\u00e4bim\u00f5\u00f5t max.385 mm, laius 38-50 mm,<br \/>\nK\u00fclgtransport\u00f6\u00f6r: pikkus 970 mm, laius 50 mm.<br \/>\nTootlikkus: kuni 18 pakendit minutis<br \/>\nToitepinge: 3&#215;380 V, 50 Hz, V\u00f5imsustarve: 0,3 kW. Suru\u00f5hu tarve: max. 0,6 l \u00f5hku survega 6 bar \u00fchele pakendile. Mass: 175 kg Korpus: El. tsingitud teras<br \/>\n<strong>Komplektis ei ole EU turvan\u00f5uetele vastav plastist turvapuur.\u00a0Masin ilma turvapuurita\u00a0 (paigaldamiseks turvatud alale)<\/strong><\/p>\n<p>Videotutvustus:<br \/>\n<a href=\"https:\/\/youtu.be\/UGn5pqqO8No\">https:\/\/youtu.be\/UGn5pqqO8No<\/a><\/p>\n<p>&nbsp;<\/p>\n<p>&nbsp;<\/p>","protected":false},"excerpt":{"rendered":"<p>Automaatne pakendi teipimisseade Soco System T400 5-5-7 &#8211; muutumatute kasti m\u00f5\u00f5tmetega liinile. &nbsp; Seade on ette n\u00e4htud t\u00e4idetud kartongkastide automaatseks sulgemiseks tootmisliini sees. Pakendi k\u00f5ik neli k\u00fclge suletakse automaatselt. Tehnilised andmed: Seadme m\u00f5\u00f5tmed: pikkus 910 mm, laius 900 mm, plaadi k\u00f5rgus 620-720 mm, Kasti m\u00f5\u00f5tmed: Mudel 5-5-7; pakendi laius: 120-460 mm, pakendi k\u00f5rgus: 95-470mm, pakendi [&hellip;]<\/p>","protected":false},"featured_media":7356,"template":"","meta":{"_regular_price":["7441.89"],"currency_symbol":[],"ub_ctt_via":""},"product_brand":[],"product_cat":[162],"product_tag":[],"class_list":{"0":"post-7357","1":"product","2":"type-product","3":"status-publish","4":"has-post-thumbnail","6":"product_cat-toostusmasinad","8":"first","9":"onbackorder","10":"taxable","11":"shipping-taxable","12":"purchasable","13":"product-type-simple"},"post_slider_layout_featured_media_urls":{"thumbnail":["https:\/\/smartal.ee\/wp-content\/uploads\/2025\/05\/t-400-case-sealer-with-automatic-flap-closure-150x150.jpg",150,150,true],"post_slider_layout_landscape_large":["https:\/\/smartal.ee\/wp-content\/uploads\/2025\/05\/t-400-case-sealer-with-automatic-flap-closure.jpg",430,393,false],"post_slider_layout_portrait_large":["https:\/\/smartal.ee\/wp-content\/uploads\/2025\/05\/t-400-case-sealer-with-automatic-flap-closure.jpg",430,393,false],"post_slider_layout_square_large":["https:\/\/smartal.ee\/wp-content\/uploads\/2025\/05\/t-400-case-sealer-with-automatic-flap-closure.jpg",430,393,false],"post_slider_layout_landscape":["https:\/\/smartal.ee\/wp-content\/uploads\/2025\/05\/t-400-case-sealer-with-automatic-flap-closure.jpg",430,393,false],"post_slider_layout_portrait":["https:\/\/smartal.ee\/wp-content\/uploads\/2025\/05\/t-400-case-sealer-with-automatic-flap-closure.jpg",430,393,false],"post_slider_layout_square":["https:\/\/smartal.ee\/wp-content\/uploads\/2025\/05\/t-400-case-sealer-with-automatic-flap-closure.jpg",430,393,false],"full":["https:\/\/smartal.ee\/wp-content\/uploads\/2025\/05\/t-400-case-sealer-with-automatic-flap-closure.jpg",430,393,false]},"_links":{"self":[{"href":"https:\/\/smartal.ee\/ru\/wp-json\/wp\/v2\/product\/7357","targetHints":{"allow":["GET"]}}],"collection":[{"href":"https:\/\/smartal.ee\/ru\/wp-json\/wp\/v2\/product"}],"about":[{"href":"https:\/\/smartal.ee\/ru\/wp-json\/wp\/v2\/types\/product"}],"wp:featuredmedia":[{"embeddable":true,"href":"https:\/\/smartal.ee\/ru\/wp-json\/wp\/v2\/media\/7356"}],"wp:attachment":[{"href":"https:\/\/smartal.ee\/ru\/wp-json\/wp\/v2\/media?parent=7357"}],"wp:term":[{"taxonomy":"product_brand","embeddable":true,"href":"https:\/\/smartal.ee\/ru\/wp-json\/wp\/v2\/product_brand?post=7357"},{"taxonomy":"product_cat","embeddable":true,"href":"https:\/\/smartal.ee\/ru\/wp-json\/wp\/v2\/product_cat?post=7357"},{"taxonomy":"product_tag","embeddable":true,"href":"https:\/\/smartal.ee\/ru\/wp-json\/wp\/v2\/product_tag?post=7357"}],"curies":[{"name":"wp","href":"https:\/\/api.w.org\/{rel}","templated":true}]}}