{"id":7365,"date":"2025-05-19T08:49:08","date_gmt":"2025-05-19T05:49:08","guid":{"rendered":"https:\/\/smartal.ee\/?post_type=product&#038;p=7365"},"modified":"2025-06-16T14:56:06","modified_gmt":"2025-06-16T11:56:06","slug":"soco-system-konveiersusteem-boomerang-laiusega-400-mm","status":"publish","type":"product","link":"https:\/\/smartal.ee\/ru\/shop\/toostustehnika\/toostusmasinad\/soco-system-konveiersusteem-boomerang-laiusega-400-mm\/","title":{"rendered":"Soco System Konveiers\u00fcsteem Boomerang Laiusega 400 mm"},"content":{"rendered":"<p><strong>Soco System Konveiers\u00fcsteem Boomerang Laiusega 400 mm<\/strong><\/p>\n<p>Bumerangi s\u00fcsteem sobib ideaalselt &#8220;\u00fchemehe pakkimisjaamaks&#8221;, kus \u00fcks operaator saab kaste t\u00e4ita, pitseerida ja alusele panna praktiliselt samast kohast.<\/p>\n<p>Bumerangi pakkimisjaam v\u00f5imaldab teha kolm toimingut v\u00e4ga piiratud alal, ca. 8 m2:<\/p>\n<p>Tutvustus:<\/p>\n<p><a href=\"https:\/\/www.socosystem.com\/world\/products\/conveying\/packaging-solutions\/boomerang-packaging-system-for-case-sealers\">https:\/\/www.socosystem.com\/world\/products\/case-sealing\/case-sealers-for-uniform-case-sizes\/st-10-case-sealer-for-side-taping<\/a><\/p>\n<p>&nbsp;<\/p>\n<p>&nbsp;<\/p>","protected":false},"excerpt":{"rendered":"<p>Soco System Konveiers\u00fcsteem Boomerang Laiusega 400 mm Bumerangi s\u00fcsteem sobib ideaalselt &#8220;\u00fchemehe pakkimisjaamaks&#8221;, kus \u00fcks operaator saab kaste t\u00e4ita, pitseerida ja alusele panna praktiliselt samast kohast. Bumerangi pakkimisjaam v\u00f5imaldab teha kolm toimingut v\u00e4ga piiratud alal, ca. 8 m2: Tutvustus: https:\/\/www.socosystem.com\/world\/products\/case-sealing\/case-sealers-for-uniform-case-sizes\/st-10-case-sealer-for-side-taping &nbsp; &nbsp;<\/p>","protected":false},"featured_media":7366,"template":"","meta":{"_regular_price":["3008.39"],"currency_symbol":[],"ub_ctt_via":""},"product_brand":[],"product_cat":[162],"product_tag":[],"class_list":{"0":"post-7365","1":"product","2":"type-product","3":"status-publish","4":"has-post-thumbnail","6":"product_cat-toostusmasinad","8":"first","9":"onbackorder","10":"taxable","11":"shipping-taxable","12":"purchasable","13":"product-type-simple"},"post_slider_layout_featured_media_urls":{"thumbnail":["https:\/\/smartal.ee\/wp-content\/uploads\/2025\/05\/boomerang-packaging-system-for-case-sealers-150x150.jpg",150,150,true],"post_slider_layout_landscape_large":["https:\/\/smartal.ee\/wp-content\/uploads\/2025\/05\/boomerang-packaging-system-for-case-sealers.jpg",430,266,false],"post_slider_layout_portrait_large":["https:\/\/smartal.ee\/wp-content\/uploads\/2025\/05\/boomerang-packaging-system-for-case-sealers.jpg",430,266,false],"post_slider_layout_square_large":["https:\/\/smartal.ee\/wp-content\/uploads\/2025\/05\/boomerang-packaging-system-for-case-sealers.jpg",430,266,false],"post_slider_layout_landscape":["https:\/\/smartal.ee\/wp-content\/uploads\/2025\/05\/boomerang-packaging-system-for-case-sealers.jpg",430,266,false],"post_slider_layout_portrait":["https:\/\/smartal.ee\/wp-content\/uploads\/2025\/05\/boomerang-packaging-system-for-case-sealers.jpg",430,266,false],"post_slider_layout_square":["https:\/\/smartal.ee\/wp-content\/uploads\/2025\/05\/boomerang-packaging-system-for-case-sealers.jpg",430,266,false],"full":["https:\/\/smartal.ee\/wp-content\/uploads\/2025\/05\/boomerang-packaging-system-for-case-sealers.jpg",430,266,false]},"_links":{"self":[{"href":"https:\/\/smartal.ee\/ru\/wp-json\/wp\/v2\/product\/7365","targetHints":{"allow":["GET"]}}],"collection":[{"href":"https:\/\/smartal.ee\/ru\/wp-json\/wp\/v2\/product"}],"about":[{"href":"https:\/\/smartal.ee\/ru\/wp-json\/wp\/v2\/types\/product"}],"wp:featuredmedia":[{"embeddable":true,"href":"https:\/\/smartal.ee\/ru\/wp-json\/wp\/v2\/media\/7366"}],"wp:attachment":[{"href":"https:\/\/smartal.ee\/ru\/wp-json\/wp\/v2\/media?parent=7365"}],"wp:term":[{"taxonomy":"product_brand","embeddable":true,"href":"https:\/\/smartal.ee\/ru\/wp-json\/wp\/v2\/product_brand?post=7365"},{"taxonomy":"product_cat","embeddable":true,"href":"https:\/\/smartal.ee\/ru\/wp-json\/wp\/v2\/product_cat?post=7365"},{"taxonomy":"product_tag","embeddable":true,"href":"https:\/\/smartal.ee\/ru\/wp-json\/wp\/v2\/product_tag?post=7365"}],"curies":[{"name":"wp","href":"https:\/\/api.w.org\/{rel}","templated":true}]}}