{"id":7367,"date":"2025-05-19T09:01:01","date_gmt":"2025-05-19T06:01:01","guid":{"rendered":"https:\/\/smartal.ee\/?post_type=product&#038;p=7367"},"modified":"2025-06-16T14:55:18","modified_gmt":"2025-06-16T11:55:18","slug":"soco-system-muudetava-pikkusega-painduv-ratastee-flexi-laiusega-400-mm","status":"publish","type":"product","link":"https:\/\/smartal.ee\/ru\/shop\/toostustehnika\/toostusmasinad\/soco-system-muudetava-pikkusega-painduv-ratastee-flexi-laiusega-400-mm\/","title":{"rendered":"Soco System Muudetava pikkusega painduv ratastee Flexi laiusega 400 mm"},"content":{"rendered":"<p><strong>Soco System Muudetava pikkusega painduv ratastee Flexi laiusega 400 mm<\/strong><\/p>\n<p>Rattad: \u00d8 48 mm, plastik, terasv\u00f5ll \u00d8 8 mm, raam tsingitud terasest, telgede vahe reguleeritav. Konveieri ratastee laius 500mm, mooduli pikkus 1520-5350 mm, konveieri k\u00f5rgus: 695-995 mm<br \/>\nKoormus: \u00fche telje kohta maks.10 kg, jooksva meetri kohta 75 kg.<br \/>\nToed: 4 tk., fikseeritavate ratastega, kalle: 3-5\u00b0, v\u00e4limises otsas k\u00e4epide.<br \/>\nTopelttihedusega ratastega 400 mm laiune ratastee (8 rulli v\u00f5llil) hinnaga<\/p>\n<p>Tutvustus:<\/p>\n<p><a href=\"https:\/\/www.socosystem.com\/world\/products\/conveying\/non-driven-conveyors\/flexi-conveyors-with-oe-48-wheel-axles\">https:\/\/www.socosystem.com\/world\/products\/case-sealing\/case-sealers-for-uniform-case-sizes\/st-10-case-sealer-for-side-taping<\/a><\/p>\n<p>&nbsp;<\/p>\n<p>&nbsp;<\/p>","protected":false},"excerpt":{"rendered":"<p>Soco System Muudetava pikkusega painduv ratastee Flexi laiusega 400 mm Rattad: \u00d8 48 mm, plastik, terasv\u00f5ll \u00d8 8 mm, raam tsingitud terasest, telgede vahe reguleeritav. Konveieri ratastee laius 500mm, mooduli pikkus 1520-5350 mm, konveieri k\u00f5rgus: 695-995 mm Koormus: \u00fche telje kohta maks.10 kg, jooksva meetri kohta 75 kg. Toed: 4 tk., fikseeritavate ratastega, kalle: 3-5\u00b0, [&hellip;]<\/p>","protected":false},"featured_media":7368,"template":"","meta":{"_regular_price":["2745.19"],"currency_symbol":[],"ub_ctt_via":""},"product_brand":[],"product_cat":[162],"product_tag":[],"class_list":{"0":"post-7367","1":"product","2":"type-product","3":"status-publish","4":"has-post-thumbnail","6":"product_cat-toostusmasinad","8":"first","9":"onbackorder","10":"taxable","11":"shipping-taxable","12":"purchasable","13":"product-type-simple"},"post_slider_layout_featured_media_urls":{"thumbnail":["https:\/\/smartal.ee\/wp-content\/uploads\/2025\/05\/flexi-conveyors-with-o-48-wheel-axles-150x150.jpg",150,150,true],"post_slider_layout_landscape_large":["https:\/\/smartal.ee\/wp-content\/uploads\/2025\/05\/flexi-conveyors-with-o-48-wheel-axles.jpg",430,360,false],"post_slider_layout_portrait_large":["https:\/\/smartal.ee\/wp-content\/uploads\/2025\/05\/flexi-conveyors-with-o-48-wheel-axles.jpg",430,360,false],"post_slider_layout_square_large":["https:\/\/smartal.ee\/wp-content\/uploads\/2025\/05\/flexi-conveyors-with-o-48-wheel-axles.jpg",430,360,false],"post_slider_layout_landscape":["https:\/\/smartal.ee\/wp-content\/uploads\/2025\/05\/flexi-conveyors-with-o-48-wheel-axles.jpg",430,360,false],"post_slider_layout_portrait":["https:\/\/smartal.ee\/wp-content\/uploads\/2025\/05\/flexi-conveyors-with-o-48-wheel-axles.jpg",430,360,false],"post_slider_layout_square":["https:\/\/smartal.ee\/wp-content\/uploads\/2025\/05\/flexi-conveyors-with-o-48-wheel-axles.jpg",430,360,false],"full":["https:\/\/smartal.ee\/wp-content\/uploads\/2025\/05\/flexi-conveyors-with-o-48-wheel-axles.jpg",430,360,false]},"_links":{"self":[{"href":"https:\/\/smartal.ee\/ru\/wp-json\/wp\/v2\/product\/7367","targetHints":{"allow":["GET"]}}],"collection":[{"href":"https:\/\/smartal.ee\/ru\/wp-json\/wp\/v2\/product"}],"about":[{"href":"https:\/\/smartal.ee\/ru\/wp-json\/wp\/v2\/types\/product"}],"wp:featuredmedia":[{"embeddable":true,"href":"https:\/\/smartal.ee\/ru\/wp-json\/wp\/v2\/media\/7368"}],"wp:attachment":[{"href":"https:\/\/smartal.ee\/ru\/wp-json\/wp\/v2\/media?parent=7367"}],"wp:term":[{"taxonomy":"product_brand","embeddable":true,"href":"https:\/\/smartal.ee\/ru\/wp-json\/wp\/v2\/product_brand?post=7367"},{"taxonomy":"product_cat","embeddable":true,"href":"https:\/\/smartal.ee\/ru\/wp-json\/wp\/v2\/product_cat?post=7367"},{"taxonomy":"product_tag","embeddable":true,"href":"https:\/\/smartal.ee\/ru\/wp-json\/wp\/v2\/product_tag?post=7367"}],"curies":[{"name":"wp","href":"https:\/\/api.w.org\/{rel}","templated":true}]}}