{"id":7387,"date":"2025-05-19T23:15:31","date_gmt":"2025-05-19T20:15:31","guid":{"rendered":"https:\/\/smartal.ee\/?post_type=product&#038;p=7387"},"modified":"2026-04-06T13:12:03","modified_gmt":"2026-04-06T10:12:03","slug":"mitsubishi-sagedusmuundur-400vac-15-kw-fr-cs84-295-60","status":"publish","type":"product","link":"https:\/\/smartal.ee\/ru\/shop\/sagedusmuundurid\/mitsubishi-sagedusmuundurid\/mitsubishi-sagedusmuundur-400vac-15-kw-fr-cs84-295-60\/","title":{"rendered":"MITSUBISHI Sagedusmuundur 400VAC, 15kW FR-CS84-295-60"},"content":{"rendered":"<h4>Sagedusmuundur Mitsubishi 400VAC, 15kW, IP20<\/h4>\n<h4>29,5 A, @ 40 \u00b0C max 150% \u00fclekoormust 3 s<br \/>\nM\u00f5\u00f5dud (L x K x S) [mm]: 180 x 260 x 165, kaal: 3,5 kg<\/h4>","protected":false},"excerpt":{"rendered":"<p>Sagedusmuundur Mitsubishi 400VAC, 15kW, IP20 29,5 A, @ 40 \u00b0C max 150% \u00fclekoormust 3 s M\u00f5\u00f5dud (L x K x S) [mm]: 180 x 260 x 165, kaal: 3,5 kg<\/p>","protected":false},"featured_media":7385,"template":"","meta":{"_regular_price":["559.99"],"currency_symbol":[],"ub_ctt_via":""},"product_brand":[],"product_cat":[27],"product_tag":[],"class_list":{"0":"post-7387","1":"product","2":"type-product","3":"status-publish","4":"has-post-thumbnail","6":"product_cat-mitsubishi-sagedusmuundurid","8":"first","9":"instock","10":"sale","11":"taxable","12":"shipping-taxable","13":"purchasable","14":"product-type-simple"},"post_slider_layout_featured_media_urls":{"thumbnail":["https:\/\/smartal.ee\/wp-content\/uploads\/2025\/05\/FR-CS84-230-60-SAGEDUSMUUNDUR__ME_325747__67b487d7480cf-150x150.jpg",150,150,true],"post_slider_layout_landscape_large":["https:\/\/smartal.ee\/wp-content\/uploads\/2025\/05\/FR-CS84-230-60-SAGEDUSMUUNDUR__ME_325747__67b487d7480cf.jpg",298,248,false],"post_slider_layout_portrait_large":["https:\/\/smartal.ee\/wp-content\/uploads\/2025\/05\/FR-CS84-230-60-SAGEDUSMUUNDUR__ME_325747__67b487d7480cf.jpg",298,248,false],"post_slider_layout_square_large":["https:\/\/smartal.ee\/wp-content\/uploads\/2025\/05\/FR-CS84-230-60-SAGEDUSMUUNDUR__ME_325747__67b487d7480cf.jpg",298,248,false],"post_slider_layout_landscape":["https:\/\/smartal.ee\/wp-content\/uploads\/2025\/05\/FR-CS84-230-60-SAGEDUSMUUNDUR__ME_325747__67b487d7480cf.jpg",298,248,false],"post_slider_layout_portrait":["https:\/\/smartal.ee\/wp-content\/uploads\/2025\/05\/FR-CS84-230-60-SAGEDUSMUUNDUR__ME_325747__67b487d7480cf.jpg",298,248,false],"post_slider_layout_square":["https:\/\/smartal.ee\/wp-content\/uploads\/2025\/05\/FR-CS84-230-60-SAGEDUSMUUNDUR__ME_325747__67b487d7480cf.jpg",298,248,false],"full":["https:\/\/smartal.ee\/wp-content\/uploads\/2025\/05\/FR-CS84-230-60-SAGEDUSMUUNDUR__ME_325747__67b487d7480cf.jpg",298,248,false]},"_links":{"self":[{"href":"https:\/\/smartal.ee\/ru\/wp-json\/wp\/v2\/product\/7387","targetHints":{"allow":["GET"]}}],"collection":[{"href":"https:\/\/smartal.ee\/ru\/wp-json\/wp\/v2\/product"}],"about":[{"href":"https:\/\/smartal.ee\/ru\/wp-json\/wp\/v2\/types\/product"}],"wp:featuredmedia":[{"embeddable":true,"href":"https:\/\/smartal.ee\/ru\/wp-json\/wp\/v2\/media\/7385"}],"wp:attachment":[{"href":"https:\/\/smartal.ee\/ru\/wp-json\/wp\/v2\/media?parent=7387"}],"wp:term":[{"taxonomy":"product_brand","embeddable":true,"href":"https:\/\/smartal.ee\/ru\/wp-json\/wp\/v2\/product_brand?post=7387"},{"taxonomy":"product_cat","embeddable":true,"href":"https:\/\/smartal.ee\/ru\/wp-json\/wp\/v2\/product_cat?post=7387"},{"taxonomy":"product_tag","embeddable":true,"href":"https:\/\/smartal.ee\/ru\/wp-json\/wp\/v2\/product_tag?post=7387"}],"curies":[{"name":"wp","href":"https:\/\/api.w.org\/{rel}","templated":true}]}}