{"id":7466,"date":"2025-06-11T13:30:25","date_gmt":"2025-06-11T10:30:25","guid":{"rendered":"https:\/\/smartal.ee\/?post_type=product&#038;p=7466"},"modified":"2026-03-05T22:55:46","modified_gmt":"2026-03-05T19:55:46","slug":"rittal-kilbi-ventilaatori-filter-289-x-289-x-17-mm","status":"publish","type":"product","link":"https:\/\/smartal.ee\/ru\/shop\/elekter\/rittal\/rittal-kilbi-ventilaatori-filter-289-x-289-x-17-mm\/","title":{"rendered":"RITTAL KILBI VENTILAATORI FILTER  289 X 289 X 17 MM (5tk)"},"content":{"rendered":"<h4>RITTAL KILBI VENTILAATORI FILTER 289 X 289 X 17 MM &#8211; 5tk pakkis<\/h4>\n<div class=\"product-attributes__label\" tabindex=\"0\" role=\"tab\" data-role=\"etim-title\" aria-selected=\"false\" aria-expanded=\"true\">Filter (kliima jaotusseadmete kilp)<\/div>\n<div class=\"product-attributes__list\" role=\"tabpanel\" data-role=\"etim-content\" aria-hidden=\"false\">\n<ul class=\"product-attribute\">\n<li class=\"product-attribute__item\"><span class=\"product-attribute__item-wrap\"><span class=\"product-attribute__label\">Materjal<\/span><span class=\"product-attribute__value\">Plast<\/span><\/span><\/li>\n<li class=\"product-attribute__item\"><span class=\"product-attribute__item-wrap\"><span class=\"product-attribute__label\">V\u00e4rvus<\/span><span class=\"product-attribute__value\">Valge<\/span><\/span><\/li>\n<li class=\"product-attribute__item\"><span class=\"product-attribute__item-wrap\"><span class=\"product-attribute__label\">Laius <\/span><span class=\"product-attribute__value\">289 mm<\/span><\/span><\/li>\n<li class=\"product-attribute__item\"><span class=\"product-attribute__item-wrap\"><span class=\"product-attribute__label\">K\u00f5rgus <\/span><span class=\"product-attribute__value\">289 mm<\/span><\/span><\/li>\n<li class=\"product-attribute__item\"><span class=\"product-attribute__item-wrap\"><span class=\"product-attribute__label\">S\u00fcgavus <\/span><span class=\"product-attribute__value\">17 mm<\/span><\/span><\/li>\n<li class=\"product-attribute__item\"><span class=\"product-attribute__item-wrap\"><span class=\"product-attribute__label\">Filtri klass <\/span><span class=\"product-attribute__value\">G3<\/span><\/span><\/li>\n<\/ul>\n<\/div>","protected":false},"excerpt":{"rendered":"<p>RITTAL KILBI VENTILAATORI FILTER 289 X 289 X 17 MM &#8211; 5tk pakkis Filter (kliima jaotusseadmete kilp) MaterjalPlast V\u00e4rvusValge Laius 289 mm K\u00f5rgus 289 mm S\u00fcgavus 17 mm Filtri klass G3<\/p>","protected":false},"featured_media":7464,"template":"","meta":{"_regular_price":["43.69"],"currency_symbol":[],"ub_ctt_via":""},"product_brand":[],"product_cat":[166],"product_tag":[],"class_list":{"0":"post-7466","1":"product","2":"type-product","3":"status-publish","4":"has-post-thumbnail","6":"product_cat-rittal","8":"first","9":"instock","10":"taxable","11":"shipping-taxable","12":"purchasable","13":"product-type-simple"},"post_slider_layout_featured_media_urls":{"thumbnail":["https:\/\/smartal.ee\/wp-content\/uploads\/2025\/06\/pim-1217678-150x150.png",150,150,true],"post_slider_layout_landscape_large":["https:\/\/smartal.ee\/wp-content\/uploads\/2025\/06\/pim-1217678.png",400,300,false],"post_slider_layout_portrait_large":["https:\/\/smartal.ee\/wp-content\/uploads\/2025\/06\/pim-1217678.png",400,300,false],"post_slider_layout_square_large":["https:\/\/smartal.ee\/wp-content\/uploads\/2025\/06\/pim-1217678.png",400,300,false],"post_slider_layout_landscape":["https:\/\/smartal.ee\/wp-content\/uploads\/2025\/06\/pim-1217678.png",400,300,false],"post_slider_layout_portrait":["https:\/\/smartal.ee\/wp-content\/uploads\/2025\/06\/pim-1217678.png",400,300,false],"post_slider_layout_square":["https:\/\/smartal.ee\/wp-content\/uploads\/2025\/06\/pim-1217678.png",400,300,false],"full":["https:\/\/smartal.ee\/wp-content\/uploads\/2025\/06\/pim-1217678.png",400,300,false]},"_links":{"self":[{"href":"https:\/\/smartal.ee\/ru\/wp-json\/wp\/v2\/product\/7466","targetHints":{"allow":["GET"]}}],"collection":[{"href":"https:\/\/smartal.ee\/ru\/wp-json\/wp\/v2\/product"}],"about":[{"href":"https:\/\/smartal.ee\/ru\/wp-json\/wp\/v2\/types\/product"}],"wp:featuredmedia":[{"embeddable":true,"href":"https:\/\/smartal.ee\/ru\/wp-json\/wp\/v2\/media\/7464"}],"wp:attachment":[{"href":"https:\/\/smartal.ee\/ru\/wp-json\/wp\/v2\/media?parent=7466"}],"wp:term":[{"taxonomy":"product_brand","embeddable":true,"href":"https:\/\/smartal.ee\/ru\/wp-json\/wp\/v2\/product_brand?post=7466"},{"taxonomy":"product_cat","embeddable":true,"href":"https:\/\/smartal.ee\/ru\/wp-json\/wp\/v2\/product_cat?post=7466"},{"taxonomy":"product_tag","embeddable":true,"href":"https:\/\/smartal.ee\/ru\/wp-json\/wp\/v2\/product_tag?post=7466"}],"curies":[{"name":"wp","href":"https:\/\/api.w.org\/{rel}","templated":true}]}}