{"id":7491,"date":"2025-07-13T16:21:36","date_gmt":"2025-07-13T13:21:36","guid":{"rendered":"https:\/\/smartal.ee\/?post_type=product&#038;p=7491"},"modified":"2025-07-13T16:25:51","modified_gmt":"2025-07-13T13:25:51","slug":"cejn-320-esafe-kiirliitmik-kuusega-13mm-1-2%e2%80%b3-voolikule","status":"publish","type":"product","link":"https:\/\/smartal.ee\/ru\/shop\/toostustehnika\/cejn\/cejn-320-esafe-kiirliitmik-kuusega-13mm-1-2%e2%80%b3-voolikule\/","title":{"rendered":"CEJN 320 eSafe Kiirliitmik kuusega 13mm (1\/2\u2033) voolikule"},"content":{"rendered":"<h4>CEJN 320 eSafe Kiirliitmik kuusega kuusega 13mm (1\/2\u2033) voolikule<\/h4>\n<p>Kiirliitmiku eSafe 320 h\u00fclss ja korpus on terasest, kaetud kroom-6-vaba galvaanilise tsingiga, millel on parandatud h\u00f5\u00f5rdekindlus ja roostekaitseomadused.. Need eriti ohutud liitmikud on \u00fche k\u00e4ega \u00fchendatavad ja kahe k\u00e4ega lahutatavad. Tagasil\u00f6\u00f6gita liitmikud on avatavad kahes astmes, et esimese astmega vabastada liitmik r\u00f5hust ja sellega minimeerida ohtu, et eemalepaiskuv liitmik v\u00f5iks kedagi vigastada. Liitmiku v\u00e4ike sulgemisj\u00f5ud ja madala m\u00fcratasemega avamine aitavad kaasa parema t\u00f6\u00f6keskkonna loomisele. Tugevate vooluomadustega t\u00e4ismetallist liitmikud sobivad j\u00f5ulistele pneumot\u00f6\u00f6riistadele ja p\u00f5hjustavad v\u00e4ikest r\u00f5hulangust s\u00fcsteemis. R\u00f5hulangusel 0.5 baari on l\u00e4bivool 2250 l\/min. Vastab ISO 4414 ja EN 983 n\u00f5uetele.Temperatuurivahemik: -20\u00b0C \u2013 +80\u00b0C. Max t\u00f6\u00f6r\u00f5hk 12 baari.<\/p>\n<h4>vana\u00a0 kood \u00a0<span class=\"sku\">103202005<\/span><\/h4>\n<h4>uus kood 803202005<\/h4>\n<p>&nbsp;<\/p>","protected":false},"excerpt":{"rendered":"<p>CEJN 320 eSafe Kiirliitmik kuusega kuusega 13mm (1\/2\u2033) voolikule Kiirliitmiku eSafe 320 h\u00fclss ja korpus on terasest, kaetud kroom-6-vaba galvaanilise tsingiga, millel on parandatud h\u00f5\u00f5rdekindlus ja roostekaitseomadused.. Need eriti ohutud liitmikud on \u00fche k\u00e4ega \u00fchendatavad ja kahe k\u00e4ega lahutatavad. Tagasil\u00f6\u00f6gita liitmikud on avatavad kahes astmes, et esimese astmega vabastada liitmik r\u00f5hust ja sellega minimeerida ohtu, [&hellip;]<\/p>","protected":false},"featured_media":5772,"template":"","meta":{"_regular_price":["26.5"],"currency_symbol":[],"ub_ctt_via":""},"product_brand":[],"product_cat":[128],"product_tag":[],"class_list":{"0":"post-7491","1":"product","2":"type-product","3":"status-publish","4":"has-post-thumbnail","6":"product_cat-cejn","8":"first","9":"instock","10":"taxable","11":"shipping-taxable","12":"purchasable","13":"product-type-simple"},"post_slider_layout_featured_media_urls":{"thumbnail":["https:\/\/smartal.ee\/wp-content\/uploads\/2024\/02\/10-320-2002-cejn-e1707212403654-150x88.jpg",150,88,true],"post_slider_layout_landscape_large":["https:\/\/smartal.ee\/wp-content\/uploads\/2024\/02\/10-320-2002-cejn-700x800.jpg",700,800,true],"post_slider_layout_portrait_large":["https:\/\/smartal.ee\/wp-content\/uploads\/2024\/02\/10-320-2002-cejn-700x1800.jpg",700,1800,true],"post_slider_layout_square_large":["https:\/\/smartal.ee\/wp-content\/uploads\/2024\/02\/10-320-2002-cejn-700x1200.jpg",700,1200,true],"post_slider_layout_landscape":["https:\/\/smartal.ee\/wp-content\/uploads\/2024\/02\/10-320-2002-cejn-600x400.jpg",600,400,true],"post_slider_layout_portrait":["https:\/\/smartal.ee\/wp-content\/uploads\/2024\/02\/10-320-2002-cejn-600x900.jpg",600,900,true],"post_slider_layout_square":["https:\/\/smartal.ee\/wp-content\/uploads\/2024\/02\/10-320-2002-cejn-600x600.jpg",600,600,true],"full":["https:\/\/smartal.ee\/wp-content\/uploads\/2024\/02\/10-320-2002-cejn-e1707212403654.jpg",250,88,false]},"_links":{"self":[{"href":"https:\/\/smartal.ee\/ru\/wp-json\/wp\/v2\/product\/7491","targetHints":{"allow":["GET"]}}],"collection":[{"href":"https:\/\/smartal.ee\/ru\/wp-json\/wp\/v2\/product"}],"about":[{"href":"https:\/\/smartal.ee\/ru\/wp-json\/wp\/v2\/types\/product"}],"wp:featuredmedia":[{"embeddable":true,"href":"https:\/\/smartal.ee\/ru\/wp-json\/wp\/v2\/media\/5772"}],"wp:attachment":[{"href":"https:\/\/smartal.ee\/ru\/wp-json\/wp\/v2\/media?parent=7491"}],"wp:term":[{"taxonomy":"product_brand","embeddable":true,"href":"https:\/\/smartal.ee\/ru\/wp-json\/wp\/v2\/product_brand?post=7491"},{"taxonomy":"product_cat","embeddable":true,"href":"https:\/\/smartal.ee\/ru\/wp-json\/wp\/v2\/product_cat?post=7491"},{"taxonomy":"product_tag","embeddable":true,"href":"https:\/\/smartal.ee\/ru\/wp-json\/wp\/v2\/product_tag?post=7491"}],"curies":[{"name":"wp","href":"https:\/\/api.w.org\/{rel}","templated":true}]}}