{"id":7495,"date":"2025-07-13T18:32:27","date_gmt":"2025-07-13T15:32:27","guid":{"rendered":"https:\/\/smartal.ee\/?post_type=product&#038;p=7495"},"modified":"2026-01-19T00:08:16","modified_gmt":"2026-01-18T21:08:16","slug":"cejn-suruohu-voolikukerija-95x135-14m-sademekindel","status":"publish","type":"product","link":"https:\/\/smartal.ee\/ru\/shop\/toostustehnika\/cejn\/cejn-suruohu-voolikukerija-95x135-14m-sademekindel\/","title":{"rendered":"CEJN Suru\u00f5hu voolikukerija 9,5&#215;13,5 14m  s\u00e4demekindel!"},"content":{"rendered":"<h3>CEJN Suru\u00f5hu voolikukerija 9,5&#215;13,5 14m s\u00e4demekindel!<\/h3>\n<table class=\"c-series-data__table\">\n<tbody class=\"two-columns\">\n<tr class=\"c-series-data__table-row\">\n<td class=\"c-series-data__label\">Category<\/td>\n<td class=\"c-series-data__value\">Medium Reel<\/td>\n<\/tr>\n<tr class=\"c-series-data__table-row\">\n<td class=\"c-series-data__label\">Reel type<\/td>\n<td class=\"c-series-data__value\">Closed reel<\/td>\n<\/tr>\n<tr class=\"c-series-data__table-row\">\n<td class=\"c-series-data__label\">Hose length on reel (m)<\/td>\n<td class=\"c-series-data__value\">14 m<\/td>\n<\/tr>\n<tr class=\"c-series-data__table-row\">\n<td class=\"c-series-data__label\">Material hose<\/td>\n<td class=\"c-series-data__value\">PUR<\/td>\n<\/tr>\n<tr class=\"c-series-data__table-row\">\n<td class=\"c-series-data__label\">Reel material<\/td>\n<td class=\"c-series-data__value\">Plastic<\/td>\n<\/tr>\n<tr class=\"c-series-data__table-row\">\n<td class=\"c-series-data__label\">ID x OD (mm)<\/td>\n<td class=\"c-series-data__value\">9.5 x 13.5 mm<\/td>\n<\/tr>\n<tr class=\"c-series-data__table-row\">\n<td class=\"c-series-data__label\">Min. temperature (\u00b0C)<\/td>\n<td class=\"c-series-data__value\">-20\u00b0C (-1\u00b0F)<\/td>\n<\/tr>\n<tr class=\"c-series-data__table-row\">\n<td class=\"c-series-data__label\">Max temperature (\u00b0C)<\/td>\n<td class=\"c-series-data__value\">60\u00b0C (143\u00b0F)<\/td>\n<\/tr>\n<tr class=\"c-series-data__table-row\">\n<td class=\"c-series-data__label\">Connection Inlet<\/td>\n<td class=\"c-series-data__value\">R 3\/8&#8243; Male<\/td>\n<\/tr>\n<tr class=\"c-series-data__table-row\">\n<td class=\"c-series-data__label\">Connection Outlet<\/td>\n<td class=\"c-series-data__value\">R 3\/8&#8243; Male<\/td>\n<\/tr>\n<tr class=\"c-series-data__table-row\">\n<td class=\"c-series-data__label\">Max working pressure (bar)<\/td>\n<td class=\"c-series-data__value\">12 bar<\/td>\n<\/tr>\n<tr class=\"c-series-data__table-row\">\n<td class=\"c-series-data__label\">Hose variants<\/td>\n<td class=\"c-series-data__value\">Anti-spark<\/td>\n<\/tr>\n<tr class=\"c-series-data__table-row\">\n<td class=\"c-series-data__label\">Hose colour<\/td>\n<td class=\"c-series-data__value\">Black<\/td>\n<\/tr>\n<tr class=\"c-series-data__table-row\">\n<td class=\"c-series-data__label\">Media reels<\/td>\n<td class=\"c-series-data__value\">Compressed air<\/td>\n<\/tr>\n<\/tbody>\n<\/table>\n<p>&nbsp;<\/p>\n<div class=\"row\">\n<div class=\"col-md-8\">\n<p class=\"c-series-data__paragraph\">\n<\/div>\n<\/div>","protected":false},"excerpt":{"rendered":"<p>CEJN Suru\u00f5hu voolikukerija 9,5&#215;13,5 14m s\u00e4demekindel! Category Medium Reel Reel type Closed reel Hose length on reel (m) 14 m Material hose PUR Reel material Plastic ID x OD (mm) 9.5 x 13.5 mm Min. temperature (\u00b0C) -20\u00b0C (-1\u00b0F) Max temperature (\u00b0C) 60\u00b0C (143\u00b0F) Connection Inlet R 3\/8&#8243; Male Connection Outlet R 3\/8&#8243; Male Max [&hellip;]<\/p>","protected":false},"featured_media":7496,"template":"","meta":{"_regular_price":["479.99"],"currency_symbol":[],"ub_ctt_via":""},"product_brand":[],"product_cat":[128],"product_tag":[],"class_list":{"0":"post-7495","1":"product","2":"type-product","3":"status-publish","4":"has-post-thumbnail","6":"product_cat-cejn","8":"first","9":"onbackorder","10":"taxable","11":"shipping-taxable","12":"purchasable","13":"product-type-simple"},"post_slider_layout_featured_media_urls":{"thumbnail":["https:\/\/smartal.ee\/wp-content\/uploads\/2025\/07\/safety-reel-closed-air-single-24-anti-spark-cejn-150x150.jpg",150,150,true],"post_slider_layout_landscape_large":["https:\/\/smartal.ee\/wp-content\/uploads\/2025\/07\/safety-reel-closed-air-single-24-anti-spark-cejn.jpg",700,701,false],"post_slider_layout_portrait_large":["https:\/\/smartal.ee\/wp-content\/uploads\/2025\/07\/safety-reel-closed-air-single-24-anti-spark-cejn.jpg",700,701,false],"post_slider_layout_square_large":["https:\/\/smartal.ee\/wp-content\/uploads\/2025\/07\/safety-reel-closed-air-single-24-anti-spark-cejn.jpg",700,701,false],"post_slider_layout_landscape":["https:\/\/smartal.ee\/wp-content\/uploads\/2025\/07\/safety-reel-closed-air-single-24-anti-spark-cejn.jpg",399,400,false],"post_slider_layout_portrait":["https:\/\/smartal.ee\/wp-content\/uploads\/2025\/07\/safety-reel-closed-air-single-24-anti-spark-cejn.jpg",600,601,false],"post_slider_layout_square":["https:\/\/smartal.ee\/wp-content\/uploads\/2025\/07\/safety-reel-closed-air-single-24-anti-spark-cejn.jpg",600,600,false],"full":["https:\/\/smartal.ee\/wp-content\/uploads\/2025\/07\/safety-reel-closed-air-single-24-anti-spark-cejn.jpg",700,701,false]},"_links":{"self":[{"href":"https:\/\/smartal.ee\/ru\/wp-json\/wp\/v2\/product\/7495","targetHints":{"allow":["GET"]}}],"collection":[{"href":"https:\/\/smartal.ee\/ru\/wp-json\/wp\/v2\/product"}],"about":[{"href":"https:\/\/smartal.ee\/ru\/wp-json\/wp\/v2\/types\/product"}],"wp:featuredmedia":[{"embeddable":true,"href":"https:\/\/smartal.ee\/ru\/wp-json\/wp\/v2\/media\/7496"}],"wp:attachment":[{"href":"https:\/\/smartal.ee\/ru\/wp-json\/wp\/v2\/media?parent=7495"}],"wp:term":[{"taxonomy":"product_brand","embeddable":true,"href":"https:\/\/smartal.ee\/ru\/wp-json\/wp\/v2\/product_brand?post=7495"},{"taxonomy":"product_cat","embeddable":true,"href":"https:\/\/smartal.ee\/ru\/wp-json\/wp\/v2\/product_cat?post=7495"},{"taxonomy":"product_tag","embeddable":true,"href":"https:\/\/smartal.ee\/ru\/wp-json\/wp\/v2\/product_tag?post=7495"}],"curies":[{"name":"wp","href":"https:\/\/api.w.org\/{rel}","templated":true}]}}