{"id":7623,"date":"2025-08-05T21:38:08","date_gmt":"2025-08-05T18:38:08","guid":{"rendered":"https:\/\/smartal.ee\/?post_type=product&#038;p=7623"},"modified":"2025-08-05T22:18:43","modified_gmt":"2025-08-05T19:18:43","slug":"nch-sila-k-super-400ml","status":"publish","type":"product","link":"https:\/\/smartal.ee\/ru\/shop\/tookoja-ja-toostuskeemia\/nch-sila-k-super-400ml\/","title":{"rendered":"NCH Sila K Super 400ml"},"content":{"rendered":"<h1 class=\"page-title\">NCH Sila K Super 400ml<\/h1>\n<p>Aerosool, mis puhastab, m\u00e4\u00e4rib ja j\u00e4tab kaitsva kihi<\/p>\n<p>V\u00e4hendab pindade h\u00f5\u00f5rdumist<br \/>\n\uf0a7 Kuumuskindel<br \/>\n\uf0a7 V\u00e4rvitu, l\u00f5hnatu<br \/>\n\uf0a7 Ei sisalda klorofluoros\u00fcsinikke<br \/>\n\uf0a7 Mugav aerosool<br \/>\n\uf0a7 NSF H1 heaks kiidetud kasutamiseks<br \/>\ntoidut\u00f6\u00f6tlusaladel ja nendega<br \/>\nkokkupuutuvatel aladel<\/p>\n<p>xtreme pressures<br \/>\n\uf07d Remains in place at<br \/>\nhigh temperatures<br \/>\n\uf07d Resistant to oxidation,<br \/>\nrust and corrosion<br \/>\n\uf07d Excellent water resistance<br \/>\n(ASTM D1264 water washout: 0,5%)<\/p>\n<p>Probleemid kleepuva hallitusega SILA K SUPER on suurep\u00e4rane<br \/>\nhallituseemaldi<br \/>\nRaskused pindade m\u00e4\u00e4rimisel<br \/>\nkuumas v\u00f5i k\u00fclmas keskkonnas<br \/>\nSILA K SUPER on kuumuskindel,<br \/>\ns\u00e4ilitades oma efektiivsuse vahemikus &#8211;<br \/>\n40\u00baC kuni +260\u00baC<br \/>\nTugeval\u00f5hnalised, plekke tekitavad<br \/>\nm\u00e4\u00e4rdeained<br \/>\nSILA K SUPER on l\u00f5hnatu ja v\u00e4rvitu, mis<br \/>\nmuudab selle kasutamise sobivaks plekija l\u00f5hnatundlikus keskkonnas<br \/>\nKeskkonnaga seotud probleemid<br \/>\nCFC-ga m\u00e4\u00e4rdeainetega<br \/>\nSILA K SUPER ei sisalda<br \/>\nklorofluoros\u00fcsinikke (CFC)<\/p>\n<p>&nbsp;<\/p>\n<p><strong>Minimaalne tellimuse kogus 12tk!\u00a0<\/strong><\/p>\n<h4><\/h4>","protected":false},"excerpt":{"rendered":"<p>NCH Sila K Super 400ml Aerosool, mis puhastab, m\u00e4\u00e4rib ja j\u00e4tab kaitsva kihi V\u00e4hendab pindade h\u00f5\u00f5rdumist \uf0a7 Kuumuskindel \uf0a7 V\u00e4rvitu, l\u00f5hnatu \uf0a7 Ei sisalda klorofluoros\u00fcsinikke \uf0a7 Mugav aerosool \uf0a7 NSF H1 heaks kiidetud kasutamiseks toidut\u00f6\u00f6tlusaladel ja nendega kokkupuutuvatel aladel xtreme pressures \uf07d Remains in place at high temperatures \uf07d Resistant to oxidation, rust and corrosion [&hellip;]<\/p>","protected":false},"featured_media":7624,"template":"","meta":{"_regular_price":["256.45"],"currency_symbol":[],"ub_ctt_via":""},"product_brand":[],"product_cat":[132],"product_tag":[],"class_list":{"0":"post-7623","1":"product","2":"type-product","3":"status-publish","4":"has-post-thumbnail","6":"product_cat-tookoja-ja-toostuskeemia","8":"first","9":"onbackorder","10":"taxable","11":"shipping-taxable","12":"purchasable","13":"product-type-simple"},"post_slider_layout_featured_media_urls":{"thumbnail":["https:\/\/smartal.ee\/wp-content\/uploads\/2025\/08\/NCH-Sila-K-Super-150x150.jpg",150,150,true],"post_slider_layout_landscape_large":["https:\/\/smartal.ee\/wp-content\/uploads\/2025\/08\/NCH-Sila-K-Super.jpg",600,600,false],"post_slider_layout_portrait_large":["https:\/\/smartal.ee\/wp-content\/uploads\/2025\/08\/NCH-Sila-K-Super.jpg",600,600,false],"post_slider_layout_square_large":["https:\/\/smartal.ee\/wp-content\/uploads\/2025\/08\/NCH-Sila-K-Super.jpg",600,600,false],"post_slider_layout_landscape":["https:\/\/smartal.ee\/wp-content\/uploads\/2025\/08\/NCH-Sila-K-Super.jpg",400,400,false],"post_slider_layout_portrait":["https:\/\/smartal.ee\/wp-content\/uploads\/2025\/08\/NCH-Sila-K-Super.jpg",600,600,false],"post_slider_layout_square":["https:\/\/smartal.ee\/wp-content\/uploads\/2025\/08\/NCH-Sila-K-Super.jpg",600,600,false],"full":["https:\/\/smartal.ee\/wp-content\/uploads\/2025\/08\/NCH-Sila-K-Super.jpg",600,600,false]},"_links":{"self":[{"href":"https:\/\/smartal.ee\/ru\/wp-json\/wp\/v2\/product\/7623","targetHints":{"allow":["GET"]}}],"collection":[{"href":"https:\/\/smartal.ee\/ru\/wp-json\/wp\/v2\/product"}],"about":[{"href":"https:\/\/smartal.ee\/ru\/wp-json\/wp\/v2\/types\/product"}],"wp:featuredmedia":[{"embeddable":true,"href":"https:\/\/smartal.ee\/ru\/wp-json\/wp\/v2\/media\/7624"}],"wp:attachment":[{"href":"https:\/\/smartal.ee\/ru\/wp-json\/wp\/v2\/media?parent=7623"}],"wp:term":[{"taxonomy":"product_brand","embeddable":true,"href":"https:\/\/smartal.ee\/ru\/wp-json\/wp\/v2\/product_brand?post=7623"},{"taxonomy":"product_cat","embeddable":true,"href":"https:\/\/smartal.ee\/ru\/wp-json\/wp\/v2\/product_cat?post=7623"},{"taxonomy":"product_tag","embeddable":true,"href":"https:\/\/smartal.ee\/ru\/wp-json\/wp\/v2\/product_tag?post=7623"}],"curies":[{"name":"wp","href":"https:\/\/api.w.org\/{rel}","templated":true}]}}