{"id":7625,"date":"2025-08-05T21:51:22","date_gmt":"2025-08-05T18:51:22","guid":{"rendered":"https:\/\/smartal.ee\/?post_type=product&#038;p=7625"},"modified":"2025-08-05T22:18:07","modified_gmt":"2025-08-05T19:18:07","slug":"nch-nat-sil-extra-400ml","status":"publish","type":"product","link":"https:\/\/smartal.ee\/ru\/shop\/tookoja-ja-toostuskeemia\/nch-nat-sil-extra-400ml\/","title":{"rendered":"NCH Nat sil Extra 400ml"},"content":{"rendered":"<h1 class=\"page-title\">NCH Nat sil Extra 400ml<\/h1>\n<p>V\u00e4hendab h\u00f5\u00f5rdumist ja nakkumist suures temperatuurivahemikus<\/p>\n<p><span id=\"p369R_mc61\" class=\"markedContent\"><span dir=\"ltr\" role=\"presentation\">Kulumine:<\/span><\/span><span id=\"p369R_mc62\" class=\"markedContent\"><\/span><span id=\"p369R_mc67\" class=\"markedContent\"> <span dir=\"ltr\" role=\"presentation\">NAT SIL EXTRA<\/span><\/span><span id=\"p369R_mc68\" class=\"markedContent\"> <span dir=\"ltr\" role=\"presentation\">v\u00e4hendab osadevahelist<\/span><br role=\"presentation\" \/><span dir=\"ltr\" role=\"presentation\">h\u00f5\u00f5rdumist, piirates kulumist<\/span><\/span><span id=\"p369R_mc69\" class=\"markedContent\"><\/span><span id=\"p369R_mc74\" class=\"markedContent\"><br role=\"presentation\" \/><span dir=\"ltr\" role=\"presentation\">Katmata metallpinnad:<\/span><\/span><span id=\"p369R_mc75\" class=\"markedContent\"><\/span><span id=\"p369R_mc80\" class=\"markedContent\"> <span dir=\"ltr\" role=\"presentation\">NAT SIL EXTRA<\/span><\/span><span id=\"p369R_mc81\" class=\"markedContent\"> <span dir=\"ltr\" role=\"presentation\">tekitab pindadele<\/span><br role=\"presentation\" \/><span dir=\"ltr\" role=\"presentation\">mittekleepuva kaitsekihi, mis hoiab \u00e4ra<\/span><br role=\"presentation\" \/><span dir=\"ltr\" role=\"presentation\">vee- ja mustuskahjustuste tekke<\/span><\/span><span id=\"p369R_mc82\" class=\"markedContent\"><\/span><span id=\"p369R_mc87\" class=\"markedContent\"><br role=\"presentation\" \/><span dir=\"ltr\" role=\"presentation\">Temperatu<\/span><\/span><span id=\"p369R_mc88\" class=\"markedContent\"><span dir=\"ltr\" role=\"presentation\">uri k\u00f5ikumine:<\/span><\/span><span id=\"p369R_mc89\" class=\"markedContent\"><\/span><span id=\"p369R_mc93\" class=\"markedContent\"> <span dir=\"ltr\" role=\"presentation\">NAT SIL EXTRA<\/span><\/span><span id=\"p369R_mc94\" class=\"markedContent\"> <span dir=\"ltr\" role=\"presentation\">on kasutatav<\/span><br role=\"presentation\" \/><span dir=\"ltr\" role=\"presentation\">temperatuurivahemikus<\/span><\/span><span id=\"p369R_mc96\" class=\"markedContent\"> <span dir=\"ltr\" role=\"presentation\">-40\u00baC<\/span><\/span><span id=\"p369R_mc98\" class=\"markedContent\"> <span dir=\"ltr\" role=\"presentation\">kuni<\/span><\/span><span id=\"p369R_mc100\" class=\"markedContent\"> <span dir=\"ltr\" role=\"presentation\">260\u00baC<\/span><\/span><span id=\"p369R_mc102\" class=\"markedContent\"><span dir=\"ltr\" role=\"presentation\">,<\/span><br role=\"presentation\" \/><span dir=\"ltr\" role=\"presentation\">kattes k\u00f5ik kasutusvajadused ja olles<\/span><br role=\"presentation\" \/><span dir=\"ltr\" role=\"presentation\">kuumuskindel<\/span><\/span><span id=\"p369R_mc104\" class=\"markedContent\"><\/span><span id=\"p369R_mc105\" class=\"markedContent\"><\/span><span id=\"p369R_mc110\" class=\"markedContent\"><br role=\"presentation\" \/><span dir=\"ltr\" role=\"presentation\">K<\/span><\/span><span id=\"p369R_mc111\" class=\"markedContent\"><span dir=\"ltr\" role=\"presentation\">orrosi<\/span><\/span><span id=\"p369R_mc112\" class=\"markedContent\"><span dir=\"ltr\" role=\"presentation\">o<\/span><\/span><span id=\"p369R_mc113\" class=\"markedContent\"><span dir=\"ltr\" role=\"presentation\">on<\/span><\/span><span id=\"p369R_mc114\" class=\"markedContent\"> <span dir=\"ltr\" role=\"presentation\">ja plekid:<\/span><\/span><span id=\"p369R_mc115\" class=\"markedContent\"><\/span><span id=\"p369R_mc120\" class=\"markedContent\"> <span dir=\"ltr\" role=\"presentation\">NAT SIL EXTRA<\/span><\/span><span id=\"p369R_mc121\" class=\"markedContent\"> <span dir=\"ltr\" role=\"presentation\">ei tekita korrosiooni ega<\/span><br role=\"presentation\" \/><span dir=\"ltr\" role=\"presentation\">plekke ning on v\u00e4rvitu, seega ei kahjusta<\/span><br role=\"presentation\" \/><span dir=\"ltr\" role=\"presentation\">rohke kasutamine seadmeid ega nende<\/span><br role=\"presentation\" \/><span dir=\"ltr\" role=\"presentation\">v\u00e4limust<\/span><\/span><span id=\"p369R_mc122\" class=\"markedContent\"><\/span><span id=\"p369R_mc125\" class=\"markedContent\"><br role=\"presentation\" \/><\/span><span id=\"p369R_mc138\" class=\"markedContent\"><\/span><\/p>\n<p><strong>Minimaalne tellimuse kogus 12tk!\u00a0<\/strong><\/p>\n<h4><\/h4>","protected":false},"excerpt":{"rendered":"<p>NCH Nat sil Extra 400ml V\u00e4hendab h\u00f5\u00f5rdumist ja nakkumist suures temperatuurivahemikus Kulumine: NAT SIL EXTRA v\u00e4hendab osadevahelisth\u00f5\u00f5rdumist, piirates kulumistKatmata metallpinnad: NAT SIL EXTRA tekitab pindadelemittekleepuva kaitsekihi, mis hoiab \u00e4ravee- ja mustuskahjustuste tekkeTemperatuuri k\u00f5ikumine: NAT SIL EXTRA on kasutatavtemperatuurivahemikus -40\u00baC kuni 260\u00baC,kattes k\u00f5ik kasutusvajadused ja olleskuumuskindelKorrosioon ja plekid: NAT SIL EXTRA ei tekita korrosiooni egaplekke ning [&hellip;]<\/p>","protected":false},"featured_media":7627,"template":"","meta":{"_regular_price":["241.45"],"currency_symbol":[],"ub_ctt_via":""},"product_brand":[],"product_cat":[132],"product_tag":[],"class_list":{"0":"post-7625","1":"product","2":"type-product","3":"status-publish","4":"has-post-thumbnail","6":"product_cat-tookoja-ja-toostuskeemia","8":"first","9":"onbackorder","10":"taxable","11":"shipping-taxable","12":"purchasable","13":"product-type-simple"},"post_slider_layout_featured_media_urls":{"thumbnail":["https:\/\/smartal.ee\/wp-content\/uploads\/2025\/08\/sila-k-super-aerosol-150x150.png",150,150,true],"post_slider_layout_landscape_large":["https:\/\/smartal.ee\/wp-content\/uploads\/2025\/08\/sila-k-super-aerosol.png",800,800,false],"post_slider_layout_portrait_large":["https:\/\/smartal.ee\/wp-content\/uploads\/2025\/08\/sila-k-super-aerosol.png",800,800,false],"post_slider_layout_square_large":["https:\/\/smartal.ee\/wp-content\/uploads\/2025\/08\/sila-k-super-aerosol.png",800,800,false],"post_slider_layout_landscape":["https:\/\/smartal.ee\/wp-content\/uploads\/2025\/08\/sila-k-super-aerosol.png",400,400,false],"post_slider_layout_portrait":["https:\/\/smartal.ee\/wp-content\/uploads\/2025\/08\/sila-k-super-aerosol.png",600,600,false],"post_slider_layout_square":["https:\/\/smartal.ee\/wp-content\/uploads\/2025\/08\/sila-k-super-aerosol.png",600,600,false],"full":["https:\/\/smartal.ee\/wp-content\/uploads\/2025\/08\/sila-k-super-aerosol.png",800,800,false]},"_links":{"self":[{"href":"https:\/\/smartal.ee\/ru\/wp-json\/wp\/v2\/product\/7625","targetHints":{"allow":["GET"]}}],"collection":[{"href":"https:\/\/smartal.ee\/ru\/wp-json\/wp\/v2\/product"}],"about":[{"href":"https:\/\/smartal.ee\/ru\/wp-json\/wp\/v2\/types\/product"}],"wp:featuredmedia":[{"embeddable":true,"href":"https:\/\/smartal.ee\/ru\/wp-json\/wp\/v2\/media\/7627"}],"wp:attachment":[{"href":"https:\/\/smartal.ee\/ru\/wp-json\/wp\/v2\/media?parent=7625"}],"wp:term":[{"taxonomy":"product_brand","embeddable":true,"href":"https:\/\/smartal.ee\/ru\/wp-json\/wp\/v2\/product_brand?post=7625"},{"taxonomy":"product_cat","embeddable":true,"href":"https:\/\/smartal.ee\/ru\/wp-json\/wp\/v2\/product_cat?post=7625"},{"taxonomy":"product_tag","embeddable":true,"href":"https:\/\/smartal.ee\/ru\/wp-json\/wp\/v2\/product_tag?post=7625"}],"curies":[{"name":"wp","href":"https:\/\/api.w.org\/{rel}","templated":true}]}}