{"id":7628,"date":"2025-08-05T22:01:49","date_gmt":"2025-08-05T19:01:49","guid":{"rendered":"https:\/\/smartal.ee\/?post_type=product&#038;p=7628"},"modified":"2025-08-05T22:17:34","modified_gmt":"2025-08-05T19:17:34","slug":"nch-lubra-k-ls-400ml","status":"publish","type":"product","link":"https:\/\/smartal.ee\/ru\/shop\/tookoja-ja-toostuskeemia\/nch-lubra-k-ls-400ml\/","title":{"rendered":"NCH K Release FG 400ml"},"content":{"rendered":"<h1 class=\"page-title\">NCH K Release FG\u00a0400ml<\/h1>\n<p>Tugevatoimeline toiduaineklassi kuuluv aerosool-vormim\u00e4\u00e4re<\/p>\n<p><span dir=\"ltr\" role=\"presentation\"><span id=\"p367R_mc168\" class=\"markedContent\"><br role=\"presentation\" \/><\/span><\/span><br \/>\nPoldid ja muud kinnitusvahendid, mis on rooste ja mustuse t\u00f5ttu kinni kiilunud<br \/>\nK RELEASE FG imbub pooridesse ja pragudesse, pehmendab korrosiooni ning vabastab kinnitusevahendid, nii et neid on lihtne eemaldada<\/p>\n<p>Toiduainet\u00f6\u00f6stuse m\u00e4\u00e4rused ja normid<br \/>\nK RELEASE FG vastab NSF H1 klassi n\u00f5uetele (toiduainetega juhuslikult kokkupuutuvad m\u00e4\u00e4rdeained). Sobib iseaalselt kasutamiseks toiduainet\u00f6\u00f6stuses<\/p>\n<p>Raskesti ligip\u00e4\u00e4setavad kinnitusvahendid<br \/>\nK RELEASE FG-l on uus pihustusots, mida saab kasutada igas asendis iga nurga all<\/p>\n<p>Aegan\u00f5udvad ja t\u00f6\u00f6j\u00f5ukulukad lahtimonteerimisalased projektid<br \/>\nK RELEASE FG tagab kiired tulemused, toimib kohe, eemaldades m\u00e4\u00e4rde, mustuse, rooste, korrosiooni, sette ja tahma, mille j\u00e4rel saab mutrid, poldid ja kinnitusvahendid kiiresti vabastada<\/p>\n<p><span id=\"p369R_mc121\" class=\"markedContent\"><\/span><span id=\"p369R_mc122\" class=\"markedContent\"><\/span><span id=\"p369R_mc125\" class=\"markedContent\"><br role=\"presentation\" \/><\/span><span id=\"p369R_mc138\" class=\"markedContent\"><\/span><\/p>\n<p><strong>Minimaalne tellimuse kogus 12tk!\u00a0<\/strong><\/p>\n<h4><\/h4>","protected":false},"excerpt":{"rendered":"<p>NCH K Release FG\u00a0400ml Tugevatoimeline toiduaineklassi kuuluv aerosool-vormim\u00e4\u00e4re Poldid ja muud kinnitusvahendid, mis on rooste ja mustuse t\u00f5ttu kinni kiilunud K RELEASE FG imbub pooridesse ja pragudesse, pehmendab korrosiooni ning vabastab kinnitusevahendid, nii et neid on lihtne eemaldada Toiduainet\u00f6\u00f6stuse m\u00e4\u00e4rused ja normid K RELEASE FG vastab NSF H1 klassi n\u00f5uetele (toiduainetega juhuslikult kokkupuutuvad m\u00e4\u00e4rdeained). Sobib [&hellip;]<\/p>","protected":false},"featured_media":7631,"template":"","meta":{"_regular_price":["319.99"],"currency_symbol":[],"ub_ctt_via":""},"product_brand":[],"product_cat":[132],"product_tag":[],"class_list":{"0":"post-7628","1":"product","2":"type-product","3":"status-publish","4":"has-post-thumbnail","6":"product_cat-tookoja-ja-toostuskeemia","8":"first","9":"onbackorder","10":"taxable","11":"shipping-taxable","12":"purchasable","13":"product-type-simple"},"post_slider_layout_featured_media_urls":{"thumbnail":["https:\/\/smartal.ee\/wp-content\/uploads\/2025\/08\/NCH-K-Release-FG-150x150.jpg",150,150,true],"post_slider_layout_landscape_large":["https:\/\/smartal.ee\/wp-content\/uploads\/2025\/08\/NCH-K-Release-FG.jpg",450,450,false],"post_slider_layout_portrait_large":["https:\/\/smartal.ee\/wp-content\/uploads\/2025\/08\/NCH-K-Release-FG.jpg",450,450,false],"post_slider_layout_square_large":["https:\/\/smartal.ee\/wp-content\/uploads\/2025\/08\/NCH-K-Release-FG.jpg",450,450,false],"post_slider_layout_landscape":["https:\/\/smartal.ee\/wp-content\/uploads\/2025\/08\/NCH-K-Release-FG.jpg",400,400,false],"post_slider_layout_portrait":["https:\/\/smartal.ee\/wp-content\/uploads\/2025\/08\/NCH-K-Release-FG.jpg",450,450,false],"post_slider_layout_square":["https:\/\/smartal.ee\/wp-content\/uploads\/2025\/08\/NCH-K-Release-FG.jpg",450,450,false],"full":["https:\/\/smartal.ee\/wp-content\/uploads\/2025\/08\/NCH-K-Release-FG.jpg",450,450,false]},"_links":{"self":[{"href":"https:\/\/smartal.ee\/ru\/wp-json\/wp\/v2\/product\/7628","targetHints":{"allow":["GET"]}}],"collection":[{"href":"https:\/\/smartal.ee\/ru\/wp-json\/wp\/v2\/product"}],"about":[{"href":"https:\/\/smartal.ee\/ru\/wp-json\/wp\/v2\/types\/product"}],"wp:featuredmedia":[{"embeddable":true,"href":"https:\/\/smartal.ee\/ru\/wp-json\/wp\/v2\/media\/7631"}],"wp:attachment":[{"href":"https:\/\/smartal.ee\/ru\/wp-json\/wp\/v2\/media?parent=7628"}],"wp:term":[{"taxonomy":"product_brand","embeddable":true,"href":"https:\/\/smartal.ee\/ru\/wp-json\/wp\/v2\/product_brand?post=7628"},{"taxonomy":"product_cat","embeddable":true,"href":"https:\/\/smartal.ee\/ru\/wp-json\/wp\/v2\/product_cat?post=7628"},{"taxonomy":"product_tag","embeddable":true,"href":"https:\/\/smartal.ee\/ru\/wp-json\/wp\/v2\/product_tag?post=7628"}],"curies":[{"name":"wp","href":"https:\/\/api.w.org\/{rel}","templated":true}]}}