{"id":7632,"date":"2025-08-05T22:22:09","date_gmt":"2025-08-05T19:22:09","guid":{"rendered":"https:\/\/smartal.ee\/?post_type=product&#038;p=7632"},"modified":"2025-10-20T12:58:59","modified_gmt":"2025-10-20T09:58:59","slug":"nch-spill-roll-hc","status":"publish","type":"product","link":"https:\/\/smartal.ee\/ru\/shop\/tookoja-ja-toostuskeemia\/nch-spill-roll-hc\/","title":{"rendered":"IMAMISMATT HC KOLLANE Spill Roll HC"},"content":{"rendered":"<h1 class=\"page-title\">\u00a0IMAMISMATT HC KOLLANE<\/h1>\n<h1 class=\"page-title\">Spill Roll HC<\/h1>\n<p>Spill Mat Imamismatid igat<br \/>\nt\u00fc\u00fcpi vedelike leketele<\/p>\n<p>Kollane<\/p>\n<p>M\u00f5\u00f5dud 44m x 50cm<\/p>\n<p>99% Pol\u00fcprop\u00fcleen<\/p>\n<p>6,6kg<\/p>\n<p>imemisv\u00f5ime EDANA<br \/>\nStandard ERT 10.4-02<\/p>\n<p>22m2 v\u00f5i\u00a0 kuni 91L<\/p>\n<p>&nbsp;<\/p>\n<p>KASUTUSVALDKONNAD:<br \/>\nT\u00f6\u00f6kojad<br \/>\nGaraazid<br \/>\nLennujaamad, trammidepood<br \/>\nBensiinijaamad<br \/>\nKonstruktsioonit\u00f6\u00f6d<br \/>\nHaiglad, hooldekodud<br \/>\nParklad<br \/>\nK\u00fctuste transport<br \/>\nMetallit\u00f6\u00f6kojad<br \/>\nTranspordifirmad<br \/>\nPr\u00fcgik\u00e4itlusfirmad<br \/>\nSupermarketid<\/p>\n<p>&nbsp;<\/p>\n<p>&nbsp;<\/p>\n<p><span id=\"p369R_mc121\" class=\"markedContent\"><\/span><span id=\"p369R_mc122\" class=\"markedContent\"><\/span><span id=\"p369R_mc125\" class=\"markedContent\"><br role=\"presentation\" \/><\/span><span id=\"p369R_mc138\" class=\"markedContent\"><\/span><\/p>\n<p>&nbsp;<\/p>\n<h4><\/h4>","protected":false},"excerpt":{"rendered":"<p>\u00a0IMAMISMATT HC KOLLANE Spill Roll HC Spill Mat Imamismatid igat t\u00fc\u00fcpi vedelike leketele Kollane M\u00f5\u00f5dud 44m x 50cm 99% Pol\u00fcprop\u00fcleen 6,6kg imemisv\u00f5ime EDANA Standard ERT 10.4-02 22m2 v\u00f5i\u00a0 kuni 91L &nbsp; KASUTUSVALDKONNAD: T\u00f6\u00f6kojad Garaazid Lennujaamad, trammidepood Bensiinijaamad Konstruktsioonit\u00f6\u00f6d Haiglad, hooldekodud Parklad K\u00fctuste transport Metallit\u00f6\u00f6kojad Transpordifirmad Pr\u00fcgik\u00e4itlusfirmad Supermarketid &nbsp; &nbsp; &nbsp;<\/p>","protected":false},"featured_media":7633,"template":"","meta":{"_regular_price":["327.99"],"currency_symbol":[],"ub_ctt_via":""},"product_brand":[],"product_cat":[132],"product_tag":[],"class_list":{"0":"post-7632","1":"product","2":"type-product","3":"status-publish","4":"has-post-thumbnail","6":"product_cat-tookoja-ja-toostuskeemia","8":"first","9":"onbackorder","10":"taxable","11":"shipping-taxable","12":"purchasable","13":"product-type-simple"},"post_slider_layout_featured_media_urls":{"thumbnail":["https:\/\/smartal.ee\/wp-content\/uploads\/2025\/08\/roadware_CRV-38_45L_yellow_chemical_roll__39871-150x150.jpg",150,150,true],"post_slider_layout_landscape_large":["https:\/\/smartal.ee\/wp-content\/uploads\/2025\/08\/roadware_CRV-38_45L_yellow_chemical_roll__39871.jpg",500,500,false],"post_slider_layout_portrait_large":["https:\/\/smartal.ee\/wp-content\/uploads\/2025\/08\/roadware_CRV-38_45L_yellow_chemical_roll__39871.jpg",500,500,false],"post_slider_layout_square_large":["https:\/\/smartal.ee\/wp-content\/uploads\/2025\/08\/roadware_CRV-38_45L_yellow_chemical_roll__39871.jpg",500,500,false],"post_slider_layout_landscape":["https:\/\/smartal.ee\/wp-content\/uploads\/2025\/08\/roadware_CRV-38_45L_yellow_chemical_roll__39871.jpg",400,400,false],"post_slider_layout_portrait":["https:\/\/smartal.ee\/wp-content\/uploads\/2025\/08\/roadware_CRV-38_45L_yellow_chemical_roll__39871.jpg",500,500,false],"post_slider_layout_square":["https:\/\/smartal.ee\/wp-content\/uploads\/2025\/08\/roadware_CRV-38_45L_yellow_chemical_roll__39871.jpg",500,500,false],"full":["https:\/\/smartal.ee\/wp-content\/uploads\/2025\/08\/roadware_CRV-38_45L_yellow_chemical_roll__39871.jpg",500,500,false]},"_links":{"self":[{"href":"https:\/\/smartal.ee\/ru\/wp-json\/wp\/v2\/product\/7632","targetHints":{"allow":["GET"]}}],"collection":[{"href":"https:\/\/smartal.ee\/ru\/wp-json\/wp\/v2\/product"}],"about":[{"href":"https:\/\/smartal.ee\/ru\/wp-json\/wp\/v2\/types\/product"}],"wp:featuredmedia":[{"embeddable":true,"href":"https:\/\/smartal.ee\/ru\/wp-json\/wp\/v2\/media\/7633"}],"wp:attachment":[{"href":"https:\/\/smartal.ee\/ru\/wp-json\/wp\/v2\/media?parent=7632"}],"wp:term":[{"taxonomy":"product_brand","embeddable":true,"href":"https:\/\/smartal.ee\/ru\/wp-json\/wp\/v2\/product_brand?post=7632"},{"taxonomy":"product_cat","embeddable":true,"href":"https:\/\/smartal.ee\/ru\/wp-json\/wp\/v2\/product_cat?post=7632"},{"taxonomy":"product_tag","embeddable":true,"href":"https:\/\/smartal.ee\/ru\/wp-json\/wp\/v2\/product_tag?post=7632"}],"curies":[{"name":"wp","href":"https:\/\/api.w.org\/{rel}","templated":true}]}}